{"id":5331,"date":"2020-09-08T13:36:09","date_gmt":"2020-09-08T13:36:09","guid":{"rendered":"http:\/\/nfye.w.uib.no\/?page_id=5331"},"modified":"2020-09-08T13:36:09","modified_gmt":"2020-09-08T13:36:09","slug":"lenker-fra-deltagerne","status":"publish","type":"page","link":"https:\/\/site.nord.no\/studenterssuksess\/lenker-fra-deltagerne\/","title":{"rendered":"Lenker fra deltagerne"},"content":{"rendered":"<p><a href=\"https:\/\/site.nord.no\/studenterssuksess\/2020\/09\/08\/det-finnes-3-universiteter\/\">Det finnes 3 universiteter\u00a0<\/a> Sendt inn av Professor i pedagogisk sosiologi NTNU, <a href=\"https:\/\/www.ntnu.no\/ansatte\/bent.olsen\">Bent Olsen<\/a><br \/>\n&nbsp;<br \/>\n<em>Har du artikler p\u00e5 nett, som du mener vi b\u00f8r dele her p\u00e5 nettsidene? \u00a0Send oss lenken sammen med din forklaring p\u00e5 hvorfor denne b\u00f8r deles p\u00e5 nettverkets sider. Husk at nettverkets m\u00e5l er \u00e5 dele innsikt i det \u00e5 tilrettelegge for at studentene lykkes. Det er ikke et sted for \u00e5 debattere andre typer av utfordringer i sektoren. Det overlater vi til Khrono og andre medier.<\/em><\/p>\n","protected":false},"excerpt":{"rendered":"<p>Det finnes 3 universiteter\u00a0 Sendt inn av Professor i pedagogisk sosiologi NTNU, Bent Olsen &nbsp; Har du artikler p\u00e5 nett, som du mener vi b\u00f8r dele her p\u00e5 nettsidene? \u00a0Send [&hellip;]<\/p>\n","protected":false},"author":82,"featured_media":0,"parent":0,"menu_order":0,"comment_status":"closed","ping_status":"closed","template":"","meta":{"footnotes":""},"coauthors":[],"class_list":["post-5331","page","type-page","status-publish","hentry"],"_links":{"self":[{"href":"https:\/\/site.nord.no\/studenterssuksess\/wp-json\/wp\/v2\/pages\/5331","targetHints":{"allow":["GET"]}}],"collection":[{"href":"https:\/\/site.nord.no\/studenterssuksess\/wp-json\/wp\/v2\/pages"}],"about":[{"href":"https:\/\/site.nord.no\/studenterssuksess\/wp-json\/wp\/v2\/types\/page"}],"author":[{"embeddable":true,"href":"https:\/\/site.nord.no\/studenterssuksess\/wp-json\/wp\/v2\/users\/82"}],"replies":[{"embeddable":true,"href":"https:\/\/site.nord.no\/studenterssuksess\/wp-json\/wp\/v2\/comments?post=5331"}],"version-history":[{"count":0,"href":"https:\/\/site.nord.no\/studenterssuksess\/wp-json\/wp\/v2\/pages\/5331\/revisions"}],"wp:attachment":[{"href":"https:\/\/site.nord.no\/studenterssuksess\/wp-json\/wp\/v2\/media?parent=5331"}],"wp:term":[{"taxonomy":"author","embeddable":true,"href":"https:\/\/site.nord.no\/studenterssuksess\/wp-json\/wp\/v2\/coauthors?post=5331"}],"curies":[{"name":"wp","href":"https:\/\/api.w.org\/{rel}","templated":true}]}}