{"id":5395,"date":"2020-09-24T15:09:53","date_gmt":"2020-09-24T15:09:53","guid":{"rendered":"http:\/\/nfye.w.uib.no\/?page_id=5395"},"modified":"2020-09-24T15:09:53","modified_gmt":"2020-09-24T15:09:53","slug":"keynote-jennifer-keup","status":"publish","type":"page","link":"https:\/\/site.nord.no\/studenterssuksess\/keynote-jennifer-keup\/","title":{"rendered":"&laquo;\u00c5 v\u00e6re student &#8211; noe som m\u00e5 l\u00e6res!&raquo; &#8211; \u00c5rskonferansen 2020"},"content":{"rendered":"<p><a href=\"https:\/\/site.nord.no\/studenterssuksess\/arskonferanse-a-vaere-student-noe-som-ma-laeres\/\">Tilbake til konferansens hovedside<\/a><\/p>\n<h2><strong>Keynote:\u00a0 Jennifer Keup<\/strong><\/h2>\n<p><img fetchpriority=\"high\" decoding=\"async\" class=\"wp-image-3878 alignleft\" src=\"https:\/\/site.nord.no\/studenterssuksess\/wp-content\/uploads\/sites\/36\/2020\/09\/staff_keup_jennifer_2019.jpg\" alt=\"\" width=\"349\" height=\"349\" \/><br \/>\nNettverket var s\u00e5 heldig \u00e5 f\u00e5 Jennifer Keup til \u00e5 holde hovedforedraget p\u00e5 \u00e5rets digitale konferanse. Keup er direkt\u00f8r for <a href=\"https:\/\/sc.edu\/about\/offices_and_divisions\/national_resource_center\/index.php\">National Resource Center for The First-Year Experience and Students in Transition<\/a> (NRC), som er et kompetansesenter i USA for det \u00e5 f\u00e5 studentene til \u00e5 lykkes med sine studier.<br \/>\nNRC er f\u00f8rst og fremst et senter for ansatte ved amerikanske universitet, men i realiteten har det v\u00e6rt et senter for hele verden. De har arrangert konferanser siden 1986 (-82) og p\u00e5 90-tallet hadde de ogs\u00e5 en internasjonal konferanseserie som ofte foregikk i Europa. Fra 2006 har NRC v\u00e6rt en viktig st\u00f8ttespiller for den europeiske konferanseserien EFYE. I tillegg til konferanser arrangerer NRC ulike kurs og webinarer. De driver ogs\u00e5 flere LISTSERVES hvor man fortl\u00f8pende kan f\u00f8lge ulike diskusjoner, de har sitt eget tidsskrift og gir ut relevant litteratur.<br \/>\n&nbsp;<\/p>\n<h2><em>To help students succeed, we need organizations that learn<\/em><\/h2>\n<p>Her kan du lese <a href=\"https:\/\/site.nord.no\/studenterssuksess\/wp-content\/uploads\/sites\/36\/2020\/12\/2020-Norwegian-FYE_Keynote_Reduced.pdf\">presentasjonen<\/a>og se <a href=\"https:\/\/vimeo.com\/491549262\" target=\"_blank\" rel=\"noopener\">opptaket fra keynoten<\/a>.<br \/>\nVi ba Keup snakke om<\/p>\n<ul>\n<li>NRC og tilbudene de har<\/li>\n<li>sentrale tiltak som har v\u00e6rt gjennomf\u00f8rt ved amerikanske universitet (eksempel UNI 101)<\/li>\n<li>effektene av tiltakene<\/li>\n<li>om utdanningsbakgrunnen til de som arbeider med \u00e5 tilrettelegge for studentene<\/li>\n<li>om forskningen p\u00e5 feltet og ikke minst hvordan universitetene bruker ressurser p\u00e5 disse utfordringene.<\/li>\n<\/ul>\n<p>Hun hadde ogs\u00e5 med en bolk der hun tok opp aktuelle problemstillinger som NRC n\u00e5 ser i h\u00f8yere utdanning (hot topics).<br \/>\nForedraget og sp\u00f8rsm\u00e5lsrundene i etterkant foregikk p\u00e5 engelsk<br \/>\n<a href=\"https:\/\/sc.edu\/about\/offices_and_divisions\/national_resource_center\/about\/staff\/keup_jennifer.php\">Dere finner mer om Jennifer Keup p\u00e5 denne nettsiden.<\/a><br \/>\n<a href=\"https:\/\/site.nord.no\/studenterssuksess\/arskonferanse-a-vaere-student-noe-som-ma-laeres\/\">Tilbake til konferansens hovedside<\/a><\/p>\n","protected":false},"excerpt":{"rendered":"<p>Tilbake til konferansens hovedside Keynote:\u00a0 Jennifer Keup Nettverket var s\u00e5 heldig \u00e5 f\u00e5 Jennifer Keup til \u00e5 holde hovedforedraget p\u00e5 \u00e5rets digitale konferanse. Keup er direkt\u00f8r for National Resource Center [&hellip;]<\/p>\n","protected":false},"author":82,"featured_media":5593,"parent":0,"menu_order":0,"comment_status":"closed","ping_status":"closed","template":"","meta":{"footnotes":""},"coauthors":[],"class_list":["post-5395","page","type-page","status-publish","has-post-thumbnail","hentry"],"_links":{"self":[{"href":"https:\/\/site.nord.no\/studenterssuksess\/wp-json\/wp\/v2\/pages\/5395","targetHints":{"allow":["GET"]}}],"collection":[{"href":"https:\/\/site.nord.no\/studenterssuksess\/wp-json\/wp\/v2\/pages"}],"about":[{"href":"https:\/\/site.nord.no\/studenterssuksess\/wp-json\/wp\/v2\/types\/page"}],"author":[{"embeddable":true,"href":"https:\/\/site.nord.no\/studenterssuksess\/wp-json\/wp\/v2\/users\/82"}],"replies":[{"embeddable":true,"href":"https:\/\/site.nord.no\/studenterssuksess\/wp-json\/wp\/v2\/comments?post=5395"}],"version-history":[{"count":0,"href":"https:\/\/site.nord.no\/studenterssuksess\/wp-json\/wp\/v2\/pages\/5395\/revisions"}],"wp:featuredmedia":[{"embeddable":true,"href":"https:\/\/site.nord.no\/studenterssuksess\/wp-json\/wp\/v2\/media\/5593"}],"wp:attachment":[{"href":"https:\/\/site.nord.no\/studenterssuksess\/wp-json\/wp\/v2\/media?parent=5395"}],"wp:term":[{"taxonomy":"author","embeddable":true,"href":"https:\/\/site.nord.no\/studenterssuksess\/wp-json\/wp\/v2\/coauthors?post=5395"}],"curies":[{"name":"wp","href":"https:\/\/api.w.org\/{rel}","templated":true}]}}