{"id":5473,"date":"2020-10-16T09:31:38","date_gmt":"2020-10-16T09:31:38","guid":{"rendered":"http:\/\/nfye.w.uib.no\/?page_id=5473"},"modified":"2020-10-16T09:31:38","modified_gmt":"2020-10-16T09:31:38","slug":"nettsamling-5-november-samarbeid-mellom-laerested-og-samskipnad","status":"publish","type":"page","link":"https:\/\/site.nord.no\/studenterssuksess\/nettsamling-5-november-samarbeid-mellom-laerested-og-samskipnad\/","title":{"rendered":"Nettsamling 5. november &#8211; Samarbeid mellom l\u00e6rested og samskipnad"},"content":{"rendered":"<p>Studentenes l\u00e6ringsmilj\u00f8 er under lupen, i forbindelse med <a href=\"https:\/\/www.regjeringen.no\/no\/dokumenter\/nou-2020-3\/id2690294\/\">revideringen av UH-loven<\/a>.\u00a0<a href=\"https:\/\/lovdata.no\/dokument\/NL\/lov\/2007-12-14-116?q=studentsamskipnader\">Studentsamskipnadsloven<\/a> beskriver ogs\u00e5 at utdanningsinstitusjoner skal samarbeide\u00a0med samskipnadene\u00a0for et godt studiemilj\u00f8 og det helhetlige l\u00e6ringsmilj\u00f8et ved l\u00e6restedet.\u00a0L\u00e6restedet og samskipnaden har ulike roller som gjenspeiler seg i studentenes helhetlige l\u00e6ringsmilj\u00f8, men hvordan kan slik samarbeid oppst\u00e5 og fungere? P\u00e5 \u00e5rets siste nettsamling fikk vi innblikk i hvordan andre har opprettet samarbeid og utviklet l\u00f8sninger for samarbeidet mellom samskipnad og l\u00e6rested.<br \/>\n<strong>Vi hadde gleden av \u00e5 nok en gang ha med oss \u00d8ystein Str\u00f8msnes og Svein Valle<\/strong> som v\u00e5re programledere. \u00d8ystein og Svein jobber til vanlig henholdsvis som studentvert og studentprest ved Studentinord, og kan ogs\u00e5 h\u00f8res\u00a0i\u00a0podcasten\u00a0<a href=\"https:\/\/www.studentinord.no\/podcast-valle-og-stromsnes\">Valle &amp; Str\u00f8msnes<\/a>.<br \/>\n<strong><a href=\"https:\/\/vimeo.com\/477515348\">Her kan du se opptaket fra hele samlingen.<\/a> Du finner innleggenes Powerpointer ved \u00e5 klikke p\u00e5 titlene.<\/strong><br \/>\n<strong><em>Prosjekt Levende Campus<\/em><\/strong><strong>\u00a0ved UiT Harstad,\u00a0presentert av Vibeke H\u00f8ydahl\u00a0<\/strong><br \/>\n<a href=\"https:\/\/vimeo.com\/477515348\">Se Vibeke sitt innlegg fra 51:45 i opptaket.<\/a> \u201cLevende campus\u201d\u00a0er et tre\u00e5rig prosjekt\u00a0ved UiT campus Harstadsom startet opp i januar 2020. Det\u00a0ble til\u00a0som f\u00f8lge av\u00a0at stadig f\u00e6rre studenter oppholdt seg p\u00e5 campus, noe som\u00a0opplevdes demotiverende for forelesere,\u00a0samt de studenter som \u00f8nsket \u00e5 bli kjent med andre studenter.\u00a0Form\u00e5let med prosjektet er \u00e5 skape aktivitet gjennom samarbeid mellom samskipnaden, universitetet og studentene, for \u00e5 gi studentene tilh\u00f8righet til campus. Akt\u00f8rene vil sammen bidra til en god start for nye studenter, noe som gir dem b\u00e5de faglig og sosialt engasjement. I prosjektet er de opptatt av mottak av studenter, aktiviteter gjennom studie\u00e5ret, endring av fysisk milj\u00f8 og kommunikasjon\/markedsf\u00f8ring. De \u00f8nsker \u00e5 v\u00e6re tettere p\u00e5 \u2013 for studenten!<br \/>\nVibeke jobber som studentr\u00e5dgiver i Norges arktiske studentsamskipnad, campus Harstad, og er klinisk spesialist i psykisk helsearbeid. Hennes faglige engasjement handler om at studentene skal trives. For at dette skal skje m\u00e5 studentene oppleve \u00e5 bli ivaretatt av flere akt\u00f8rer, disse m\u00e5 kjenne til hverandre &#8211; og samarbeide der det er n\u00f8dvendig. Derfor prosjekt \u00abLevende campus\u00bb.<br \/>\n<strong><a href=\"https:\/\/site.nord.no\/studenterssuksess\/wp-content\/uploads\/sites\/36\/2020\/11\/05.11.20-Presentasjon-NFYE-samarbeid-med-samskipnader-og-institusjon-5.-november-2020.pptx\"><em>Mentorordningen \u2013 en suksesshistorie for samarbeid?<\/em>,\u00a0presentert av Mia Milde og \u00d8ystein Sandven\u00a0<\/a><\/strong><br \/>\n<a href=\"https:\/\/vimeo.com\/477515348\">Se Mia og \u00d8ystein sitt innlegg fra 29:45 i opptaket.<\/a> \u00d8ystein Sandven er leder\/psykologspesialist Sammen Psykisk Helse i studentsamskipnaden Sammen p\u00e5 Vestlandet. Mia Milde er ansvarlig for mentorordningen p\u00e5 Universitetet i Bergen og sitter ogs\u00e5 som ressursperson i Kompetansenettverket. \u00d8ystein har v\u00e6rt med fra startsfasen av mentorprosjektet ved UiB, og har gjort seg noen refleksjoner om hva som var viktig med et godt samarbeid og hva som skulle til for at det skulle fungere. Mia ble nylig ansatt som ansvarlig for mentorordningen p\u00e5 UiB, som et resultat fra det gode samarbeidet. Hun skal fortelle om hvordan de sikrer at samarbeidet vedlikeholdes n\u00e5r prosjektet skal over i driftsfase. De vil blant annet komme inn p\u00e5 hvilke faktorer som f\u00f8rte til at det ble enighet om at et samarbeid var n\u00f8dvendig.<br \/>\n<strong><a href=\"https:\/\/site.nord.no\/studenterssuksess\/wp-content\/uploads\/sites\/36\/2020\/11\/Iben-Kardel_nettsamling-5.nov_.20.pptx\"><em>Rammene rundt det helhetlige l\u00e6ringsmilj\u00f8et<\/em>, presentert av Iben Kardel<\/a><\/strong><br \/>\n<a href=\"https:\/\/vimeo.com\/477515348\">Se Iben sitt innlegg fra 08:41 i opptaket.<\/a> Hvordan kan utvidelsen av begrepet l\u00e6ringsmilj\u00f8 i UH-loven bidra til samarbeid mellom samskipnad og l\u00e6rested? Iben Kardel\u00a0vil ta oss igjennom hvordan rammene som settes i den reviderte UH-loven kan f\u00f8re til samarbeid mellom institusjon og l\u00e6rested.<br \/>\nIben er blant annet sekret\u00e6r for LMU ved HiNN og sitter som ressursperson i Kompetansenettverket.<br \/>\n<strong>Panelsamtale\u00a0<\/strong><br \/>\n<a href=\"https:\/\/vimeo.com\/477515348\">Du kan se hele panelsamtalen fra 01:09 i opptaket.<\/a> Panelet besto av innlederne (se over) sammen med leder av <a href=\"https:\/\/uit.no\/om\/studentparlamentet\">Studentparlamentet ved UiT,<\/a> Herman Siggerud.\u00a0I panelsamtalen \u00e5pnet vi opp for sp\u00f8rsm\u00e5l og kommentarer fra den virtuelle salen.<br \/>\n<strong>F\u00e5 med deg \u00e5rets konferanse i desember: &laquo;\u00c5 v\u00e6re student &#8211; noe som m\u00e5 l\u00e6res!&raquo;\u00a0<\/strong><br \/>\nDen 7. desember kan du delta p\u00e5 nettverkets f\u00f8rste digitale konferanse. <a href=\"https:\/\/site.nord.no\/studenterssuksess\/arskonferanse-a-vaere-student-noe-som-ma-laeres\/\">P\u00e5meldingen er \u00e5pen og du kan lese mer om program og v\u00e5r keynote her.<\/a><br \/>\n&nbsp;<\/p>\n","protected":false},"excerpt":{"rendered":"<p>Studentenes l\u00e6ringsmilj\u00f8 er under lupen, i forbindelse med revideringen av UH-loven.\u00a0Studentsamskipnadsloven beskriver ogs\u00e5 at utdanningsinstitusjoner skal samarbeide\u00a0med samskipnadene\u00a0for et godt studiemilj\u00f8 og det helhetlige l\u00e6ringsmilj\u00f8et ved l\u00e6restedet.\u00a0L\u00e6restedet og samskipnaden har [&hellip;]<\/p>\n","protected":false},"author":89,"featured_media":0,"parent":0,"menu_order":0,"comment_status":"closed","ping_status":"closed","template":"","meta":{"footnotes":""},"coauthors":[],"class_list":["post-5473","page","type-page","status-publish","hentry"],"_links":{"self":[{"href":"https:\/\/site.nord.no\/studenterssuksess\/wp-json\/wp\/v2\/pages\/5473","targetHints":{"allow":["GET"]}}],"collection":[{"href":"https:\/\/site.nord.no\/studenterssuksess\/wp-json\/wp\/v2\/pages"}],"about":[{"href":"https:\/\/site.nord.no\/studenterssuksess\/wp-json\/wp\/v2\/types\/page"}],"author":[{"embeddable":true,"href":"https:\/\/site.nord.no\/studenterssuksess\/wp-json\/wp\/v2\/users\/89"}],"replies":[{"embeddable":true,"href":"https:\/\/site.nord.no\/studenterssuksess\/wp-json\/wp\/v2\/comments?post=5473"}],"version-history":[{"count":0,"href":"https:\/\/site.nord.no\/studenterssuksess\/wp-json\/wp\/v2\/pages\/5473\/revisions"}],"wp:attachment":[{"href":"https:\/\/site.nord.no\/studenterssuksess\/wp-json\/wp\/v2\/media?parent=5473"}],"wp:term":[{"taxonomy":"author","embeddable":true,"href":"https:\/\/site.nord.no\/studenterssuksess\/wp-json\/wp\/v2\/coauthors?post=5473"}],"curies":[{"name":"wp","href":"https:\/\/api.w.org\/{rel}","templated":true}]}}