{"id":5592,"date":"2020-11-17T09:27:41","date_gmt":"2020-11-17T09:27:41","guid":{"rendered":"http:\/\/nfye.w.uib.no\/?page_id=5592"},"modified":"2020-11-17T09:27:41","modified_gmt":"2020-11-17T09:27:41","slug":"parallelle-sesjoner-arskonferanse-2020","status":"publish","type":"page","link":"https:\/\/site.nord.no\/studenterssuksess\/parallelle-sesjoner-arskonferanse-2020\/","title":{"rendered":"Parallelle sesjoner \u00e5rskonferansen 2020"},"content":{"rendered":"<p><a href=\"https:\/\/site.nord.no\/studenterssuksess\/arskonferanse-a-vaere-student-noe-som-ma-laeres\/\">\u00a0Tilbake til konferansens hovedside<\/a><br \/>\n<strong>De parallelle sesjonene p\u00e5 konferansen hadde 3 undertemaer \/ r\u00f8de tr\u00e5der.<br \/>\n<\/strong><br \/>\nInnleggene i undertemaene eller tr\u00e5dene ble lagt opp til \u00e5 ikke kollidere i tid.<br \/>\n<a href=\"https:\/\/site.nord.no\/studenterssuksess\/undertema-a-vaere-student-noe-som-ma-laeres\/\">Tr\u00e5d 1. \u00c5 v\u00e6re student \u2013 noe som m\u00e5 l\u00e6res!<\/a><br \/>\nI denne tr\u00e5den tok vi utgangspunkt i det sentrale temaet for konferansen og la her inn innlegg som inneholdt tiltak som blant annet skal gi studentene verkt\u00f8y for \u00e5 l\u00e6re \u00e5 bli student.<br \/>\n<a href=\"https:\/\/site.nord.no\/studenterssuksess\/undertema-a-vaere-student-noe-som-ma-laeres-digitale-verktoy\/\">Tr\u00e5d 2. \u00c5 v\u00e6re student \u2013 noe som m\u00e5 l\u00e6res: digitale verkt\u00f8y <\/a><br \/>\nI denne tr\u00e5den tok vi ogs\u00e5 utgangspunkt i det sentrale temaet for konferansen, men her samlet vi presentasjoner av ulike digitale verkt\u00f8y studentene kan ta i bruk.<br \/>\n<a href=\"https:\/\/site.nord.no\/studenterssuksess\/undertema-tall-statistikk-og-evalueringer\/\">Tr\u00e5d 3. Tall, statistikk og evalueringer<\/a><br \/>\n\u00c5 kunne hente ut gode statistikker over hva som skjer med studentene er viktige verkt\u00f8y i v\u00e5rt arbeid. Under denne tr\u00e5den finner dere innlegg som viser hvor og hvordan man kan hente ut data og\/eller konkrete unders\u00f8kelser som er gjort.<br \/>\n<strong>Alle innleggene<\/strong><br \/>\nUnder er en liste over alle innlegg og workshops som ble gitt mellom kl. 09.00 og 11.00 p\u00e5 konferansen.<br \/>\n<strong>Klikk p\u00e5 innleggets tittel for \u00e5 lese mer.<\/strong><\/p>\n<h3><a href=\"https:\/\/site.nord.no\/studenterssuksess\/2020\/11\/16\/p1-den-gode-studentopplevelsen\/\">P1 &#8211; Den Gode Studentopplevelsen<\/a><\/h3>\n<p><strong>Kristi Agerup<\/strong><br \/>\n<strong>Oslo Metropolitan University \u2013 Storbyuniversitetet<\/strong><\/p>\n<h3><a href=\"https:\/\/site.nord.no\/studenterssuksess\/2020\/11\/16\/p2-frafall-en-analyse-av-studieprogrammene-ved-nt-fak\/\">P2 &#8211; Frafall &#8211; en analyse av studieprogrammene ved NT-fak<\/a><\/h3>\n<p><strong>Marianne Iversen, Hilja Huru<\/strong><br \/>\n<strong>UiT \u2013 Norges arktiske universitet<\/strong><\/p>\n<h3><a href=\"https:\/\/site.nord.no\/studenterssuksess\/2020\/11\/16\/p4-gjennomstroyming-og-frafall-ved-hogskulen-pa-vestlandet\/\">P3 &#8211; Gjennomstr\u00f8yming og fr\u00e5fall ved H\u00f8gskulen p\u00e5 Vestlandet<\/a><\/h3>\n<p><strong>\u00d8ystein Backelin<\/strong><br \/>\n<strong>H\u00f8gskulen p\u00e5 Vestlandet<\/strong><\/p>\n<h3><a href=\"https:\/\/site.nord.no\/studenterssuksess\/2020\/11\/16\/p5-frafall-og-fullforing-hva-forteller-tallene\/\">P4 &#8211; Frafall og fullf\u00f8ring \u2013 hva forteller tallene?<\/a><\/h3>\n<p><strong>Ingrid Susanne Andersen<\/strong><br \/>\n<strong>Universitetet i Agder<\/strong><\/p>\n<h3><a href=\"https:\/\/site.nord.no\/studenterssuksess\/2020\/11\/16\/w1-studentfrivillighet-fra-studerende-til-student\/\">W1 &#8211; Studentfrivillighet: Fra studerende til student<\/a><\/h3>\n<p><strong>Simon L\u00f8vdal, Mathilde Sj\u00f8helle Eiksund og Simen Ringdahl<\/strong><br \/>\n<strong>Studenttinget NTNU<\/strong><\/p>\n<h3><a href=\"https:\/\/site.nord.no\/studenterssuksess\/2020\/11\/16\/w2_kan-gamification-som-metode-bidra-til-at-flere-studenter-opplever-god-helse-og-dermed-nar-sine-studiemal\/\">W2 &#8211; Kan gamification som metode bidra til at flere studenter opplever god helse og dermed n\u00e5r sine studiem\u00e5l?<\/a><\/h3>\n<p><strong>Marit Halvorsen<\/strong><br \/>\n<strong>Studentsamskipnaden SiO<\/strong><\/p>\n<h3><a href=\"https:\/\/site.nord.no\/studenterssuksess\/2020\/11\/16\/p3-strategier-for-bedre-laering-en-videoserie\/\">W3 &#8211; Strategier for bedre l\u00e6ring: En videoserie<\/a><\/h3>\n<p><strong>Torstein L\u00e5g<\/strong><br \/>\n<strong>UiT \u2013 Norges arktiske universitet<\/strong><\/p>\n","protected":false},"excerpt":{"rendered":"<p>\u00a0Tilbake til konferansens hovedside De parallelle sesjonene p\u00e5 konferansen hadde 3 undertemaer \/ r\u00f8de tr\u00e5der. Innleggene i undertemaene eller tr\u00e5dene ble lagt opp til \u00e5 ikke kollidere i tid. Tr\u00e5d [&hellip;]<\/p>\n","protected":false},"author":89,"featured_media":5593,"parent":0,"menu_order":0,"comment_status":"closed","ping_status":"closed","template":"","meta":{"footnotes":""},"coauthors":[],"class_list":["post-5592","page","type-page","status-publish","has-post-thumbnail","hentry"],"_links":{"self":[{"href":"https:\/\/site.nord.no\/studenterssuksess\/wp-json\/wp\/v2\/pages\/5592","targetHints":{"allow":["GET"]}}],"collection":[{"href":"https:\/\/site.nord.no\/studenterssuksess\/wp-json\/wp\/v2\/pages"}],"about":[{"href":"https:\/\/site.nord.no\/studenterssuksess\/wp-json\/wp\/v2\/types\/page"}],"author":[{"embeddable":true,"href":"https:\/\/site.nord.no\/studenterssuksess\/wp-json\/wp\/v2\/users\/89"}],"replies":[{"embeddable":true,"href":"https:\/\/site.nord.no\/studenterssuksess\/wp-json\/wp\/v2\/comments?post=5592"}],"version-history":[{"count":0,"href":"https:\/\/site.nord.no\/studenterssuksess\/wp-json\/wp\/v2\/pages\/5592\/revisions"}],"wp:featuredmedia":[{"embeddable":true,"href":"https:\/\/site.nord.no\/studenterssuksess\/wp-json\/wp\/v2\/media\/5593"}],"wp:attachment":[{"href":"https:\/\/site.nord.no\/studenterssuksess\/wp-json\/wp\/v2\/media?parent=5592"}],"wp:term":[{"taxonomy":"author","embeddable":true,"href":"https:\/\/site.nord.no\/studenterssuksess\/wp-json\/wp\/v2\/coauthors?post=5592"}],"curies":[{"name":"wp","href":"https:\/\/api.w.org\/{rel}","templated":true}]}}