{"id":560,"date":"2021-12-10T22:31:09","date_gmt":"2021-12-10T21:31:09","guid":{"rendered":"https:\/\/blogg.nord.no\/studenterssuksess\/?page_id=560"},"modified":"2021-12-10T22:46:10","modified_gmt":"2021-12-10T21:46:10","slug":"mottak-og-forstesemester-2021","status":"publish","type":"page","link":"https:\/\/site.nord.no\/studenterssuksess\/mottak-og-forstesemester-2021\/","title":{"rendered":"Mottak og f\u00f8rstesemester 2021"},"content":{"rendered":"<p>Vi hadde gleden av \u00e5 tilby en kort, digital workshop om \u00e5rets mottak og tiltak i f\u00f8rste semester. Du kan finne Padleten med alt innhold fra gruppediskusjonene <a href=\"https:\/\/site.nord.no\/studenterssuksess\/wp-content\/uploads\/sites\/36\/2021\/12\/Mottak-og-forstesemester-2021_NFYE.pdf\">her.<\/a><\/p>\n<div style=\"background-color: #3b5c2f;padding: 25px\">\n<p><span style=\"color: #000000\">Workshopen rettet seg spesielt mot de som i mai sitter midt i planleggingen av mottaket i august og opplegget utover i det f\u00f8rste semesteret. Opplegget baserte seg p\u00e5 valgfrie breakout-rooms med forh\u00e5ndsbestemte temaer:<\/span><\/p>\n<ul>\n<li><span style=\"color: #000000\">Informasjon i forkant<\/span><\/li>\n<li><span style=\"color: #000000\">Koordinering av mottaket<\/span><\/li>\n<li><span style=\"color: #000000\">Studentinvolvering<\/span><\/li>\n<li><span style=\"color: #000000\">Studentfrivillighet<\/span><\/li>\n<li><span style=\"color: #000000\">Studentpakken<\/span><\/li>\n<li><span style=\"color: #000000\">Digitale m\u00f8teplasser<\/span><\/li>\n<li><span style=\"color: #000000\">Backup-planer<\/span><\/li>\n<li><span style=\"color: #000000\">Internasjonalt mottak<\/span><\/li>\n<\/ul>\n<\/div>\n<p>&nbsp;<\/p>\n<p>Diskusjonene ga en anledning til \u00e5 f\u00e5 innspill fra kolleger landet rundt, p\u00e5 de planene som forel\u00e5 for mottak i 2021. Sektoren har mange av de samme utfordringene og sitter med mye de samme planene og kan f\u00e5 mye ut av \u00e5 dele ideer, utfordringer og l\u00f8sninger. Etter mottaket i 2020 har mange gjort seg erfaringer, som i 2021 m\u00e5 m\u00f8tes med tiltak i det kommende studie\u00e5ret. Det var da naturlig for nettverket \u00e5 tilby en arena for \u00e5 dele planer, erfaringer og utfordringer innenfor mottak og f\u00f8rstesemester.<\/p>\n","protected":false},"excerpt":{"rendered":"<p>Vi hadde gleden av \u00e5 tilby en kort, digital workshop om \u00e5rets mottak og tiltak i f\u00f8rste semester. Du kan finne Padleten med alt innhold fra gruppediskusjonene her. Workshopen rettet [&hellip;]<\/p>\n","protected":false},"author":73,"featured_media":0,"parent":0,"menu_order":0,"comment_status":"closed","ping_status":"closed","template":"","meta":{"footnotes":""},"coauthors":[8],"class_list":["post-560","page","type-page","status-publish","hentry"],"_links":{"self":[{"href":"https:\/\/site.nord.no\/studenterssuksess\/wp-json\/wp\/v2\/pages\/560","targetHints":{"allow":["GET"]}}],"collection":[{"href":"https:\/\/site.nord.no\/studenterssuksess\/wp-json\/wp\/v2\/pages"}],"about":[{"href":"https:\/\/site.nord.no\/studenterssuksess\/wp-json\/wp\/v2\/types\/page"}],"author":[{"embeddable":true,"href":"https:\/\/site.nord.no\/studenterssuksess\/wp-json\/wp\/v2\/users\/73"}],"replies":[{"embeddable":true,"href":"https:\/\/site.nord.no\/studenterssuksess\/wp-json\/wp\/v2\/comments?post=560"}],"version-history":[{"count":4,"href":"https:\/\/site.nord.no\/studenterssuksess\/wp-json\/wp\/v2\/pages\/560\/revisions"}],"predecessor-version":[{"id":566,"href":"https:\/\/site.nord.no\/studenterssuksess\/wp-json\/wp\/v2\/pages\/560\/revisions\/566"}],"wp:attachment":[{"href":"https:\/\/site.nord.no\/studenterssuksess\/wp-json\/wp\/v2\/media?parent=560"}],"wp:term":[{"taxonomy":"author","embeddable":true,"href":"https:\/\/site.nord.no\/studenterssuksess\/wp-json\/wp\/v2\/coauthors?post=560"}],"curies":[{"name":"wp","href":"https:\/\/api.w.org\/{rel}","templated":true}]}}