{"id":5654,"date":"2020-11-24T07:30:54","date_gmt":"2020-11-24T07:30:54","guid":{"rendered":"http:\/\/nfye.w.uib.no\/?page_id=5654"},"modified":"2020-11-24T07:30:54","modified_gmt":"2020-11-24T07:30:54","slug":"muligheter-for-deg-mellom-kl-11-13","status":"publish","type":"page","link":"https:\/\/site.nord.no\/studenterssuksess\/muligheter-for-deg-mellom-kl-11-13\/","title":{"rendered":"Muligheter for deg mellom kl. 11 &#8211; 13"},"content":{"rendered":"<p>Under v\u00e5r digitale konferanse kunne nettverket tilby:<\/p>\n<h4 class=\"fittexted_for_content_h4\"><em>kl. 11-12 Organisert lunsj<\/em><\/h4>\n<ol>\n<li><strong>Lunsj A: Snakk om hva dere vil<\/strong><br \/>\nDe som \u00f8nsket \u00e5 delta p\u00e5 denne ble plassert i grupper i Zoom med kolleger fra landet rundt. I forkant av konferansen sendte vi ut et interesseskjema for \u00e5 lodde stemningen for temaer til disse gruppene, slik at vi kunne legge opp til grupper basert p\u00e5 interesser. Det var uansett opp til deltakerne \u00e5 ta opp akkurat det de vile, som under en lunsj p\u00e5 en fysisk konferanse.<\/li>\n<li><strong>Lunsj B: Bli bedre kjent med nettverket <\/strong><br \/>\nVi fikk med oss noen av de mest erfarne i nettverket til \u00e5 v\u00e6re vertskap p\u00e5 en lunsj som vil ble innledet med en presentasjon av nettverket, og deretter med mulighet for sp\u00f8rsm\u00e5l og innspill til hva nettverket b\u00f8r arrangere fremover. Ogs\u00e5 her fikk deltakere en mulighet til \u00e5 prate med kolleger i den siste delen.<\/li>\n<\/ol>\n<h4 class=\"fittexted_for_content_h4\">kl.<em>12-13 Gruppediskusjon om \u00e5 arbeide med frafallsproblematikk<\/em><\/h4>\n<p>Dette var en variant av det klassiske forkurset som tidligere har v\u00e6rt gjennomf\u00f8rt p\u00e5 alle fysiske konferanser. Her var tanken at det skulle foreg\u00e5 en mer overordnet og helhetlig diskusjon om utfordringene studentene m\u00f8ter i det helhetlige l\u00e6ringsmilj\u00f8et. Diskusjonen tok utgangspunkt i <a href=\"https:\/\/site.nord.no\/studenterssuksess\/oppgaver\/\">Stigemodellen<\/a>, men det var opp til deltagerne \u00e5 ta diskusjonen dit de ville. Vi la ut en video som forklarer Stigemodellen mer i detalj og S\u00e6thre var tilstede i starten for \u00e5 svare p\u00e5 avklarende sp\u00f8rsm\u00e5l.<br \/>\n<a href=\"https:\/\/site.nord.no\/studenterssuksess\/a-tilrettelegge-for-at-studentene-skal-lykkes-en-innforing-i-stigemodellen-2\/\">Du kan lese mer om innf\u00f8ring i Stigemodellen p\u00e5 denne siden.<\/a><br \/>\n&nbsp;<br \/>\n<a href=\"https:\/\/site.nord.no\/studenterssuksess\/digital-arskonferanse-2020-mer-detaljer\/\">Tilbake til detaljer om konferansen<\/a><br \/>\n<a href=\"https:\/\/site.nord.no\/studenterssuksess\/arskonferanse-a-vaere-student-noe-som-ma-laeres\/\">Tilbake til konferansens hovedside<\/a><\/p>\n","protected":false},"excerpt":{"rendered":"<p>Under v\u00e5r digitale konferanse kunne nettverket tilby: kl. 11-12 Organisert lunsj Lunsj A: Snakk om hva dere vil De som \u00f8nsket \u00e5 delta p\u00e5 denne ble plassert i grupper i [&hellip;]<\/p>\n","protected":false},"author":82,"featured_media":5593,"parent":0,"menu_order":0,"comment_status":"closed","ping_status":"closed","template":"","meta":{"footnotes":""},"coauthors":[],"class_list":["post-5654","page","type-page","status-publish","has-post-thumbnail","hentry"],"_links":{"self":[{"href":"https:\/\/site.nord.no\/studenterssuksess\/wp-json\/wp\/v2\/pages\/5654","targetHints":{"allow":["GET"]}}],"collection":[{"href":"https:\/\/site.nord.no\/studenterssuksess\/wp-json\/wp\/v2\/pages"}],"about":[{"href":"https:\/\/site.nord.no\/studenterssuksess\/wp-json\/wp\/v2\/types\/page"}],"author":[{"embeddable":true,"href":"https:\/\/site.nord.no\/studenterssuksess\/wp-json\/wp\/v2\/users\/82"}],"replies":[{"embeddable":true,"href":"https:\/\/site.nord.no\/studenterssuksess\/wp-json\/wp\/v2\/comments?post=5654"}],"version-history":[{"count":0,"href":"https:\/\/site.nord.no\/studenterssuksess\/wp-json\/wp\/v2\/pages\/5654\/revisions"}],"wp:featuredmedia":[{"embeddable":true,"href":"https:\/\/site.nord.no\/studenterssuksess\/wp-json\/wp\/v2\/media\/5593"}],"wp:attachment":[{"href":"https:\/\/site.nord.no\/studenterssuksess\/wp-json\/wp\/v2\/media?parent=5654"}],"wp:term":[{"taxonomy":"author","embeddable":true,"href":"https:\/\/site.nord.no\/studenterssuksess\/wp-json\/wp\/v2\/coauthors?post=5654"}],"curies":[{"name":"wp","href":"https:\/\/api.w.org\/{rel}","templated":true}]}}