{"id":643,"date":"2021-12-15T12:52:16","date_gmt":"2021-12-15T11:52:16","guid":{"rendered":"https:\/\/blogg.nord.no\/studenterssuksess\/?page_id=643"},"modified":"2021-12-15T13:01:58","modified_gmt":"2021-12-15T12:01:58","slug":"studentengasjement-ansvar-roller-og-strukturer","status":"publish","type":"page","link":"https:\/\/site.nord.no\/studenterssuksess\/studentengasjement-ansvar-roller-og-strukturer\/","title":{"rendered":"Studentengasjement: ansvar, roller og strukturer"},"content":{"rendered":"<p><a href=\"https:\/\/vimeo.com\/558569435\">Se opptak fra nettsamlingen<\/a><\/p>\n<h3><strong>Om samlingen<\/strong><\/h3>\n<p>\u00abStudentengasjement\u00bb er ikke et tydelig begrep og kan forst\u00e5s p\u00e5 ulike m\u00e5ter, men mange vil bruke det til \u00e5 beskrive verv studentene har, enten frivillig eller honorert, knyttet til studiestedet sitt. I Norge bruker vi i tillegg \u00abstudentfrivillighet\u00bb for \u00e5 beskrive studentengasjement i foreningslivet.<\/p>\n<p>Studentengasjement og s\u00e6rlig studentfrivilligheten blir trukket fram som positive for studentenes trivsel i studietiden, der SHoT kan vise oss at studenter som rapporterer h\u00f8y grad av trivsel p\u00e5 studieprogrammene ogs\u00e5 rapporterer h\u00f8yere grad av deltakelse i frivillig studentaktivitet.<\/p>\n<p>Studentengasjement er derfor en viktig del av arbeidet for \u00e5 f\u00e5 studenter til \u00e5 lykkes, men hvordan det organiseres og driftes varierer i stor grad. Hvem skal ha ansvaret for de ulike behovene studentene har for \u00e5 drifte engasjementet? Hvordan avdekker man hvilke behov studentene har? Hvilke ressurser skal studentene selv stille opp med og hva kan forventes av institusjonene? Hvordan kan institusjonene bidra til studentenes kompetanseoverf\u00f8ring ved utskiftninger? Dette er sp\u00f8rsm\u00e5l vi fikk dr\u00f8ftet under paneldiskusjonen og presentasjonene p\u00e5 denne nettsamlingen.<\/p>\n<p>Programmet ble ledet av v\u00e5re kj\u00e6re gjengangere, \u00d8ystein Str\u00f8msnes og Svein Valle fra Studentinord og podcasten Valle &amp; Str\u00f8msnes. Programmet besto av de inviterte studentforeningene, som ga oss et innblikk i hvordan de er organisert, f\u00f8r vi gikk i dybden p\u00e5 temaet under paneldiskusjonen.<\/p>\n<p>I panelet hadde vi i tillegg til studentene fra de ulike foreningene, med oss ansatte i ulike roller knyttet opp mot studentengasjement. Panelet ble ledet at Tine Blomfeldt fra Studentsamskipnaden Sammen.<\/p>\n<p>Panelet:<\/p>\n<p><strong>Tine \u00d8verseth Blomfeldt<\/strong><\/p>\n<p>R\u00e5dgiver Psykisk helse, Sammen \u2013 Studentsamskipnaden p\u00e5 Vestlandet<\/p>\n<p>Tine har jobbet med studentorganisasjoner i samskipnaden i 9 \u00e5r. Ved siden av arbeid med fadderuken og alkoholkultur i frivilligheten har hun holdt kurs og workshops i blant annet frivillighetsledelse, effektive m\u00f8ter og den vanskelige samtalen. Tine har erfaring fra studenthuset Kvarteret, studentteateret Immaturus og studentdemokratiet ved Universitetet i Bergen og Norsk studentorganisasjon.<\/p>\n<p><strong>Beate Thandiwe Dessingthon<\/strong><\/p>\n<p>Studentlivkoordinator OsloMet<\/p>\n<p>Beate jobber for et bedre studentliv ved OsloMet fordi studenter som har det bra gj\u00f8r det bedre. Hun er utdannet dramapedagog og prosjektleder. Beate har et stort engasjement for studentfrivilligheten og studenters psykososiale helse. Som studentlivkoordinator \u00f8nsker hun seg flere kolleger i landet og mener det er en styrke at utdanningsinstitusjonene n\u00e5 har f\u00e5tt et \u00f8kt fokus p\u00e5 \u00e5 ivareta hele studenten som f\u00f8lge av pandemien.<\/p>\n<p><strong>Linjeforeningen Login, NTNU:<\/strong><\/p>\n<p>Andr\u00e9 G\u00e4rtner \u2013 Dataingeni\u00f8r\/Leder for Login linjeforening<\/p>\n<p>Andr\u00e9 er 24 \u00e5r og opprinnelig fra B\u00e6rum. Han jobber idag med \u00e5 fremme Login sine form\u00e5l om \u00e5 engasjere studenter b\u00e5de i studiehverdagen og p\u00e5 fritiden til \u00e5 ta del i det som er av bedriftspresentasjoner og sosiale arrangementer som Login arrangerer.<\/p>\n<p><strong>Linjeforeningen Online, NTNU:<\/strong><\/p>\n<p>Anders Robstad (styremedlem for bedriftskomiteen)<\/p>\n<p>Anders g\u00e5r 2. \u00e5ret i bachelor i informatikk ved NTNU og har v\u00e6rt et aktivt medlem av linjeforeningen siden f\u00f8rste \u00e5ret. Han har v\u00e6rt medlem av velkomstkomiteen, og bedriftskomiteen f\u00f8r han n\u00e5 har blitt med i hovedstyret. Gjennom vervet i bedriftskomiteen jobber han for at studentene skal ha en mulighet til \u00e5 bli introdusert til bedrifter, og mulige arbeidsgivere i mens de studerer.<\/p>\n<p>Milla Weium (\u00d8konomiansvarlig)<\/p>\n<p>Milla tar en bachelorgrad i Informatikk ved NTNU og har v\u00e6rt et aktiv medlem av linjeforeningen Online i to \u00e5r. Hun har v\u00e6rt medlem av arrangementskomiteen, \u00f8konomiansvarlig for arrangementskomiteen og er n\u00e5 \u00f8konomiansvarlig for hele linjeforeningen og sitter i hovedstyret. Hun sjonglerer forfallsdatoer og studier, men trives utrolig godt i en engasjerende og inkluderende linjeforening.<\/p>\n<p><strong>Linjeforeningen TIHLDE, NTNU:<\/strong><\/p>\n<p>Oskar Nygren (Leder)<\/p>\n<p>Oskar g\u00e5r andre \u00e5ret p\u00e5 Digital forretningsutvikling og ble ved forrige generalforsamling valgt som leder av TIHLDE. Han har tidligere v\u00e6rt medlem i N\u00e6ringsliv og kurs, der han har hatt mye kontakt med eksterne parter i n\u00e6ringslivet. I tillegg spiller han p\u00e5 linjeforeningens fotballag.<\/p>\n<p>Isabel Hoang (Nestleder)<\/p>\n<p>Isabel studerer f\u00f8rste\u00e5ret Digital infrastruktur og cybersikkerhet, og ble nylig valgt som nestleder for linjeforeningen. Hun har engasjert seg tidlig i verv og er for tiden ogs\u00e5 aktiv i arrangementskomiteen og fadderkomiteen.<\/p>\n<p><strong>Studentforeningen Abakus, NTNU:<\/strong><\/p>\n<p>Magnus Sagmo (Medlem i Hovedstyret)<\/p>\n<p>Magnus er gruppeleder for Sosial-komiteene i Abakus. Han studerer datateknologi, og g\u00e5r i 1. klasse. Hans eneste erfaring med studentfrivilligheten i Trondheim er gjennom f\u00f8rst komit\u00e9arbeid, og s\u00e5 hovedstyret i linjeforeningen. Motivasjonen for hans engasjement i studentfrivilligheten er \u00e5 skape et s\u00e5 godt supplement som mulig til det NTNU tilbyr, slik at studentene skal trives og f\u00e5 mest mulig ut av studietiden.<\/p>\n<p>Ingrid S\u00f8rensen (Nestleder i Hovedstyret)<\/p>\n<p>Ingrid er nestleder i linjeforeningen Abakus. Hun studerer datateknologi, og g\u00e5r i 2. klasse. Det f\u00f8rste \u00e5ret hennes var hun med i linjeforeningsmagasinet readme, og hun har v\u00e6rt med p\u00e5 \u00e5 utarbeide Abakus sine etiske retningslinjer. Ellers har hun v\u00e6rt med p\u00e5 UKA-19. Ingrid synes at engasjementet studenter viser i Trondheim er noe helt unikt, og \u00f8nsker \u00e5 v\u00e6re med p\u00e5 \u00e5 skape et s\u00e5 godt som mulig tilbud til studentene.<\/p>\n<p><strong>IDI (Institutt for datateknologi og informatikk)- NTNU<\/strong><\/p>\n<p>Kristin Susanne Karlsen (R\u00e5dgiver i Studieadministrasjonen) og William Andersson (Studentkontakt)<\/p>\n<p>9 IT-studenter (kalt studentkontakter), ansatt i 30 % stilling, bist\u00e5r Institutt for datateknologi og informatikk i arbeidet rettet mot studentene p\u00e5 studieprogrammene innen IT. Jobben studentkontaktene utf\u00f8rer er uvurderlig. De er selv en del av studiemilj\u00f8et og vet til enhver tid hva som r\u00f8rer seg der. Ingen er bedre kvalifisert til \u00e5 gjennomf\u00f8re sosiale og faglige tiltak for disse studenter. Kristin vil gi innsyn i organiseringen av dette arbeidet. Studentkontakt William Andersson vil fortelle om studentkontaktenes jobbhverdag og samspillet med \u00f8vrige studenter og linjeforeninger.<\/p>\n<p><strong>SiT \u2013 Studentsamskipnaden i Gj\u00f8vik, \u00c5lseund og Trondheim<\/strong><\/p>\n<p>Eirik Sande (R\u00e5dgiver i SiT)<\/p>\n<p>Eirik jobber som r\u00e5dgiver i Sit og har ansvaret for oppf\u00f8lging av studentfrivilligheten i Trondheim. Som nyutdannet har han med seg fersk erfaring fra studentlivet generelt og studentfrivilligheten i Trondheim spesielt. Eirik har erfaring fra UKA og Studentersamfundet i Trondhjem, blant annet som leder for Samfundet, og har v\u00e6rt aktiv i frivilligheten siden 2015. Denne erfaringen bruker han til \u00e5 tilrettelegge kurs og coaching for studentforeningene og for \u00e5 forbedre Sits oppf\u00f8lging av studentfrivilligheten.<\/p>\n<p>&nbsp;<\/p>\n<h4><em>Du vil finne presentasjonene til de ulike foreningene i denne listen:<\/em><\/h4>\n<p><a href=\"https:\/\/site.nord.no\/studenterssuksess\/wp-content\/uploads\/sites\/36\/2021\/12\/Presentasjon-om-Abakus.pdf\">Abakus<\/a>, <a href=\"https:\/\/abakus.no\/\">klikk her for hjemmeside. <\/a><br \/>\n<a href=\"https:\/\/site.nord.no\/studenterssuksess\/wp-content\/uploads\/sites\/36\/2021\/12\/Presentasjon-om-Thilde.pdf\">THILDE,<\/a><a href=\"https:\/\/tihlde.org\/\">klikk her for hjemmeside <\/a><br \/>\n<a href=\"https:\/\/site.nord.no\/studenterssuksess\/wp-content\/uploads\/sites\/36\/2021\/12\/Nettsamling-presentasjon-Online.pdf\">Online, <\/a><a href=\"https:\/\/online.ntnu.no\/\">klikk her for hjemmeside. <\/a><br \/>\nLogin,<a href=\"https:\/\/www.logntnu.no\/\"> klikk her for hjemmeside. <\/a><br \/>\n<a href=\"https:\/\/site.nord.no\/studenterssuksess\/wp-content\/uploads\/sites\/36\/2021\/12\/Studentkontaktene-ved-IDI.pdf\">IDI og Studentkontaktene<\/a><\/p>\n<p>&nbsp;<\/p>\n","protected":false},"excerpt":{"rendered":"<p>Se opptak fra nettsamlingen Om samlingen \u00abStudentengasjement\u00bb er ikke et tydelig begrep og kan forst\u00e5s p\u00e5 ulike m\u00e5ter, men mange vil bruke det til \u00e5 beskrive verv studentene har, enten [&hellip;]<\/p>\n","protected":false},"author":73,"featured_media":0,"parent":0,"menu_order":0,"comment_status":"closed","ping_status":"closed","template":"","meta":{"footnotes":""},"coauthors":[8],"class_list":["post-643","page","type-page","status-publish","hentry"],"_links":{"self":[{"href":"https:\/\/site.nord.no\/studenterssuksess\/wp-json\/wp\/v2\/pages\/643","targetHints":{"allow":["GET"]}}],"collection":[{"href":"https:\/\/site.nord.no\/studenterssuksess\/wp-json\/wp\/v2\/pages"}],"about":[{"href":"https:\/\/site.nord.no\/studenterssuksess\/wp-json\/wp\/v2\/types\/page"}],"author":[{"embeddable":true,"href":"https:\/\/site.nord.no\/studenterssuksess\/wp-json\/wp\/v2\/users\/73"}],"replies":[{"embeddable":true,"href":"https:\/\/site.nord.no\/studenterssuksess\/wp-json\/wp\/v2\/comments?post=643"}],"version-history":[{"count":3,"href":"https:\/\/site.nord.no\/studenterssuksess\/wp-json\/wp\/v2\/pages\/643\/revisions"}],"predecessor-version":[{"id":650,"href":"https:\/\/site.nord.no\/studenterssuksess\/wp-json\/wp\/v2\/pages\/643\/revisions\/650"}],"wp:attachment":[{"href":"https:\/\/site.nord.no\/studenterssuksess\/wp-json\/wp\/v2\/media?parent=643"}],"wp:term":[{"taxonomy":"author","embeddable":true,"href":"https:\/\/site.nord.no\/studenterssuksess\/wp-json\/wp\/v2\/coauthors?post=643"}],"curies":[{"name":"wp","href":"https:\/\/api.w.org\/{rel}","templated":true}]}}