{"id":6916,"date":"2016-12-16T09:06:46","date_gmt":"2016-12-16T09:06:46","guid":{"rendered":"http:\/\/nfye.w.uib.no\/?page_id=184"},"modified":"2016-12-16T09:06:46","modified_gmt":"2016-12-16T09:06:46","slug":"det-viktige-forstesemester","status":"publish","type":"page","link":"https:\/\/site.nord.no\/studenterssuksess\/det-viktige-forstesemester\/","title":{"rendered":"Mottak og f\u00f8rstesemester"},"content":{"rendered":"<p>I studier av frafall og gjennomf\u00f8ring (Tinto 1993, Pascarella &amp; Terenzini 2005, og Astin, 1993) kommer det klart frem at oppstartprosessen er avgj\u00f8rende for i hvor stor grad studentene blir v\u00e6rende og gjennomf\u00f8rer sine studier. If\u00f8lge Tinto er de tre f\u00f8rste ukene de viktigste med tanke p\u00e5 \u00e5 hindre frafall. Men ogs\u00e5 utover i f\u00f8rstesemesteret og ikke minst i overgangen til andre semester er det mange som velger \u00e5 slutte, noe som i seg selv er problematisk nok. Men utfordringen gjelder ikke bare i forhold til studenter som slutter i l\u00f8pet av den avgj\u00f8rende f\u00f8rste fasen. De studentene som fortsetter sine studier, legger grunnlaget for mye av sin suksess gjennom det de erfarer og l\u00e6rer i disse f\u00f8rste m\u00e5nedene.<br \/>\nStikkord som blant annet m\u00e5 adresseres er:<\/p>\n<ul>\n<li><em>Sosial trygghet<\/em><\/li>\n<li><em>Medstudenter<\/em><\/li>\n<li><em>Motivasjon <\/em><\/li>\n<li><em>Mestring<\/em><\/li>\n<li><em>Programm\u00f8ter<\/em><\/li>\n<li><em>Fadderordninger<\/em><\/li>\n<li><em>Overbooking<\/em><\/li>\n<\/ul>\n<p>Utfordringene i f\u00f8rstesemesteret er s\u00e5 mange og varierte at vi her har valgt en ytterligere inndeling slik:<br \/>\n&#8211; Koordineringsbehov i forkant<br \/>\n<a href=\"https:\/\/site.nord.no\/studenterssuksess\/mottaket-i-de-forste-ukene\/\">&#8211; Mottaket i de f\u00f8rste ukene<\/a><br \/>\n&#8211; Tiltak seinere i f\u00f8rste semester<br \/>\nTinto, V. (1993).<br \/>\nLeaving College: Rethinking the Causes and Cures of Student Attrition<br \/>\n2nd Edition, Chicago: University of Chicago Press<br \/>\nPascarella, E., Terenzini, P. (1991).<br \/>\nHow College Affects Students: Findings and Insights from Twenty Years of Research San Francisco, Jossey-Bass Inc.<br \/>\nAstin, A.W. (1993).<br \/>\nWhat Matters in College: Four Critical Years Revisited<br \/>\nSan Francisco: Jossey-Bass.<br \/>\n<a href=\"https:\/\/site.nord.no\/studenterssuksess\/tag\/mottak-og-forstesemester\/\"><strong>Klikk her for en oversikt over tekster om temaet &laquo;Mottak og f\u00f8rstesemester&raquo;<\/strong><\/a><br \/>\n<a href=\"https:\/\/site.nord.no\/studenterssuksess\/startside-nettkurs-mottak-av-nye-studenter\/\">Det er ogs\u00e5 laget et eget kurs om mottak<\/a><\/p>\n","protected":false},"excerpt":{"rendered":"<p>I studier av frafall og gjennomf\u00f8ring (Tinto 1993, Pascarella &amp; Terenzini 2005, og Astin, 1993) kommer det klart frem at oppstartprosessen er avgj\u00f8rende for i hvor stor grad studentene blir [&hellip;]<\/p>\n","protected":false},"author":82,"featured_media":1282,"parent":0,"menu_order":0,"comment_status":"closed","ping_status":"closed","template":"","meta":{"footnotes":""},"coauthors":[],"class_list":["post-6916","page","type-page","status-publish","has-post-thumbnail","hentry"],"_links":{"self":[{"href":"https:\/\/site.nord.no\/studenterssuksess\/wp-json\/wp\/v2\/pages\/6916","targetHints":{"allow":["GET"]}}],"collection":[{"href":"https:\/\/site.nord.no\/studenterssuksess\/wp-json\/wp\/v2\/pages"}],"about":[{"href":"https:\/\/site.nord.no\/studenterssuksess\/wp-json\/wp\/v2\/types\/page"}],"author":[{"embeddable":true,"href":"https:\/\/site.nord.no\/studenterssuksess\/wp-json\/wp\/v2\/users\/82"}],"replies":[{"embeddable":true,"href":"https:\/\/site.nord.no\/studenterssuksess\/wp-json\/wp\/v2\/comments?post=6916"}],"version-history":[{"count":0,"href":"https:\/\/site.nord.no\/studenterssuksess\/wp-json\/wp\/v2\/pages\/6916\/revisions"}],"wp:featuredmedia":[{"embeddable":true,"href":"https:\/\/site.nord.no\/studenterssuksess\/wp-json\/wp\/v2\/media\/1282"}],"wp:attachment":[{"href":"https:\/\/site.nord.no\/studenterssuksess\/wp-json\/wp\/v2\/media?parent=6916"}],"wp:term":[{"taxonomy":"author","embeddable":true,"href":"https:\/\/site.nord.no\/studenterssuksess\/wp-json\/wp\/v2\/coauthors?post=6916"}],"curies":[{"name":"wp","href":"https:\/\/api.w.org\/{rel}","templated":true}]}}