{"id":6918,"date":"2016-12-16T11:56:51","date_gmt":"2016-12-16T11:56:51","guid":{"rendered":"http:\/\/nfye.w.uib.no\/?page_id=198"},"modified":"2016-12-16T11:56:51","modified_gmt":"2016-12-16T11:56:51","slug":"mottaket-i-de-forste-ukene","status":"publish","type":"page","link":"https:\/\/site.nord.no\/studenterssuksess\/mottaket-i-de-forste-ukene\/","title":{"rendered":"Mottaket i de f\u00f8rste ukene"},"content":{"rendered":"<p>Her er det mange ulike tiltak som har v\u00e6rt brukt med hell, men ogs\u00e5 forhold som trenger et kritisk blikk.<br \/>\nStikkord:<br \/>\nSosiale tiltak<br \/>\nForholdet til fadderordninger<br \/>\nBli kjent med l\u00e6restedet<br \/>\nSitatet \u00f8verst p\u00e5 siden er hentet fra Tinto (1993): Konklusjonen er basert p\u00e5 et stort antall forskningsartikler, f\u00f8rst og fremst fra USA. At man ikke finner seg sosialt til rette er den viktigste \u00e5rsakene til at studenter slutter, uavhengig av alle andre faktorer. At sosial integrasjon er viktig st\u00f8ttes ogs\u00e5 av analyser i gjennomf\u00f8ringen ved Det matematisk-naturvitenskapelige fakultet, Universitetet i Bergen etter at det ble tilrettelagt for mottak i mindre grupper som videre fulgte hverandre i undervisningen (S\u00e6thre 2002).<br \/>\nAt det sosiale er viktig bekreftes ogs\u00e5 i en rapport fra Universitetet i Oslo fra 2011. En unders\u00f8kelse fra H\u00f8gskolen Innlandet publisert i 2019 ser imidlertid ikke en slik sammenheng. Forskjellige erfaringer kan skyldes at man i profesjonsstudier, som man ofte har ved h\u00f8gskolene, har organisert studentene i klasser, mens studentene i frie studier p\u00e5 universitetene lett kan f\u00f8le seg aleine sammen med mange hundrede i forelesningssalen.<br \/>\nAurlien et al (2019) Betydningen for m\u00e5lbevissthet og sosial tilh\u00f8righet for frafall i h\u00f8yere utdanning <a href=\"https:\/\/www.idunn.no\/uniped\/2019\/02\/betydningen_av_maalbevissthet_og_sosial_tilhoerighet_for_fraf\">Lenke<\/a><br \/>\nS\u00e6thre (2002) Vi bryr oss! &#8211; Et tiltak i f\u00f8rstesemesteret, UNIPED nr. 3 <a href=\"https:\/\/docplayer.me\/38513601-Vi-bryr-oss-et-tiltak-i-forstesemesteret-pa-trykk-i-uniped-nr-av-harald-age-saethre.html\">Lenke<\/a><br \/>\nTinto, V. (1993). Leaving College: Rethinking the Causes and Cures of Student Attrition<br \/>\n2nd Edition, Chicago: University of Chicago Press<br \/>\nUniversitetet i Oslo, S. (2011). Studiel\u00f8p og mobilitet \u2013 en unders\u00f8kelse blant bachelorstudenter ved Universitetet i Oslo. <a href=\"https:\/\/www.uio.no\/for-ansatte\/arbeidsstotte\/sta\/undersokelser\/studielop\/rapport\/Studielop-og-mobilitet-2011.pdf\">Lenke<\/a><br \/>\n&nbsp;<\/p>\n","protected":false},"excerpt":{"rendered":"<p>Her er det mange ulike tiltak som har v\u00e6rt brukt med hell, men ogs\u00e5 forhold som trenger et kritisk blikk. Stikkord: Sosiale tiltak Forholdet til fadderordninger Bli kjent med l\u00e6restedet [&hellip;]<\/p>\n","protected":false},"author":82,"featured_media":1280,"parent":0,"menu_order":0,"comment_status":"closed","ping_status":"closed","template":"","meta":{"footnotes":""},"coauthors":[],"class_list":["post-6918","page","type-page","status-publish","has-post-thumbnail","hentry"],"_links":{"self":[{"href":"https:\/\/site.nord.no\/studenterssuksess\/wp-json\/wp\/v2\/pages\/6918","targetHints":{"allow":["GET"]}}],"collection":[{"href":"https:\/\/site.nord.no\/studenterssuksess\/wp-json\/wp\/v2\/pages"}],"about":[{"href":"https:\/\/site.nord.no\/studenterssuksess\/wp-json\/wp\/v2\/types\/page"}],"author":[{"embeddable":true,"href":"https:\/\/site.nord.no\/studenterssuksess\/wp-json\/wp\/v2\/users\/82"}],"replies":[{"embeddable":true,"href":"https:\/\/site.nord.no\/studenterssuksess\/wp-json\/wp\/v2\/comments?post=6918"}],"version-history":[{"count":0,"href":"https:\/\/site.nord.no\/studenterssuksess\/wp-json\/wp\/v2\/pages\/6918\/revisions"}],"wp:featuredmedia":[{"embeddable":true,"href":"https:\/\/site.nord.no\/studenterssuksess\/wp-json\/wp\/v2\/media\/1280"}],"wp:attachment":[{"href":"https:\/\/site.nord.no\/studenterssuksess\/wp-json\/wp\/v2\/media?parent=6918"}],"wp:term":[{"taxonomy":"author","embeddable":true,"href":"https:\/\/site.nord.no\/studenterssuksess\/wp-json\/wp\/v2\/coauthors?post=6918"}],"curies":[{"name":"wp","href":"https:\/\/api.w.org\/{rel}","templated":true}]}}