{"id":6920,"date":"2016-12-16T12:23:41","date_gmt":"2016-12-16T11:23:41","guid":{"rendered":"http:\/\/nfye.w.uib.no\/?page_id=208"},"modified":"2022-01-19T13:44:04","modified_gmt":"2022-01-19T12:44:04","slug":"studentenes-egne-drivkrefter","status":"publish","type":"page","link":"https:\/\/site.nord.no\/studenterssuksess\/studentenes-egne-drivkrefter\/","title":{"rendered":"Studentenes egne drivkrefter"},"content":{"rendered":"<p>Det er selvf\u00f8lgelig studenten selv som har den endelige n\u00f8kkelen til \u00e5 oppn\u00e5 suksess med egne studier. Men det er mange m\u00e5ter \u00e5 tilrettelegge for at hun eller han finner denne n\u00f8kkelen.<br \/>\nViktige stikkord:<\/p>\n<ul>\n<li>M\u00e5l<\/li>\n<li>Lojalitet<\/li>\n<li>Identitet<\/li>\n<li>Motivasjon<\/li>\n<\/ul>\n<p>&nbsp;<br \/>\n<img decoding=\"async\" class=\"aligncenter\" src=\"https:\/\/site.nord.no\/studenterssuksess\/wp-content\/uploads\/sites\/36\/2016\/12\/stud.jpg\" alt=\"studentens drivkrefter\" width=\"111\" height=\"366\" \/><br \/>\n<a href=\"https:\/\/site.nord.no\/studenterssuksess\/tag\/studentenes-egne-drivkrefter\/\"><strong>Klikk her for en oversikt over tekster om temaet &laquo;Studentenes egne drivkrefter&raquo;<\/strong><\/a><\/p>\n","protected":false},"excerpt":{"rendered":"<p>Det er selvf\u00f8lgelig studenten selv som har den endelige n\u00f8kkelen til \u00e5 oppn\u00e5 suksess med egne studier. Men det er mange m\u00e5ter \u00e5 tilrettelegge for at hun eller han finner [&hellip;]<\/p>\n","protected":false},"author":82,"featured_media":0,"parent":0,"menu_order":0,"comment_status":"closed","ping_status":"closed","template":"","meta":{"footnotes":""},"coauthors":[52],"class_list":["post-6920","page","type-page","status-publish","hentry"],"_links":{"self":[{"href":"https:\/\/site.nord.no\/studenterssuksess\/wp-json\/wp\/v2\/pages\/6920","targetHints":{"allow":["GET"]}}],"collection":[{"href":"https:\/\/site.nord.no\/studenterssuksess\/wp-json\/wp\/v2\/pages"}],"about":[{"href":"https:\/\/site.nord.no\/studenterssuksess\/wp-json\/wp\/v2\/types\/page"}],"author":[{"embeddable":true,"href":"https:\/\/site.nord.no\/studenterssuksess\/wp-json\/wp\/v2\/users\/82"}],"replies":[{"embeddable":true,"href":"https:\/\/site.nord.no\/studenterssuksess\/wp-json\/wp\/v2\/comments?post=6920"}],"version-history":[{"count":1,"href":"https:\/\/site.nord.no\/studenterssuksess\/wp-json\/wp\/v2\/pages\/6920\/revisions"}],"predecessor-version":[{"id":7097,"href":"https:\/\/site.nord.no\/studenterssuksess\/wp-json\/wp\/v2\/pages\/6920\/revisions\/7097"}],"wp:attachment":[{"href":"https:\/\/site.nord.no\/studenterssuksess\/wp-json\/wp\/v2\/media?parent=6920"}],"wp:term":[{"taxonomy":"author","embeddable":true,"href":"https:\/\/site.nord.no\/studenterssuksess\/wp-json\/wp\/v2\/coauthors?post=6920"}],"curies":[{"name":"wp","href":"https:\/\/api.w.org\/{rel}","templated":true}]}}