{"id":6922,"date":"2016-12-16T12:28:26","date_gmt":"2016-12-16T12:28:26","guid":{"rendered":"http:\/\/nfye.w.uib.no\/?page_id=212"},"modified":"2022-01-19T13:13:29","modified_gmt":"2022-01-19T12:13:29","slug":"evalueringer","status":"publish","type":"page","link":"https:\/\/site.nord.no\/studenterssuksess\/evalueringer\/","title":{"rendered":"Evalueringer"},"content":{"rendered":"<p>Alt frafallsarbeid krever kontinuerlig evaluering og analyse av gjennomf\u00f8ringen for \u00e5 justere, fjerne eller innf\u00f8re nye tiltak. Dette b\u00e5de fordi tiltakene i regelen fungerer noe annerledes i praksis enn man hadde tenkt p\u00e5 forh\u00e5nd, at tiltakene fungerer bedre for noen grupper av studenter enn for andre, at rammebetingelsene endres og fordi studentene endrer seg over tid.<br \/>\nDet viser seg ogs\u00e5 at studenter som blir spurt om sitt syn f\u00f8ler seg mer sett, noe som i seg selv bidrar til en positiv opplevelse som bedrer forholdet til studiet. Denne effekten blir selvsagt st\u00f8rst dersom studentene ogs\u00e5 ser at innspillene blir fulgt opp i praksis.<br \/>\nStikkord:<br \/>\n&#8211; Kontinuitet<br \/>\n&#8211; \u00c5 se studentene<br \/>\n&#8211; Fokusgrupper<br \/>\n&#8211; Sp\u00f8rreunders\u00f8kelser<br \/>\n<a href=\"https:\/\/site.nord.no\/studenterssuksess\/tag\/evalueringer\/\"><strong>Klikk her for en oversikt over tekster om temaet &laquo;Evalueringer&raquo;<\/strong><\/a><\/p>\n","protected":false},"excerpt":{"rendered":"<p>Alt frafallsarbeid krever kontinuerlig evaluering og analyse av gjennomf\u00f8ringen for \u00e5 justere, fjerne eller innf\u00f8re nye tiltak. Dette b\u00e5de fordi tiltakene i regelen fungerer noe annerledes i praksis enn man [&hellip;]<\/p>\n","protected":false},"author":82,"featured_media":0,"parent":0,"menu_order":0,"comment_status":"closed","ping_status":"closed","template":"","meta":{"footnotes":""},"coauthors":[52],"class_list":["post-6922","page","type-page","status-publish","hentry"],"_links":{"self":[{"href":"https:\/\/site.nord.no\/studenterssuksess\/wp-json\/wp\/v2\/pages\/6922","targetHints":{"allow":["GET"]}}],"collection":[{"href":"https:\/\/site.nord.no\/studenterssuksess\/wp-json\/wp\/v2\/pages"}],"about":[{"href":"https:\/\/site.nord.no\/studenterssuksess\/wp-json\/wp\/v2\/types\/page"}],"author":[{"embeddable":true,"href":"https:\/\/site.nord.no\/studenterssuksess\/wp-json\/wp\/v2\/users\/82"}],"replies":[{"embeddable":true,"href":"https:\/\/site.nord.no\/studenterssuksess\/wp-json\/wp\/v2\/comments?post=6922"}],"version-history":[{"count":1,"href":"https:\/\/site.nord.no\/studenterssuksess\/wp-json\/wp\/v2\/pages\/6922\/revisions"}],"predecessor-version":[{"id":7075,"href":"https:\/\/site.nord.no\/studenterssuksess\/wp-json\/wp\/v2\/pages\/6922\/revisions\/7075"}],"wp:attachment":[{"href":"https:\/\/site.nord.no\/studenterssuksess\/wp-json\/wp\/v2\/media?parent=6922"}],"wp:term":[{"taxonomy":"author","embeddable":true,"href":"https:\/\/site.nord.no\/studenterssuksess\/wp-json\/wp\/v2\/coauthors?post=6922"}],"curies":[{"name":"wp","href":"https:\/\/api.w.org\/{rel}","templated":true}]}}