{"id":6923,"date":"2016-12-16T12:30:18","date_gmt":"2016-12-16T11:30:18","guid":{"rendered":"http:\/\/nfye.w.uib.no\/?page_id=214"},"modified":"2022-01-19T13:43:35","modified_gmt":"2022-01-19T12:43:35","slug":"statistikk-og-analyse","status":"publish","type":"page","link":"https:\/\/site.nord.no\/studenterssuksess\/statistikk-og-analyse\/","title":{"rendered":"Statistikk og analyse"},"content":{"rendered":"<p>Store frafallstall er ofte utl\u00f8sende for at et l\u00e6rested eller et fagmilj\u00f8 vil starte et arbeid for \u00e5 sikre at flere studenter lykkes i studiene. Gode statistikker over frafallet er derfor av stor verdi, men det er en rekke utfordringer man m\u00e5 v\u00e6re klar over n\u00e5r man arbeider med et slikt tallmateriale.<br \/>\n<a href=\"https:\/\/site.nord.no\/studenterssuksess\/tag\/statistikk-og-analyse\/\"><strong>Klikk her for en oversikt over tekster om temaet &laquo;Statistikk og analyse&raquo;<\/strong><\/a><br \/>\n<a href=\"http:\/\/www.ideas2evidence.com\/news\/ny-rapport-om-studentflyt-og-frafall-i-utdanning\">Se Ideas2evidence sin rapport om studentflyt og frafall fra september 2017<\/a><br \/>\n&nbsp;<br \/>\n<a href=\"https:\/\/site.nord.no\/studenterssuksess\/tall-statistikk-frafall\/\">Se ogs\u00e5 tall-statistikk-frafall under ressurser<\/a><\/p>\n","protected":false},"excerpt":{"rendered":"<p>Store frafallstall er ofte utl\u00f8sende for at et l\u00e6rested eller et fagmilj\u00f8 vil starte et arbeid for \u00e5 sikre at flere studenter lykkes i studiene. Gode statistikker over frafallet er [&hellip;]<\/p>\n","protected":false},"author":82,"featured_media":0,"parent":0,"menu_order":0,"comment_status":"closed","ping_status":"closed","template":"","meta":{"footnotes":""},"coauthors":[52],"class_list":["post-6923","page","type-page","status-publish","hentry"],"_links":{"self":[{"href":"https:\/\/site.nord.no\/studenterssuksess\/wp-json\/wp\/v2\/pages\/6923","targetHints":{"allow":["GET"]}}],"collection":[{"href":"https:\/\/site.nord.no\/studenterssuksess\/wp-json\/wp\/v2\/pages"}],"about":[{"href":"https:\/\/site.nord.no\/studenterssuksess\/wp-json\/wp\/v2\/types\/page"}],"author":[{"embeddable":true,"href":"https:\/\/site.nord.no\/studenterssuksess\/wp-json\/wp\/v2\/users\/82"}],"replies":[{"embeddable":true,"href":"https:\/\/site.nord.no\/studenterssuksess\/wp-json\/wp\/v2\/comments?post=6923"}],"version-history":[{"count":1,"href":"https:\/\/site.nord.no\/studenterssuksess\/wp-json\/wp\/v2\/pages\/6923\/revisions"}],"predecessor-version":[{"id":7096,"href":"https:\/\/site.nord.no\/studenterssuksess\/wp-json\/wp\/v2\/pages\/6923\/revisions\/7096"}],"wp:attachment":[{"href":"https:\/\/site.nord.no\/studenterssuksess\/wp-json\/wp\/v2\/media?parent=6923"}],"wp:term":[{"taxonomy":"author","embeddable":true,"href":"https:\/\/site.nord.no\/studenterssuksess\/wp-json\/wp\/v2\/coauthors?post=6923"}],"curies":[{"name":"wp","href":"https:\/\/api.w.org\/{rel}","templated":true}]}}