{"id":6928,"date":"2016-12-22T11:14:22","date_gmt":"2016-12-22T10:14:22","guid":{"rendered":"http:\/\/nfye.w.uib.no\/?page_id=302"},"modified":"2022-01-19T13:48:22","modified_gmt":"2022-01-19T12:48:22","slug":"undervisningen","status":"publish","type":"page","link":"https:\/\/site.nord.no\/studenterssuksess\/undervisningen\/","title":{"rendered":"Undervisningen"},"content":{"rendered":"<p>At god undervisning er viktig for studentenes suksess vil de fleste v\u00e6re enige om, selv om faglig suksess i seg selv slett ikke er en garanti mot frafall. Mange universitetspedagoger og sentre for fremragende utdanning arbeider for \u00e5 sikre en best mulig kvalitet p\u00e5 undervisningen. De har egne arenaer for sitt arbeid.\u00a0<strong>Dette nettverket \u00f8nsker \u00e5 fokusere p\u00e5 tiltak \/virkemidler som sikrer gode rammebetingelser for den gode undervisningen. <\/strong>M\u00e5let er at gode undervisere skal ha det beste utgangspunktet for \u00e5 lykkes med sitt arbeid.<br \/>\n<strong><a href=\"https:\/\/site.nord.no\/studenterssuksess\/tag\/undervisning\/\">Klikk her for en oversikt over v\u00e5re tekster om temaet &laquo;Undervisning&raquo;<\/a><\/strong><br \/>\nStikkord:<br \/>\n&#8211; Varierende behov<br \/>\n&#8211; Aktiv l\u00e6ring<br \/>\n&#8211; Koordinering<br \/>\n&#8211; Antall studenter<br \/>\n&#8211; Gode rammebetingelser<br \/>\n&#8211; Studentl\u00e6rere<br \/>\n&#8211; Tekniske hjelpemidler<br \/>\n<img decoding=\"async\" class=\"aligncenter\" src=\"https:\/\/site.nord.no\/studenterssuksess\/wp-content\/uploads\/sites\/36\/2016\/12\/trinn.jpg\" alt=\"trinnene\" width=\"186\" height=\"170\" \/><br \/>\n&nbsp;<\/p>\n","protected":false},"excerpt":{"rendered":"<p>At god undervisning er viktig for studentenes suksess vil de fleste v\u00e6re enige om, selv om faglig suksess i seg selv slett ikke er en garanti mot frafall. Mange universitetspedagoger [&hellip;]<\/p>\n","protected":false},"author":82,"featured_media":0,"parent":0,"menu_order":0,"comment_status":"closed","ping_status":"closed","template":"","meta":{"footnotes":""},"coauthors":[52],"class_list":["post-6928","page","type-page","status-publish","hentry"],"_links":{"self":[{"href":"https:\/\/site.nord.no\/studenterssuksess\/wp-json\/wp\/v2\/pages\/6928","targetHints":{"allow":["GET"]}}],"collection":[{"href":"https:\/\/site.nord.no\/studenterssuksess\/wp-json\/wp\/v2\/pages"}],"about":[{"href":"https:\/\/site.nord.no\/studenterssuksess\/wp-json\/wp\/v2\/types\/page"}],"author":[{"embeddable":true,"href":"https:\/\/site.nord.no\/studenterssuksess\/wp-json\/wp\/v2\/users\/82"}],"replies":[{"embeddable":true,"href":"https:\/\/site.nord.no\/studenterssuksess\/wp-json\/wp\/v2\/comments?post=6928"}],"version-history":[{"count":1,"href":"https:\/\/site.nord.no\/studenterssuksess\/wp-json\/wp\/v2\/pages\/6928\/revisions"}],"predecessor-version":[{"id":7102,"href":"https:\/\/site.nord.no\/studenterssuksess\/wp-json\/wp\/v2\/pages\/6928\/revisions\/7102"}],"wp:attachment":[{"href":"https:\/\/site.nord.no\/studenterssuksess\/wp-json\/wp\/v2\/media?parent=6928"}],"wp:term":[{"taxonomy":"author","embeddable":true,"href":"https:\/\/site.nord.no\/studenterssuksess\/wp-json\/wp\/v2\/coauthors?post=6928"}],"curies":[{"name":"wp","href":"https:\/\/api.w.org\/{rel}","templated":true}]}}