{"id":6929,"date":"2016-12-22T11:22:02","date_gmt":"2016-12-22T11:22:02","guid":{"rendered":"http:\/\/nfye.w.uib.no\/?page_id=304"},"modified":"2022-01-19T13:14:05","modified_gmt":"2022-01-19T12:14:05","slug":"fagtilbud-tilrettelegging-og-informasjon","status":"publish","type":"page","link":"https:\/\/site.nord.no\/studenterssuksess\/fagtilbud-tilrettelegging-og-informasjon\/","title":{"rendered":"Fagtilbud, tilrettelegging og informasjon"},"content":{"rendered":"<p>Har man f\u00e5tt til et f\u00f8rstesemester som fungerer godt for studentene vil dette gi gunstige resultater som man kan bygge p\u00e5 og se effekter av utover i studiet. Men det betyr ikke at man kan glemme \u00e5 f\u00f8lge opp studentene i seinere semestre. Mange praktiske forhold blir fort selvf\u00f8lgeligheter for studentene sammen med m\u00e5ter ting \u00abgj\u00f8res p\u00e5\u00bb ved l\u00e6restedet. De fleste har ogs\u00e5 skaffet seg et sosialt nettverk med medstudenter. Sosiale relasjoner endres imidlertid kontinuerlig og det trengs bevisste tiltak for at ikke noen skal falle utenfor, spesielt i de f\u00f8rste \u00e5rene. Motivasjonen for studiene b\u00f8r ogs\u00e5 styrkes. I dette motivasjonsarbeidet blir det viktig \u00e5 integrere studentene best mulig i fagmilj\u00f8et og p\u00e5 l\u00e6restedet.<br \/>\nStikkord:<br \/>\n&#8211; M\u00f8te faget tidlig<br \/>\n&#8211; Logisk rekkef\u00f8lge i studieplanen<br \/>\n&#8211; \u00c5 stille krav<br \/>\n&#8211; Antall studenter<br \/>\n&#8211; Studieprogresjon<br \/>\n&#8211; Programm\u00f8ter<br \/>\n&#8211; Koordiner<br \/>\n&#8211; Blokk- eller parallellundervisning<br \/>\n&#8211; Timeplanlegging<br \/>\n<img decoding=\"async\" class=\"aligncenter\" src=\"https:\/\/site.nord.no\/studenterssuksess\/wp-content\/uploads\/sites\/36\/2016\/12\/trinn.jpg\" alt=\"trinnene\" width=\"186\" height=\"170\" \/><br \/>\n<a href=\"https:\/\/site.nord.no\/studenterssuksess\/tag\/tilrettelegging-og-informasjon\/\"><strong>Klikk her for en oversikt over tekster om temaet &laquo;Fagtilbud, tilrettelegging og informasjon&raquo;<\/strong><\/a><\/p>\n","protected":false},"excerpt":{"rendered":"<p>Har man f\u00e5tt til et f\u00f8rstesemester som fungerer godt for studentene vil dette gi gunstige resultater som man kan bygge p\u00e5 og se effekter av utover i studiet. Men det [&hellip;]<\/p>\n","protected":false},"author":82,"featured_media":0,"parent":0,"menu_order":0,"comment_status":"closed","ping_status":"closed","template":"","meta":{"footnotes":""},"coauthors":[52],"class_list":["post-6929","page","type-page","status-publish","hentry"],"_links":{"self":[{"href":"https:\/\/site.nord.no\/studenterssuksess\/wp-json\/wp\/v2\/pages\/6929","targetHints":{"allow":["GET"]}}],"collection":[{"href":"https:\/\/site.nord.no\/studenterssuksess\/wp-json\/wp\/v2\/pages"}],"about":[{"href":"https:\/\/site.nord.no\/studenterssuksess\/wp-json\/wp\/v2\/types\/page"}],"author":[{"embeddable":true,"href":"https:\/\/site.nord.no\/studenterssuksess\/wp-json\/wp\/v2\/users\/82"}],"replies":[{"embeddable":true,"href":"https:\/\/site.nord.no\/studenterssuksess\/wp-json\/wp\/v2\/comments?post=6929"}],"version-history":[{"count":1,"href":"https:\/\/site.nord.no\/studenterssuksess\/wp-json\/wp\/v2\/pages\/6929\/revisions"}],"predecessor-version":[{"id":7076,"href":"https:\/\/site.nord.no\/studenterssuksess\/wp-json\/wp\/v2\/pages\/6929\/revisions\/7076"}],"wp:attachment":[{"href":"https:\/\/site.nord.no\/studenterssuksess\/wp-json\/wp\/v2\/media?parent=6929"}],"wp:term":[{"taxonomy":"author","embeddable":true,"href":"https:\/\/site.nord.no\/studenterssuksess\/wp-json\/wp\/v2\/coauthors?post=6929"}],"curies":[{"name":"wp","href":"https:\/\/api.w.org\/{rel}","templated":true}]}}