{"id":6934,"date":"2017-01-02T09:17:24","date_gmt":"2017-01-02T09:17:24","guid":{"rendered":"http:\/\/nfye.w.uib.no\/?page_id=419"},"modified":"2017-01-02T09:17:24","modified_gmt":"2017-01-02T09:17:24","slug":"mer-om-pamelding-og-deltagelse-til-seminar","status":"publish","type":"page","link":"https:\/\/site.nord.no\/studenterssuksess\/mer-om-pamelding-og-deltagelse-til-seminar\/","title":{"rendered":"Mer om p\u00e5melding til seminar"},"content":{"rendered":"<p><strong>Plass p\u00e5 seminar<\/strong><br \/>\nDet planlegges med mellom 20-50 deltagere p\u00e5 hvert arbeidsseminar. Blir det trangt med plass vil vi m\u00e5tte prioritere deltagere fra betalende organisasjoner.\u00a0 Det er ogs\u00e5 et m\u00e5l at s\u00e5 mange organisasjoner er med p\u00e5 seminarene som mulig. Les ogs\u00e5 egen informasjon om deltagelse for det enkelte seminar.<br \/>\nVed p\u00e5melding vil man motta en e-post som bekrefter p\u00e5meldingen. N\u00e5r p\u00e5meldingsfristen er g\u00e5tt ut vil det bli gjort en vurdering av alle p\u00e5meldte og det vil g\u00e5 ut en e-post hvor plassen blir bekreftet. Er det fortsatt plass p\u00e5 seminaret etter den fristen vil plasser bli tildelt fortl\u00f8pende.<br \/>\n<strong>Det er \u00f8nskelig at dere som deltar<\/strong><\/p>\n<ol>\n<li>Skriver en tekst om et relevant tema i etterkant av seminaret, det kan v\u00e6re bestemte utfordringer dere har, ting dere har gjort, hva dere vil gj\u00f8re annerledes osv.\u00a0<a href=\"https:\/\/site.nord.no\/studenterssuksess\/deltagelse-i-prosjektet\/tekstbidrag\/\" target=\"_blank\" rel=\"noopener\">Se mer om det \u00e5 skrive tekst<br \/>\n<\/a><\/li>\n<\/ol>\n<p><strong>Kostnader<\/strong><br \/>\nSeminarene vil i regelen bli arrangert p\u00e5 et hotell. Deltagerne m\u00e5 dekke egne overnatting- og reisekostnader. Deltagere fra organisasjoner som ikke bidrar \u00f8konomisk til nettverket vil m\u00e5tte betale en deltageravgift som da vil gi et bidrag til nettverkets aktiviteter.<br \/>\n<strong>Delta som team<\/strong><br \/>\nDet vil telle positivt dersom man stiller med et team som sammen kan dele erfaringer p\u00e5 arbeidsseminaret og ta med seg \u00abhjem\u00bb konkrete planer om endringer og tiltak. Et typisk team kan v\u00e6re en utdanningsleder, en administrativt ansatt som til dagen samarbeider med utdanningslederen og en tillitsvalgt student som er knyttet til den samme utdanningen. For noen vil det ogs\u00e5 v\u00e6re aktuelt \u00e5 ha med en ansatt i samskipnaden eller fra biblioteket.<br \/>\n<strong>Om bare \u00e5 v\u00e6re med p\u00e5 deler av seminaret<br \/>\n<\/strong>Erfaringen viser at noen lokale deltagere velger \u00e5 reise hjem p\u00e5 ettermiddagen og kvelden. Vi gj\u00f8r oppmerksom p\u00e5 at seminaret er en prosessamling hvor man b\u00f8r delta p\u00e5 alt. Det er ikke en konferanse hvor man kan delta p\u00e5 det som passer en. Gruppediskusjoner er det sentrale, og frie diskusjoner p\u00e5 kvelden er viktige. Dette blant annet for \u00e5 bygge nettverk med kolleger landet rundt. Hver og en har ansvar for dette og seminarene vil ikke fungere dersom mange velger \u00e5 v\u00e6re borte.<br \/>\nDet kan ogs\u00e5 bli aktuelt \u00e5 avlyse et seminar dersom det blir for f\u00e5 deltagere som er med i hele seminarprosessen.<br \/>\n&nbsp;<\/p>\n","protected":false},"excerpt":{"rendered":"<p>Plass p\u00e5 seminar Det planlegges med mellom 20-50 deltagere p\u00e5 hvert arbeidsseminar. Blir det trangt med plass vil vi m\u00e5tte prioritere deltagere fra betalende organisasjoner.\u00a0 Det er ogs\u00e5 et m\u00e5l [&hellip;]<\/p>\n","protected":false},"author":82,"featured_media":0,"parent":0,"menu_order":0,"comment_status":"closed","ping_status":"closed","template":"","meta":{"footnotes":""},"coauthors":[],"class_list":["post-6934","page","type-page","status-publish","hentry"],"_links":{"self":[{"href":"https:\/\/site.nord.no\/studenterssuksess\/wp-json\/wp\/v2\/pages\/6934","targetHints":{"allow":["GET"]}}],"collection":[{"href":"https:\/\/site.nord.no\/studenterssuksess\/wp-json\/wp\/v2\/pages"}],"about":[{"href":"https:\/\/site.nord.no\/studenterssuksess\/wp-json\/wp\/v2\/types\/page"}],"author":[{"embeddable":true,"href":"https:\/\/site.nord.no\/studenterssuksess\/wp-json\/wp\/v2\/users\/82"}],"replies":[{"embeddable":true,"href":"https:\/\/site.nord.no\/studenterssuksess\/wp-json\/wp\/v2\/comments?post=6934"}],"version-history":[{"count":0,"href":"https:\/\/site.nord.no\/studenterssuksess\/wp-json\/wp\/v2\/pages\/6934\/revisions"}],"wp:attachment":[{"href":"https:\/\/site.nord.no\/studenterssuksess\/wp-json\/wp\/v2\/media?parent=6934"}],"wp:term":[{"taxonomy":"author","embeddable":true,"href":"https:\/\/site.nord.no\/studenterssuksess\/wp-json\/wp\/v2\/coauthors?post=6934"}],"curies":[{"name":"wp","href":"https:\/\/api.w.org\/{rel}","templated":true}]}}