{"id":6937,"date":"2017-01-09T14:07:41","date_gmt":"2017-01-09T14:07:41","guid":{"rendered":"http:\/\/nfye.w.uib.no\/?page_id=501"},"modified":"2017-01-09T14:07:41","modified_gmt":"2017-01-09T14:07:41","slug":"tidsplan-arbeidsseminar","status":"publish","type":"page","link":"https:\/\/site.nord.no\/studenterssuksess\/tidsplan-arbeidsseminar\/","title":{"rendered":"Tidsplan arbeidsseminar"},"content":{"rendered":"<p>Det er forventet at alle deltakere er til stede fra start til slutt p\u00e5 seminaret.<\/p>\n<table style=\"height: 840px\" width=\"538\">\n<tbody>\n<tr>\n<td width=\"142\">\n<h2><strong>Dag 1<br \/>\n<\/strong><\/h2>\n<\/td>\n<td width=\"399\"><\/td>\n<\/tr>\n<tr>\n<td width=\"142\">\n<h4>Kl. 08.30 &#8211; 10.00<\/h4>\n<\/td>\n<td width=\"399\">\n<h4><strong>Innf\u00f8ring i Stigemodellen (Et forkurs for de som \u00f8nsker)<\/strong><\/h4>\n<p>Som en felles referanseramme for nettsidene og arbeidsseminarene benytter vi S\u00e6thre sin stigemodell. <a href=\"https:\/\/site.nord.no\/studenterssuksess\/oppgaver\/\">Se mer her.<\/a> Dette er et kortkurs f\u00f8r seminaret starter, for de som ikke har h\u00f8rt S\u00e6thre forklare modellen tidligere, eller \u00f8nsker en oppfriskning.<\/td>\n<\/tr>\n<tr>\n<td width=\"142\">\n<h4>Kl. 10.15<\/h4>\n<\/td>\n<td width=\"399\">\n<h4><strong>Seminaret starter<\/strong><\/h4>\n<\/td>\n<\/tr>\n<tr>\n<td width=\"142\">\n<h4>Ca. kl. 12<\/h4>\n<\/td>\n<td width=\"399\">\n<h4><strong>Lunsj<br \/>\n<\/strong><\/h4>\n<\/td>\n<\/tr>\n<tr>\n<td width=\"142\">\n<h4>Kl. 13.00<\/h4>\n<\/td>\n<td width=\"399\">\n<h4><strong>Seminaret \u00a0fortsetter (med innlagte pauser)<\/strong><\/h4>\n<\/td>\n<\/tr>\n<tr>\n<td width=\"142\">\n<h4>Kl. 17.00<\/h4>\n<\/td>\n<td width=\"399\">\n<h4><strong>Avslutning formell del f\u00f8rste dag<\/strong><\/h4>\n<\/td>\n<\/tr>\n<tr>\n<td width=\"142\">\n<h4>Kl. 19.00<\/h4>\n<\/td>\n<td width=\"399\">\n<h4><strong>Felles middag<\/strong><\/h4>\n<\/td>\n<\/tr>\n<tr>\n<td width=\"142\">\n<h2><strong>Dag 2<\/strong><\/h2>\n<\/td>\n<td width=\"399\"><\/td>\n<\/tr>\n<tr>\n<td width=\"142\">\n<h4>\u00a0Kl. 09.00<\/h4>\n<\/td>\n<td width=\"399\">\n<h4><strong>Seminaret fortsetter (med innlagte pauser og lunsj)<\/strong><\/h4>\n<\/td>\n<\/tr>\n<tr>\n<td width=\"142\">\n<h4>Kl. 14.00<\/h4>\n<\/td>\n<td width=\"399\">\n<h4><strong>Seminaret\u00a0 er ferdig<\/strong><\/h4>\n<\/td>\n<\/tr>\n<\/tbody>\n<\/table>\n","protected":false},"excerpt":{"rendered":"<p>Det er forventet at alle deltakere er til stede fra start til slutt p\u00e5 seminaret. Dag 1 Kl. 08.30 &#8211; 10.00 Innf\u00f8ring i Stigemodellen (Et forkurs for de som \u00f8nsker) [&hellip;]<\/p>\n","protected":false},"author":82,"featured_media":0,"parent":0,"menu_order":0,"comment_status":"closed","ping_status":"closed","template":"","meta":{"footnotes":""},"coauthors":[],"class_list":["post-6937","page","type-page","status-publish","hentry"],"_links":{"self":[{"href":"https:\/\/site.nord.no\/studenterssuksess\/wp-json\/wp\/v2\/pages\/6937","targetHints":{"allow":["GET"]}}],"collection":[{"href":"https:\/\/site.nord.no\/studenterssuksess\/wp-json\/wp\/v2\/pages"}],"about":[{"href":"https:\/\/site.nord.no\/studenterssuksess\/wp-json\/wp\/v2\/types\/page"}],"author":[{"embeddable":true,"href":"https:\/\/site.nord.no\/studenterssuksess\/wp-json\/wp\/v2\/users\/82"}],"replies":[{"embeddable":true,"href":"https:\/\/site.nord.no\/studenterssuksess\/wp-json\/wp\/v2\/comments?post=6937"}],"version-history":[{"count":0,"href":"https:\/\/site.nord.no\/studenterssuksess\/wp-json\/wp\/v2\/pages\/6937\/revisions"}],"wp:attachment":[{"href":"https:\/\/site.nord.no\/studenterssuksess\/wp-json\/wp\/v2\/media?parent=6937"}],"wp:term":[{"taxonomy":"author","embeddable":true,"href":"https:\/\/site.nord.no\/studenterssuksess\/wp-json\/wp\/v2\/coauthors?post=6937"}],"curies":[{"name":"wp","href":"https:\/\/api.w.org\/{rel}","templated":true}]}}