{"id":6943,"date":"2017-08-03T10:43:43","date_gmt":"2017-08-03T10:43:43","guid":{"rendered":"http:\/\/nfye.w.uib.no\/?page_id=831"},"modified":"2017-08-03T10:43:43","modified_gmt":"2017-08-03T10:43:43","slug":"konferansen-studentene-skal-lykkes-11-12-desember-2017-2","status":"publish","type":"page","link":"https:\/\/site.nord.no\/studenterssuksess\/konferansen-studentene-skal-lykkes-11-12-desember-2017-2\/","title":{"rendered":"Konferansen &#8211; Studentene skal lykkes!"},"content":{"rendered":"<p>Dette var den f\u00f8rste \u00e5rskonferansen til prosjektet Kompetansedeling for studenters suksess i h\u00f8yere utdanning.<br \/>\n<strong>Tid og sted<br \/>\n<\/strong>11.-12. desember 2017, Studentsenteret i Bergen<span style=\"color: #ff0000\"><br \/>\n<\/span><br \/>\n<strong>Plenumsforedrag ved Joe Cuseo<br \/>\n<\/strong><a href=\"https:\/\/site.nord.no\/studenterssuksess\/foredrag-ved-joe-cuseo\/\">Promoting the Success of University Students: Seven Universal Principles &amp; Powerful Practices<\/a><strong><br \/>\n<\/strong><br \/>\n<strong>Parallellsesjoner<br \/>\n<\/strong>P\u00e5 konferansen var det 27 ulike presentasjoner med titler som\u00a0&laquo;Studieforberedende kurs &#8211; p\u00e5 godt og vondt&raquo;, &laquo;Evaluering av helheten i andre semester&raquo;, &laquo;Hva viser frafallstallene og hva betyr ulike begrepsdefinisjoner?&raquo;, &laquo;Lykkepromille &#8211; veien videre for rusmiddelforebyggende arbeid i fadderuken&raquo;<br \/>\nog &laquo;God forventningsavklaring &#8211; mindre fr\u00e5fall?&raquo;. I tillegg deltok <a href=\"https:\/\/utdanning.no\/\">utdanning.no<\/a> p\u00e5 konferansen med b\u00e5de innlegg og arbeidsseminar, og Ideas2evidence presenterte sin ferske rapport om <a href=\"http:\/\/www.ideas2evidence.com\/news\/ny-rapport-om-studentflyt-og-frafall-i-utdanning\">studentflyt og frafall i h\u00f8yere utdanning<\/a>.<br \/>\nSe oversikt over <a href=\"https:\/\/site.nord.no\/studenterssuksess\/oversikt-over-alle-innlegg-pa-konferansen\/\">alle innlegg p\u00e5 konferansen her<\/a>.<br \/>\n<strong>Akkurat n\u00e5!<\/strong><br \/>\nHer tok vi opp hvordan vi m\u00f8ter dagsaktuelle utfordringer med <a href=\"https:\/\/site.nord.no\/studenterssuksess\/2017\/12\/01\/metoo\/\">#Metoo<\/a> eller i hvilken grad <a href=\"https:\/\/site.nord.no\/studenterssuksess\/2017\/12\/01\/obligatorisk-oppmote\/\">obligatorisk oppm\u00f8te<\/a> kan v\u00e6re et virkemiddel i tr\u00e5d med diskusjonen om frav\u00e6rsgrensen i videreg\u00e5ende skole.<br \/>\n<strong>St\u00f8rrelse<br \/>\n<\/strong>Over 100 deltakere deltok p\u00e5 konferansen og det gikk 3-4 innlegg parallelt under parallellsesjonene.<br \/>\n<strong>M\u00e5lgruppe<\/strong><br \/>\nUtdanningsledere, studieadministrativt ansatte, forskere, bibliotekarer, universitetsledere, teknisk ansatte og studentene selv \u2013 egentlig hvem som helst som arbeider med \u00e5 tilrettelegge for bedre gjennomf\u00f8ring i utdanningene.<br \/>\n<strong>Deltakeravgift<\/strong><br \/>\nKonferansen var gratis for studenter og ansatte ved <a href=\"https:\/\/site.nord.no\/studenterssuksess\/hvem-star-bak-prosjektet\/\">eiende organisasjoner<\/a>.\u00a0For ansatte ved ikke eiende organisasjoner var deltakeravgiften p\u00e5 2500 kroner.<br \/>\n<strong>Overnatting og reise<\/strong><br \/>\nDen enkelte m\u00e5tte selv organisere og dekke sin egen reise og overnatting. Men vi hadde inng\u00e5tt avtaler om reduserte priser med noen hotell, se <a href=\"https:\/\/site.nord.no\/studenterssuksess\/bestilling-av-hotell\/\">denne siden<\/a> for en oversikt.<br \/>\n<strong>Mat og drikke<br \/>\n<\/strong>Det ble servert lunsj for alle deltakerne begge dager, og ca. 60 deltakere var med p\u00e5 festmiddagen i historiske Sch\u00f8tstuene p\u00e5 bryggen.<br \/>\n<strong>Studentsstipend<br \/>\n<\/strong>Studenter som holdt innlegg eller som var med innledere til parallellsesjonene fikk dekket inntil 2000 kroner av utgifter til reise og hotell.<br \/>\n<strong>Nettverksbygging<\/strong><br \/>\nEt viktig m\u00e5l med konferansen var at deltagerne utveksler informasjon i formelle og uformelle sammenhenger. Vi pr\u00f8vde derfor \u00e5 legge til rette for at personer med lignende oppgaver\/interesser skulle m\u00f8te hverandre tidlig p\u00e5 nettverks\u00f8kten under konferansen.<\/p>\n","protected":false},"excerpt":{"rendered":"<p>Dette var den f\u00f8rste \u00e5rskonferansen til prosjektet Kompetansedeling for studenters suksess i h\u00f8yere utdanning. Tid og sted 11.-12. desember 2017, Studentsenteret i Bergen Plenumsforedrag ved Joe Cuseo Promoting the Success [&hellip;]<\/p>\n","protected":false},"author":82,"featured_media":1608,"parent":0,"menu_order":0,"comment_status":"closed","ping_status":"closed","template":"","meta":{"footnotes":""},"coauthors":[],"class_list":["post-6943","page","type-page","status-publish","has-post-thumbnail","hentry"],"_links":{"self":[{"href":"https:\/\/site.nord.no\/studenterssuksess\/wp-json\/wp\/v2\/pages\/6943","targetHints":{"allow":["GET"]}}],"collection":[{"href":"https:\/\/site.nord.no\/studenterssuksess\/wp-json\/wp\/v2\/pages"}],"about":[{"href":"https:\/\/site.nord.no\/studenterssuksess\/wp-json\/wp\/v2\/types\/page"}],"author":[{"embeddable":true,"href":"https:\/\/site.nord.no\/studenterssuksess\/wp-json\/wp\/v2\/users\/82"}],"replies":[{"embeddable":true,"href":"https:\/\/site.nord.no\/studenterssuksess\/wp-json\/wp\/v2\/comments?post=6943"}],"version-history":[{"count":0,"href":"https:\/\/site.nord.no\/studenterssuksess\/wp-json\/wp\/v2\/pages\/6943\/revisions"}],"wp:featuredmedia":[{"embeddable":true,"href":"https:\/\/site.nord.no\/studenterssuksess\/wp-json\/wp\/v2\/media\/1608"}],"wp:attachment":[{"href":"https:\/\/site.nord.no\/studenterssuksess\/wp-json\/wp\/v2\/media?parent=6943"}],"wp:term":[{"taxonomy":"author","embeddable":true,"href":"https:\/\/site.nord.no\/studenterssuksess\/wp-json\/wp\/v2\/coauthors?post=6943"}],"curies":[{"name":"wp","href":"https:\/\/api.w.org\/{rel}","templated":true}]}}