{"id":6950,"date":"2017-10-10T16:20:03","date_gmt":"2017-10-10T16:20:03","guid":{"rendered":"http:\/\/nfye.w.uib.no\/?page_id=1012"},"modified":"2017-10-10T16:20:03","modified_gmt":"2017-10-10T16:20:03","slug":"foredrag-ved-joe-cuseo","status":"publish","type":"page","link":"https:\/\/site.nord.no\/studenterssuksess\/foredrag-ved-joe-cuseo\/","title":{"rendered":"Foredrag ved Joe Cuseo"},"content":{"rendered":"<p>Vi var heldige og fikk fatt i <a href=\"https:\/\/site.nord.no\/studenterssuksess\/joe-cuseo\/\">Joe Cuseo<\/a>, professor emeritus i psykologi og en av nestorene i USA p\u00e5 \u00e5 tilrettelegge for studenters suksess, til \u00e5 holde foredrag og arrangere arbeidsseminar p\u00e5 konferansen. Sv\u00e6rt mange av de som arbeider med disse problemstillingene i USA kjenner Cuseo fordi han, p\u00e5 bakgrunn av sin lange erfaring, stadig bidrar med svar og deler artikler og referanser p\u00e5 sp\u00f8rsm\u00e5l som dukker opp p\u00e5 et st\u00f8rre diskusjonsforumet LISTSERV, som drives av <a href=\"http:\/\/www.sc.edu\/fye\/\">The National Resource Center for The First-Year Experience and Students in Transition<\/a>. Dessuten er han mye brukt til \u00e5 holde foredrag og arrangere workshops. Cuseo kom med mange tips og inspirasjon til hvordan vi kan f\u00e5 opp aktiviteten i v\u00e5r egen organisasjon.<br \/>\nForedraget hadde tittelen:<br \/>\n<strong>Promoting the Success of University Students: Seven Universal Principles &amp; Powerful Practices<\/strong><br \/>\nResearch suggests there are timeless, universal learning processes that underlie student motivation, retention, and academic achievement. This presentation describes the following seven, research-based principles of student success \u00a0and discuss high-impact educational practices for implementing each of them: (1) <em>personal validation, (2) self-efficacy, growth mindset<\/em><em> and g<\/em><em>rit, <\/em>(3) <em>finding meaning and purpose, <\/em>(4) <em>active involvement (engagement)<\/em>, (5) <em>reflection<\/em>, (6) <em>social integration<\/em>, and (7) <em>self-awareness<\/em>. These principles can provide a foundation for building a campus culture that is unified by common educational language and common educational practices that foster the success of all students, both inside and outside the classroom.<br \/>\nSe <a href=\"https:\/\/mediasite.uib.no\/Mediasite\/Play\/d1c5a2483f2546d1b706558500cc06b11d\">denne siden<\/a> for streaming av foredraget og <a href=\"https:\/\/site.nord.no\/studenterssuksess\/wp-content\/uploads\/sites\/36\/2017\/12\/Seven-Principles-of-Student-Success-ResearchPractice-Cuseo.pdf\">denne siden<\/a> for kompendiet fra foredraget.<br \/>\nI etterkant av foredraget til Cuseo hadde han et eget arbeidsseminar med tittelen:<br \/>\n<strong>The Ideal First-Year Experience Program: What would it look like?<\/strong><br \/>\nSe <a href=\"https:\/\/site.nord.no\/studenterssuksess\/wp-content\/uploads\/sites\/36\/2017\/12\/FYE-comprehensive-self-assessment-Norway-Cuseo.pdf\">denne siden <\/a>for kompendiet fra arbeidsseminaret.<\/p>\n","protected":false},"excerpt":{"rendered":"<p>Vi var heldige og fikk fatt i Joe Cuseo, professor emeritus i psykologi og en av nestorene i USA p\u00e5 \u00e5 tilrettelegge for studenters suksess, til \u00e5 holde foredrag og [&hellip;]<\/p>\n","protected":false},"author":82,"featured_media":0,"parent":0,"menu_order":0,"comment_status":"closed","ping_status":"closed","template":"","meta":{"footnotes":""},"coauthors":[],"class_list":["post-6950","page","type-page","status-publish","hentry"],"_links":{"self":[{"href":"https:\/\/site.nord.no\/studenterssuksess\/wp-json\/wp\/v2\/pages\/6950","targetHints":{"allow":["GET"]}}],"collection":[{"href":"https:\/\/site.nord.no\/studenterssuksess\/wp-json\/wp\/v2\/pages"}],"about":[{"href":"https:\/\/site.nord.no\/studenterssuksess\/wp-json\/wp\/v2\/types\/page"}],"author":[{"embeddable":true,"href":"https:\/\/site.nord.no\/studenterssuksess\/wp-json\/wp\/v2\/users\/82"}],"replies":[{"embeddable":true,"href":"https:\/\/site.nord.no\/studenterssuksess\/wp-json\/wp\/v2\/comments?post=6950"}],"version-history":[{"count":0,"href":"https:\/\/site.nord.no\/studenterssuksess\/wp-json\/wp\/v2\/pages\/6950\/revisions"}],"wp:attachment":[{"href":"https:\/\/site.nord.no\/studenterssuksess\/wp-json\/wp\/v2\/media?parent=6950"}],"wp:term":[{"taxonomy":"author","embeddable":true,"href":"https:\/\/site.nord.no\/studenterssuksess\/wp-json\/wp\/v2\/coauthors?post=6950"}],"curies":[{"name":"wp","href":"https:\/\/api.w.org\/{rel}","templated":true}]}}