{"id":6951,"date":"2017-10-19T07:36:05","date_gmt":"2017-10-19T07:36:05","guid":{"rendered":"http:\/\/nfye.w.uib.no\/?page_id=1065"},"modified":"2017-10-19T07:36:05","modified_gmt":"2017-10-19T07:36:05","slug":"tekstbidrag","status":"publish","type":"page","link":"https:\/\/site.nord.no\/studenterssuksess\/deltagelse-i-prosjektet\/tekstbidrag\/","title":{"rendered":"Tekster"},"content":{"rendered":"<p>&nbsp;<br \/>\nNettverket skal tilrettelegge for kompetansedeling p\u00e5 forhold som kan bidra til bedre gjennomf\u00f8ring, resultat, trivsel og god psykisk helse for studenter innen h\u00f8yere utdanning. Fokuset skal i hovedsak ligge p\u00e5 l\u00e6ringsmilj\u00f8et og rammene rundt undervisningen. Nettverket skal jobbe for \u00e5 fremme samarbeid og innsikt p\u00e5 tvers av institusjoner, fag og profesjoner.<br \/>\nEn viktig del av dette er \u00e5 dele arbeidsm\u00e5ter, tiltak og erfaringer gjennom tekster. Nedenfor har vi samlet tekstbidragene som er sendt inn av v\u00e5re medlemmer.<br \/>\n\u00d8nsker du \u00e5 bidra med tekst?\u00a0 Lenger nede finner du informasjon om utformingen av tekstbidrag.<br \/>\n<span style=\"text-decoration: underline\">Tema:<\/span><\/p>\n<ul>\n<li><a href=\"https:\/\/site.nord.no\/studenterssuksess\/tag\/forkunnskaper-erfaringer\/\">Forkunnskaper &#8211; erfaringer<\/a><\/li>\n<li><a href=\"https:\/\/site.nord.no\/studenterssuksess\/tag\/mottak-og-forstesemester\/\">Mottak og f\u00f8rstesemester<\/a><\/li>\n<li><a href=\"https:\/\/site.nord.no\/studenterssuksess\/tag\/organisering-roller\/\">Organisering &#8211; roller<\/a><\/li>\n<li><a href=\"https:\/\/site.nord.no\/studenterssuksess\/tag\/tilrettelegging-og-informasjon\/\">Fagtilbud, tilrettelegging og informasjon<\/a><\/li>\n<li><a href=\"https:\/\/site.nord.no\/studenterssuksess\/tag\/undervisning\/\">Undervisning<\/a><\/li>\n<li><a href=\"https:\/\/site.nord.no\/studenterssuksess\/tag\/infrastruktur-og-servicetilbud\/\">Infrastruktur og servicetilbud<\/a><\/li>\n<li><a href=\"https:\/\/site.nord.no\/studenterssuksess\/tag\/det-helhetlige-tilbudet\/\">Det helhetlige tilbudet<\/a><\/li>\n<li><a href=\"https:\/\/site.nord.no\/studenterssuksess\/tag\/studentenes-egne-drivkrefter\/\">Studentenes egne drivkrefter<\/a><\/li>\n<li><a href=\"https:\/\/site.nord.no\/studenterssuksess\/tag\/eksterne-drivkrefter\/\">Eksterne drivkrefter<\/a><\/li>\n<li><a href=\"https:\/\/site.nord.no\/studenterssuksess\/tag\/evalueringer\/\">Evalueringer<\/a><\/li>\n<li><a href=\"https:\/\/site.nord.no\/studenterssuksess\/tag\/statistikk-og-analyse\/\">Statistikk og analyse<\/a><\/li>\n<\/ul>\n<p><strong><br \/>\nUtforming av tekst<br \/>\n<\/strong>Teksten kan svare p\u00e5 sp\u00f8rsm\u00e5l av typen:<\/p>\n<ul>\n<li>Hvilke utfordringer\/problemstillinger \u00f8nsket vi \u00e5 l\u00f8se?<\/li>\n<li>Hva ble gjort?<\/li>\n<li>Hva krevde det av personer, tid og \u00f8konomi?<\/li>\n<li>Hvilke effekter s\u00e5 man? Var det noen sideeffekter?<\/li>\n<li>Hva fikk vi ikke til? Hvilke utfordringer har vi forsatt?<\/li>\n<\/ul>\n<p>Samtidig er det viktig \u00e5 skrive kort og poengtert, slik at kolleger i tilsvarende travle jobber raskt kan f\u00e5 et bilde p\u00e5 hva det dreier seg om. Det er absolutt en fordel dersom dere har mulighet til \u00e5 lenke opp eller gi leserne tilgang til mer omfattende rapporter, saksforelegg og lignende. Er det utfordringer dere ser, men ikke har l\u00f8sninger p\u00e5 enda, er dette ogs\u00e5 meget aktuelt \u00e5 dele p\u00e5 nettsidene.<br \/>\n<span style=\"text-decoration: underline\">Tekstformat<\/span><strong><br \/>\n<\/strong>Det er ingen strikte rammer for teksten man \u00f8nsker \u00e5 dele, men som en slags rettesnor er det bra om f\u00f8lgende er med:<\/p>\n<ul>\n<li>Tittel<\/li>\n<li>Forfatter(e) med kontaktdata<\/li>\n<li>Abstrakt: kort oppsummering i noen setninger<\/li>\n<li>Br\u00f8dtekst: man velger selv form og virkemidler, dette kan inneholde alt: tekst, bilder, film og lignende (alt m\u00e5 kunne legges fritt ut p\u00e5 nettsidene v\u00e5re).<\/li>\n<\/ul>\n<p>Samlet kan dette utgj\u00f8re 1-3 sider.<br \/>\nTekstforslag kan sendes p\u00e5 e-post til <a href=\"mailto:nfye@uib.no\">nfye@uib.no<\/a>.<br \/>\nDu kan velge 2 m\u00e5ter \u00e5 f\u00e5 behandlet teksten:<\/p>\n<ol>\n<li>Enkel versjon: Teksten blir sjekket av en av oss delansatte i nettverket og legges deretter ut p\u00e5 nettsidene. Vi ber imidlertid 2 andre deltagere om \u00e5 lese og kommentere innlegget p\u00e5 nettsidene etter teksten er lagt ut.<\/li>\n<li>Omfattende versjon: Teksten blir lest av 2 refereer i tillegg til en av de delansatte i nettverket som gir tilbakemelding til forfatter. Forfatteren av teksten kan endre teksten basert p\u00e5 tilbakemeldingene dersom hun\/han \u00f8nsker det f\u00f8r teksten blir lagt ut p\u00e5 nettsidene.<\/li>\n<\/ol>\n","protected":false},"excerpt":{"rendered":"<p>&nbsp; Nettverket skal tilrettelegge for kompetansedeling p\u00e5 forhold som kan bidra til bedre gjennomf\u00f8ring, resultat, trivsel og god psykisk helse for studenter innen h\u00f8yere utdanning. Fokuset skal i hovedsak ligge [&hellip;]<\/p>\n","protected":false},"author":84,"featured_media":174,"parent":7,"menu_order":1,"comment_status":"closed","ping_status":"closed","template":"","meta":{"footnotes":""},"coauthors":[],"class_list":["post-6951","page","type-page","status-publish","has-post-thumbnail","hentry"],"_links":{"self":[{"href":"https:\/\/site.nord.no\/studenterssuksess\/wp-json\/wp\/v2\/pages\/6951","targetHints":{"allow":["GET"]}}],"collection":[{"href":"https:\/\/site.nord.no\/studenterssuksess\/wp-json\/wp\/v2\/pages"}],"about":[{"href":"https:\/\/site.nord.no\/studenterssuksess\/wp-json\/wp\/v2\/types\/page"}],"author":[{"embeddable":true,"href":"https:\/\/site.nord.no\/studenterssuksess\/wp-json\/wp\/v2\/users\/84"}],"replies":[{"embeddable":true,"href":"https:\/\/site.nord.no\/studenterssuksess\/wp-json\/wp\/v2\/comments?post=6951"}],"version-history":[{"count":0,"href":"https:\/\/site.nord.no\/studenterssuksess\/wp-json\/wp\/v2\/pages\/6951\/revisions"}],"up":[{"embeddable":true,"href":"https:\/\/site.nord.no\/studenterssuksess\/wp-json\/wp\/v2\/pages\/7"}],"wp:featuredmedia":[{"embeddable":true,"href":"https:\/\/site.nord.no\/studenterssuksess\/wp-json\/wp\/v2\/media\/174"}],"wp:attachment":[{"href":"https:\/\/site.nord.no\/studenterssuksess\/wp-json\/wp\/v2\/media?parent=6951"}],"wp:term":[{"taxonomy":"author","embeddable":true,"href":"https:\/\/site.nord.no\/studenterssuksess\/wp-json\/wp\/v2\/coauthors?post=6951"}],"curies":[{"name":"wp","href":"https:\/\/api.w.org\/{rel}","templated":true}]}}