{"id":6952,"date":"2017-10-26T09:28:47","date_gmt":"2017-10-26T09:28:47","guid":{"rendered":"http:\/\/nfye.w.uib.no\/?page_id=1171"},"modified":"2017-10-26T09:28:47","modified_gmt":"2017-10-26T09:28:47","slug":"bestilling-av-hotell","status":"publish","type":"page","link":"https:\/\/site.nord.no\/studenterssuksess\/bestilling-av-hotell\/","title":{"rendered":"Bestilling av hotell"},"content":{"rendered":"<p>Deltakere m\u00e5 bestille hotell selv, men vi har gjort avtale med f\u00f8lgende hoteller:<\/p>\n<ul>\n<li><a href=\"https:\/\/citybox.no\/bergen\/\">Citybox<\/a>\n<ul>\n<li>Pris rom uten frokost: enkeltrom 595,- \/ dobbeltrom 669,-<\/li>\n<li>Bestillingskode: UIBMVF<\/li>\n<li>Bestillingsfrist: 3. november<\/li>\n<li>Bestillingsinformasjon: Bestilling gj\u00f8res ved \u00e5 sende e-post til bergen@citybox.no med f\u00f8lgende informasjon:\n<ul>\n<li>Bestillingskode<\/li>\n<li>Ankomst- og avreisedato<\/li>\n<li>\u00d8nsket romtype<\/li>\n<li>Navn, addresse og telefonnummer<\/li>\n<li>Kortinformasjon: kortnummer og utl\u00f8psdato. Merk at hotellet ikke belaster kortet, men at rommet betales ved ankomst<\/li>\n<\/ul>\n<\/li>\n<\/ul>\n<\/li>\n<\/ul>\n<ul>\n<li><a href=\"https:\/\/www.scandichotels.no\/hotell\/norge\/bergen\/scandic-bergen-city\">Scandic Bergen City<\/a>\n<ul>\n<li>Pris rom inkludert frokost: enkeltrom 1070,- \/ dobbeltrom 1270,-<\/li>\n<li>Bestillingskode: UNI101217<\/li>\n<li>Bestillingsfrist: ikke oppgitt<\/li>\n<\/ul>\n<\/li>\n<\/ul>\n<ul>\n<li><a href=\"https:\/\/www.scandichotels.no\/hotell\/norge\/bergen\/scandic-ornen\">Scandic \u00d8rnen<\/a>\n<ul>\n<li>Pris rom inkludert frokost: enkeltrom 1290,- \/ dobbeltrom 1490,-<\/li>\n<li>Bestillingskode: BUNI101217<\/li>\n<li>Bestillingsfrist: ikke oppgitt<\/li>\n<\/ul>\n<\/li>\n<\/ul>\n<ul>\n<li><a href=\"http:\/\/www.hotelpark.no\/nb\/\">Hotel Park Bergen<\/a>\n<ul>\n<li>Pris rom: enkelt-\/dobbeltrom 990,-<\/li>\n<li>Bestillingskode: Kompetansedeling<\/li>\n<li>Bestillingsfrist: 19. november<\/li>\n<\/ul>\n<\/li>\n<\/ul>\n<ul>\n<li><a href=\"http:\/\/steenshotel.no\/\">Steens hotell<\/a>\n<ul>\n<li>Pris rom inkludert frokost: enkeltrom 890,- \/ dobbeltrom 1190,-<\/li>\n<li>Bestillingskode: Kompetansedeling<\/li>\n<li>Bestillingsfrist: 12. november<\/li>\n<\/ul>\n<\/li>\n<\/ul>\n","protected":false},"excerpt":{"rendered":"<p>Deltakere m\u00e5 bestille hotell selv, men vi har gjort avtale med f\u00f8lgende hoteller: Citybox Pris rom uten frokost: enkeltrom 595,- \/ dobbeltrom 669,- Bestillingskode: UIBMVF Bestillingsfrist: 3. november Bestillingsinformasjon: Bestilling [&hellip;]<\/p>\n","protected":false},"author":84,"featured_media":0,"parent":0,"menu_order":0,"comment_status":"closed","ping_status":"closed","template":"","meta":{"footnotes":""},"coauthors":[],"class_list":["post-6952","page","type-page","status-publish","hentry"],"_links":{"self":[{"href":"https:\/\/site.nord.no\/studenterssuksess\/wp-json\/wp\/v2\/pages\/6952","targetHints":{"allow":["GET"]}}],"collection":[{"href":"https:\/\/site.nord.no\/studenterssuksess\/wp-json\/wp\/v2\/pages"}],"about":[{"href":"https:\/\/site.nord.no\/studenterssuksess\/wp-json\/wp\/v2\/types\/page"}],"author":[{"embeddable":true,"href":"https:\/\/site.nord.no\/studenterssuksess\/wp-json\/wp\/v2\/users\/84"}],"replies":[{"embeddable":true,"href":"https:\/\/site.nord.no\/studenterssuksess\/wp-json\/wp\/v2\/comments?post=6952"}],"version-history":[{"count":0,"href":"https:\/\/site.nord.no\/studenterssuksess\/wp-json\/wp\/v2\/pages\/6952\/revisions"}],"wp:attachment":[{"href":"https:\/\/site.nord.no\/studenterssuksess\/wp-json\/wp\/v2\/media?parent=6952"}],"wp:term":[{"taxonomy":"author","embeddable":true,"href":"https:\/\/site.nord.no\/studenterssuksess\/wp-json\/wp\/v2\/coauthors?post=6952"}],"curies":[{"name":"wp","href":"https:\/\/api.w.org\/{rel}","templated":true}]}}