{"id":6954,"date":"2017-11-21T07:46:42","date_gmt":"2017-11-21T07:46:42","guid":{"rendered":"http:\/\/nfye.w.uib.no\/?page_id=1218"},"modified":"2022-01-19T16:34:41","modified_gmt":"2022-01-19T15:34:41","slug":"oversikt-over-alle-innlegg-pa-konferansen","status":"publish","type":"page","link":"https:\/\/site.nord.no\/studenterssuksess\/oversikt-over-alle-innlegg-pa-konferansen\/","title":{"rendered":"Oversikt over alle innlegg p\u00e5 konferansen"},"content":{"rendered":"<p><a href=\"https:\/\/site.nord.no\/studenterssuksess\/a-1-studieforberedende-kurs-pa-godt-og-vondt\/\">A-1 Studieforberedende kurs &#8211; p\u00e5 godt og vondt<\/a><br \/>\n<a href=\"https:\/\/site.nord.no\/studenterssuksess\/a-2-lykkepromille-veien-videre-for-rusmiddelforebyggende-arbeid-i-fadderuken\/\">A-2 Lykkepromille &#8211; veien videre for rusmiddelforebyggende arbeid i fadderuken<\/a><br \/>\n<a href=\"https:\/\/site.nord.no\/studenterssuksess\/p-3-fra-forste-forelesning-til-eksamen-studentinvolvering-i-produksjon-av-brettspillet-goped\/\">P-3 Fra f\u00f8rste forelesning til eksamen &#8211; studentinvolvering i produksjon av brettspillet GoPed<\/a><br \/>\n<a href=\"https:\/\/site.nord.no\/studenterssuksess\/p-4-fra-bibliotek-til-laeringssenter-visjoner-om-en-sentral-sosial-og-faglig-arena-for-bachelorstudenter\/\">P-4 Nytt l\u00e6ringssenter i Realfagbygget ved UiB &#8211; visjoner om en sentral og faglig arena for bachelorstudenter<\/a><em><br \/>\n<\/em><br \/>\n<a href=\"https:\/\/site.nord.no\/studenterssuksess\/p-5-prosjekt-god-start\/\">P-5 Prosjekt God start<\/a><br \/>\n<a href=\"https:\/\/site.nord.no\/studenterssuksess\/a-6-studenter-i-faresonen-for-a-slutte-pa-studiet\/\">A-6 Studenter i faresonen for \u00e5 slutte p\u00e5 studiet<\/a><br \/>\n<a href=\"https:\/\/site.nord.no\/studenterssuksess\/p-7-analyse-av-studentflyt-og-sektorfrafall-i-hoyere-utdanning-i-norge\/\">P-7 Analyse av studentflyt og sektorfrafall i h\u00f8yere utdanning i Norge<\/a><br \/>\n<a href=\"https:\/\/site.nord.no\/studenterssuksess\/a-8-sammenlikning-av-data-fra-ulike-datakilder\/\">A-8 Sammenlikning av data fra ulike datakilder<\/a><br \/>\n<a href=\"https:\/\/site.nord.no\/studenterssuksess\/a-9-en-studie-av-fenomenet-studenters-motivasjon\/\">A-9 En studie av fenomenet studenters motivasjon<\/a><br \/>\n<a href=\"https:\/\/site.nord.no\/studenterssuksess\/st-10-mottakssamtalen-om-a-gjore-de-riktige-valgene\/\">ST-10 Mottakssamtalen &#8211; om \u00e5 gj\u00f8re de riktige valgene<\/a><br \/>\n<a href=\"https:\/\/site.nord.no\/studenterssuksess\/p-11-god-forventningsavklaring-mindre-frafall\/\">P-11 God forventningsavklaring &#8211; mindre fr\u00e5fall?<\/a><br \/>\n<a href=\"https:\/\/site.nord.no\/studenterssuksess\/p-12-hva-er-viktigst-for-overordnet-studenttilfredshet-analyser-av-hioa-studentenes-svar-i-studiebarometeret-2016\/\">P-12 Hva er viktigst for overordnet studenttilfredshet? Analyser av HiOA-studentenes svar i studiebarometeret 2016<\/a><br \/>\n<a href=\"https:\/\/site.nord.no\/studenterssuksess\/a-13-utdanning-no-som-verktoy-i-karriereveiledning-for-studenter\/\">P\/A-13 Utdanning.no som verkt\u00f8y i karriereveiledning for studenter<\/a><br \/>\n<a href=\"https:\/\/site.nord.no\/studenterssuksess\/p-14-forste-semester-prosjektet-fra-god-ide-til-et-samlende-prosjekt-pa-nord-universitet\/\">P-14 F\u00f8rste semester prosjekt &#8211; fra god ide til et samlende prosjekt p\u00e5 Nord universitet<\/a><br \/>\n<a href=\"https:\/\/site.nord.no\/studenterssuksess\/st-15-suksesskriterier-i-forste-semester-pa-sykepleieutdanningen-vid-vitenskapelige-hoyskole-campus-oslo\/\">ST-15 Suksesskriterier i f\u00f8rste semester p\u00e5 sykepleieutdanningen, VID vitenskapelige h\u00f8yskole, campus Oslo<\/a><br \/>\n<a href=\"https:\/\/site.nord.no\/studenterssuksess\/a-16-attraktivt-for-alle\/\">A-16 Studentmentor &#8211; Attraktivt for alle?<\/a><em><br \/>\n<\/em><br \/>\n<a href=\"https:\/\/site.nord.no\/studenterssuksess\/a-17-lavterskeltilbud-hvordan-nar-vi-studenter-som-sliter\/\">A-17 Lavterskeltilbud &#8211; hvordan n\u00e5r man studenter som sliter?<\/a><br \/>\n<a href=\"https:\/\/site.nord.no\/studenterssuksess\/a-18-evaluering-av-helheten-i-andre-semester\/\">A-18 Evaluering av helheten i andre semester<\/a><br \/>\n<a href=\"https:\/\/site.nord.no\/studenterssuksess\/st-19-programmoter-som-motivasjonstiltak-for-bachelorstudenter\/\">ST-19 Programm\u00f8ter som motivasjonstiltak for bachelorstudenter<\/a><br \/>\n<a href=\"https:\/\/site.nord.no\/studenterssuksess\/p-20-startpakka-for-nye-studenter-en-e-laeringsressurs-i-studieteknikk-og-akademisk-skriving\/\">P-20 Startpakka for nye studenter &#8211; en e-l\u00e6ringsressurs i studieteknikk og akademisk skriving<\/a><br \/>\n<a href=\"https:\/\/site.nord.no\/studenterssuksess\/p-21-opplaering-av-studiegruppeledere-en-stotte-for-nye-studenter\/\">P-21 Oppl\u00e6ring av studiegruppeledere &#8211; en st\u00f8tte for nye studenter<\/a><br \/>\n<a href=\"https:\/\/site.nord.no\/studenterssuksess\/a-22-tillitsvalgte-rockestjerner-rollemodeller-og-ressurser\/\">A-22 Tillitsvalgte: Rockestjerner, rollemodeller og ressurser<\/a><br \/>\n<a href=\"https:\/\/site.nord.no\/studenterssuksess\/a-24-informasjon-til-framtidige-studenter-i-forkant-av-studiestart-hva-og-hvordan\/\">P-23 Informasjon til framtidige studenter i forkant av studiestart &#8211; hva og hvordan?<\/a><br \/>\n<a href=\"https:\/\/site.nord.no\/studenterssuksess\/a-24-the-ideal-first-year-experience-program-what-would-it-look-like\/\">A-24 The Ideal First-Year Experience Program: What Would It Look Like?<\/a><br \/>\n<a href=\"https:\/\/site.nord.no\/studenterssuksess\/p-25-mottak-og-forstearsseminar-men-hva-sa\/\">P-25 Mottak og f\u00f8rste\u00e5rsseminar, men hva s\u00e5?<\/a><br \/>\n<strong>Sesjoner f\u00f8r konferansen offisielt starter:<\/strong><br \/>\n<a href=\"https:\/\/site.nord.no\/studenterssuksess\/1-hva-viser-frafallstallene-og-hva-betyr-ulike-begrepsdefinisjoner\/\">1) Arbeidsseminar: Hva viser frafallstallene og hva betyr ulike begrepsdefinisjoner? <\/a><br \/>\n<a href=\"https:\/\/site.nord.no\/studenterssuksess\/2-om-prosjektet-kompetansedeling-for-studenters-suksess-i-hoyere-utdanning\/\">2) Presentasjon: Om prosjektet &laquo;Kompetansedeling for studenters suksess i h\u00f8yere utdanning&raquo;<\/a><br \/>\n<a href=\"https:\/\/site.nord.no\/studenterssuksess\/3-innforing-i-stigemodellen\/\">3) Forkurs: Innf\u00f8ring i stigemodellen<\/a><br \/>\n<strong>Keynote: <\/strong><br \/>\n<a href=\"https:\/\/site.nord.no\/studenterssuksess\/foredrag-ved-joe-cuseo\/\">Promoting the Success of University Students: Seven Universal Principles &amp; Powerful Practices<\/a><\/p>\n","protected":false},"excerpt":{"rendered":"<p>A-1 Studieforberedende kurs &#8211; p\u00e5 godt og vondt A-2 Lykkepromille &#8211; veien videre for rusmiddelforebyggende arbeid i fadderuken P-3 Fra f\u00f8rste forelesning til eksamen &#8211; studentinvolvering i produksjon av brettspillet [&hellip;]<\/p>\n","protected":false},"author":84,"featured_media":0,"parent":0,"menu_order":0,"comment_status":"closed","ping_status":"closed","template":"","meta":{"footnotes":""},"coauthors":[54],"class_list":["post-6954","page","type-page","status-publish","hentry"],"_links":{"self":[{"href":"https:\/\/site.nord.no\/studenterssuksess\/wp-json\/wp\/v2\/pages\/6954","targetHints":{"allow":["GET"]}}],"collection":[{"href":"https:\/\/site.nord.no\/studenterssuksess\/wp-json\/wp\/v2\/pages"}],"about":[{"href":"https:\/\/site.nord.no\/studenterssuksess\/wp-json\/wp\/v2\/types\/page"}],"author":[{"embeddable":true,"href":"https:\/\/site.nord.no\/studenterssuksess\/wp-json\/wp\/v2\/users\/84"}],"replies":[{"embeddable":true,"href":"https:\/\/site.nord.no\/studenterssuksess\/wp-json\/wp\/v2\/comments?post=6954"}],"version-history":[{"count":2,"href":"https:\/\/site.nord.no\/studenterssuksess\/wp-json\/wp\/v2\/pages\/6954\/revisions"}],"predecessor-version":[{"id":7139,"href":"https:\/\/site.nord.no\/studenterssuksess\/wp-json\/wp\/v2\/pages\/6954\/revisions\/7139"}],"wp:attachment":[{"href":"https:\/\/site.nord.no\/studenterssuksess\/wp-json\/wp\/v2\/media?parent=6954"}],"wp:term":[{"taxonomy":"author","embeddable":true,"href":"https:\/\/site.nord.no\/studenterssuksess\/wp-json\/wp\/v2\/coauthors?post=6954"}],"curies":[{"name":"wp","href":"https:\/\/api.w.org\/{rel}","templated":true}]}}