{"id":7502,"date":"2022-11-30T12:28:24","date_gmt":"2022-11-30T11:28:24","guid":{"rendered":"https:\/\/site.nord.no\/studenterssuksess\/?page_id=7502"},"modified":"2022-11-30T15:41:37","modified_gmt":"2022-11-30T14:41:37","slug":"7502-2","status":"publish","type":"page","link":"https:\/\/site.nord.no\/studenterssuksess\/7502-2\/","title":{"rendered":""},"content":{"rendered":"<h1>Praktisk info om ankomst konferanse<\/h1>\n<p>Konferansen vil bli avholdt i Realfagsbygget til NTNU p\u00e5 Gl\u00f8shaugen i Trondheim. Det er lett \u00e5 komme seg fram til bygget med kollektiv transport fra Trondheim sentrum. Reiseforslag for bussreiser finner du p\u00e5 <a href=\"https:\/\/www.atb.no\/\">AtB.no<\/a><\/p>\n<p>Nedenfor ser du kart for ankomst:<\/p>\n<p><img fetchpriority=\"high\" decoding=\"async\" class=\"alignnone size-full wp-image-7530\" src=\"https:\/\/site.nord.no\/studenterssuksess\/wp-content\/uploads\/sites\/36\/2022\/11\/buss-1.png\" alt=\"\" width=\"1140\" height=\"864\" \/><\/p>\n<p>N\u00e5r du ankommer Realfagsbygget er det inngang mellom kjemi 1 og kjemi 2 (som vist p\u00e5 kart). Ved inngangen er det trapp\/heis til underetasje 1 (U1) hvor konferansen holder sted. Ved ankomst U1 vil registrering og konferanserom v\u00e6re lett synlig. Hovedrom for konferanse er R7 (som vist p\u00e5 kart).<\/p>\n<p><img decoding=\"async\" class=\"alignnone size-full wp-image-7504\" src=\"https:\/\/site.nord.no\/studenterssuksess\/wp-content\/uploads\/sites\/36\/2022\/11\/Kart-realfagsbygget-nettside-.png\" alt=\"\" width=\"920\" height=\"490\" \/><\/p>\n<p>Alle deltagere m\u00e5 registrere seg ved ankomst og motta et navneskilt. Det vil ogs\u00e5 v\u00e6re muligheter for \u00e5 henge fra seg yttert\u00f8y og bagasje p\u00e5 eget ansvar (er vakter som passer p\u00e5).<\/p>\n","protected":false},"excerpt":{"rendered":"<p>Praktisk info om ankomst konferanse Konferansen vil bli avholdt i Realfagsbygget til NTNU p\u00e5 Gl\u00f8shaugen i Trondheim. Det er lett \u00e5 komme seg fram til bygget med kollektiv transport fra [&hellip;]<\/p>\n","protected":false},"author":73,"featured_media":0,"parent":0,"menu_order":0,"comment_status":"closed","ping_status":"closed","template":"","meta":{"footnotes":""},"coauthors":[8],"class_list":["post-7502","page","type-page","status-publish","hentry"],"_links":{"self":[{"href":"https:\/\/site.nord.no\/studenterssuksess\/wp-json\/wp\/v2\/pages\/7502","targetHints":{"allow":["GET"]}}],"collection":[{"href":"https:\/\/site.nord.no\/studenterssuksess\/wp-json\/wp\/v2\/pages"}],"about":[{"href":"https:\/\/site.nord.no\/studenterssuksess\/wp-json\/wp\/v2\/types\/page"}],"author":[{"embeddable":true,"href":"https:\/\/site.nord.no\/studenterssuksess\/wp-json\/wp\/v2\/users\/73"}],"replies":[{"embeddable":true,"href":"https:\/\/site.nord.no\/studenterssuksess\/wp-json\/wp\/v2\/comments?post=7502"}],"version-history":[{"count":3,"href":"https:\/\/site.nord.no\/studenterssuksess\/wp-json\/wp\/v2\/pages\/7502\/revisions"}],"predecessor-version":[{"id":7531,"href":"https:\/\/site.nord.no\/studenterssuksess\/wp-json\/wp\/v2\/pages\/7502\/revisions\/7531"}],"wp:attachment":[{"href":"https:\/\/site.nord.no\/studenterssuksess\/wp-json\/wp\/v2\/media?parent=7502"}],"wp:term":[{"taxonomy":"author","embeddable":true,"href":"https:\/\/site.nord.no\/studenterssuksess\/wp-json\/wp\/v2\/coauthors?post=7502"}],"curies":[{"name":"wp","href":"https:\/\/api.w.org\/{rel}","templated":true}]}}