{"id":7532,"date":"2022-12-05T10:38:28","date_gmt":"2022-12-05T09:38:28","guid":{"rendered":"https:\/\/site.nord.no\/studenterssuksess\/?page_id=7532"},"modified":"2022-12-05T10:38:28","modified_gmt":"2022-12-05T09:38:28","slug":"campus-tour","status":"publish","type":"page","link":"https:\/\/site.nord.no\/studenterssuksess\/campus-tour\/","title":{"rendered":"Campus-tour"},"content":{"rendered":"<p>Hva gj\u00f8r at studenter oppholder seg p\u00e5 campus?<\/p>\n<p>For \u00e5 ha en levende campus m\u00e5 studentene ha et sted \u00e5 v\u00e6re. Randi Askim Tiller og Nina Tanche-Nilssen har over flere \u00e5r jobbet med l\u00e6ringsareal ved NTNU. De har gjort seg flere erfaringer over hva studentene trekkes mot, og hva som ikke fungerer s\u00e5 godt i utforming av l\u00e6ringsareal og kantiner p\u00e5 campus. De presenterer noen av campusomr\u00e5dene de har v\u00e6rt med \u00e5 forandre, og erfaringene rundt dette.<\/p>\n<p>Etter innlegget anbefaler vi dere \u00e5 ta en tur rundt p\u00e5 campus \u00e5 observere noen av arealene.<\/p>\n<p><em>Innlegget holdes i R7 (hovedrom konferanse).\u00a0<\/em><\/p>\n","protected":false},"excerpt":{"rendered":"<p>Hva gj\u00f8r at studenter oppholder seg p\u00e5 campus? For \u00e5 ha en levende campus m\u00e5 studentene ha et sted \u00e5 v\u00e6re. Randi Askim Tiller og Nina Tanche-Nilssen har over flere [&hellip;]<\/p>\n","protected":false},"author":73,"featured_media":0,"parent":0,"menu_order":0,"comment_status":"closed","ping_status":"closed","template":"","meta":{"footnotes":""},"coauthors":[8],"class_list":["post-7532","page","type-page","status-publish","hentry"],"_links":{"self":[{"href":"https:\/\/site.nord.no\/studenterssuksess\/wp-json\/wp\/v2\/pages\/7532","targetHints":{"allow":["GET"]}}],"collection":[{"href":"https:\/\/site.nord.no\/studenterssuksess\/wp-json\/wp\/v2\/pages"}],"about":[{"href":"https:\/\/site.nord.no\/studenterssuksess\/wp-json\/wp\/v2\/types\/page"}],"author":[{"embeddable":true,"href":"https:\/\/site.nord.no\/studenterssuksess\/wp-json\/wp\/v2\/users\/73"}],"replies":[{"embeddable":true,"href":"https:\/\/site.nord.no\/studenterssuksess\/wp-json\/wp\/v2\/comments?post=7532"}],"version-history":[{"count":1,"href":"https:\/\/site.nord.no\/studenterssuksess\/wp-json\/wp\/v2\/pages\/7532\/revisions"}],"predecessor-version":[{"id":7533,"href":"https:\/\/site.nord.no\/studenterssuksess\/wp-json\/wp\/v2\/pages\/7532\/revisions\/7533"}],"wp:attachment":[{"href":"https:\/\/site.nord.no\/studenterssuksess\/wp-json\/wp\/v2\/media?parent=7532"}],"wp:term":[{"taxonomy":"author","embeddable":true,"href":"https:\/\/site.nord.no\/studenterssuksess\/wp-json\/wp\/v2\/coauthors?post=7532"}],"curies":[{"name":"wp","href":"https:\/\/api.w.org\/{rel}","templated":true}]}}