{"id":8284,"date":"2023-11-20T12:52:14","date_gmt":"2023-11-20T11:52:14","guid":{"rendered":"https:\/\/site.nord.no\/studenterssuksess\/?page_id=8284"},"modified":"2023-12-14T13:18:56","modified_gmt":"2023-12-14T12:18:56","slug":"parallell-sesjon-2","status":"publish","type":"page","link":"https:\/\/site.nord.no\/studenterssuksess\/parallell-sesjon-2\/","title":{"rendered":"Parallell sesjon 2"},"content":{"rendered":"\n<p>Denne sesjonen vil avholdes 5. desember kl. 14.45-15.45. Det er kun mulig \u00e5 velge ett av alternativene. \u00abTrykk\u00bb p\u00e5 den bl\u00e5 overskriften for \u00e5 lese mer om hvert bidrag.<\/p>\n\n\n\n<figure class=\"wp-block-gallery has-nested-images columns-default is-cropped wp-block-gallery-1 is-layout-flex wp-block-gallery-is-layout-flex\">\n<figure class=\"wp-block-image size-large\"><img fetchpriority=\"high\" decoding=\"async\" width=\"4003\" height=\"2674\" data-id=\"8514\" src=\"https:\/\/site.nord.no\/studenterssuksess\/wp-content\/uploads\/sites\/36\/2023\/12\/DSC00058-2.jpg\" alt=\"\" class=\"wp-image-8514\" \/><\/figure>\n\n\n\n<figure class=\"wp-block-image size-large\"><img decoding=\"async\" width=\"4240\" height=\"2832\" data-id=\"8515\" src=\"https:\/\/site.nord.no\/studenterssuksess\/wp-content\/uploads\/sites\/36\/2023\/12\/DSC00077.jpg\" alt=\"\" class=\"wp-image-8515\" \/><\/figure>\n<\/figure>\n\n\n\n<p><em>Foto: Adrian Bensvik<\/em><\/p>\n\n\n\n<h2 class=\"wp-block-heading\">Presentasjon (alternativ 1): <\/h2>\n\n\n\n<p><strong><a href=\"https:\/\/site.nord.no\/studenterssuksess\/finnes-egentlig-heltidsstudenten-og-hva-trenger-alle-de-andre\/\">Finnes egentlig heltidsstudenten og hva trenger alle de andre?<\/a><\/strong><\/p>\n\n\n\n<p>I denne presentasjonen tar jeg opp dette sp\u00f8rsm\u00e5let igjen, som en fortsettelse av Kompetansenettverkets nettseminar i mai 2023 med samme tittel. Ideen om en heltidsstudent st\u00e5r sterkt i sektoren, og flere av v\u00e5re prosesser og institusjonelle rammer er bygget opp rundt denne student-typen. Men finnes egentlig heltidsstudenten? Og hva med alle de andre? Hva trenger de for \u00e5 lykkes?<\/p>\n\n\n\n<p>Ved Ellen Marie S\u00e6thre-McGuirk, Prorektor for utdanning, VID vitenskapelig h\u00f8gskole <\/p>\n\n\n\n<p><strong><a href=\"https:\/\/site.nord.no\/studenterssuksess\/hvordan-identifisere-de-viktigste-utfordringene-studentene-har-for-a-kunne-lykkes\/\">Hvordan identifisere de viktigste utfordringene studentene har for \u00e5 kunne lykkes?<\/a><\/strong><\/p>\n\n\n\n<p>Bli med inn i en norsk versjon av Vincent Tinto sin modell \u00aba longitudinal model of institutional departure\u00bb. Modellen gir et helhetlig bilde, over tid, p\u00e5 forhold som kan gj\u00f8re at en student velger \u00e5 avslutte studiet f\u00f8r det er fullf\u00f8rt.<\/p>\n\n\n\n<p>Ved Harald \u00c5ge S\u00e6thre, forfatter. <\/p>\n\n\n\n<p><strong>Sted: <\/strong>ROM 1<\/p>\n\n\n\n<h2 class=\"wp-block-heading\">Workshop (alternativ 2): <\/h2>\n\n\n\n<p><strong><a href=\"https:\/\/site.nord.no\/studenterssuksess\/er-obligatorisk-faglig-oppstartseminar-veien-a-ga-for-a-oke-inkludering-og-styrke-trivsel-for-studentene\/\">Er obligatorisk faglig oppstartseminar veien \u00e5 g\u00e5 for \u00e5 \u00f8ke inkludering og styrke trivsel for studentene?<\/a><\/strong><\/p>\n\n\n\n<p>Drop off av studenter er et problem for b\u00e5de institusjon og den enkelte student dersom dette ikke skyldes endring av program. Vi har flere unders\u00f8kelser, deriblant SHoT som viser at mange studenter sliter med ensomhet og det er ogs\u00e5 alarmerende mange med selvrapporterte psykiske lidelser. Kan et obligatorisk faglig oppstartseminar \u00f8ke trivselen og dermed redusere frafallet?<\/p>\n\n\n\n<p>Hanne Stokvik og Frode Soelberg, Nord universitet <\/p>\n\n\n\n<p><strong>Sted: <\/strong>ROM 6<\/p>\n\n\n\n<h2 class=\"wp-block-heading\">Show-and-tell (alternativ 3): <\/h2>\n\n\n\n<p><strong><a href=\"https:\/\/site.nord.no\/studenterssuksess\/hvordan-skape-et-levende-campus-gjennom-strukturelle-og-kulturelle-endringer-i-trepartssamarbeidet\/\">Hvordan skape et levende campus gjennom strukturelle og kulturelle endringer i trepartssamarbeidet? <\/a><\/strong><\/p>\n\n\n\n<p>Prosjektet Levende campus s\u00f8ker \u00e5 styrke tilh\u00f8righeten og skape et mer aktivt og solid forankret campusmilj\u00f8 for studentene ved UiT. Prosjektet fordeler seg p\u00e5 de fire campusene Alta, Troms\u00f8, Harstad og Narvik, som med hvert sitt utgangspunkt utarbeider prosesser, initiativer og tiltak for \u00e5 bygge opp et godt trepartssamarbeid i nord.<\/p>\n\n\n\n<p>Ved Norges arktiske studentsamskipnad og Norges arktiske universitet &#8211; UiT: <\/p>\n\n\n\n<ul class=\"wp-block-list\">\n<li>Martina Lindgren Kristoffersen (Levende campus Narvik) <\/li>\n\n\n\n<li>Amanda Molvik (Levende campus Harstad) <\/li>\n\n\n\n<li>Marikken Linn Pedersen (Levende campus Finnmark) <\/li>\n\n\n\n<li>Elise Johansen og Benjamin Colding-Jarkowski (Levende campus Troms\u00f8) <\/li>\n<\/ul>\n\n\n\n<p><\/p>\n\n\n\n<p><strong><a href=\"https:\/\/site.nord.no\/studenterssuksess\/studentinvolvering-i-arealutvikling-hvordan-skape-attraktive-og-inkluderende-studentareal-for-et-levende-campus\/\">Studentinvolvering i arealutvikling &#8211; Hvordan skape attraktive og inkluderende studentareal for et levende campus <\/a><\/strong><\/p>\n\n\n\n<p>Vi \u00f8nsker \u00e5 vise frem nye studentareal, hvordan de brukes og f\u00f8lges opp, og hvordan vi har jobbet frem l\u00f8sningsforslag og ordninger for oppf\u00f8lging av disse nye arealene. Sentralt er sp\u00f8rsm\u00e5let om hvordan vi kan jobbe med studentinvolvering n\u00e5r det gjelder utvikling, vedlikehold og drift av felles studentareal.<\/p>\n\n\n\n<p>Ved Caroline Nilstad, Thomas Kvalvik og campusvert Oda Bjerkehagen, NTNU. <\/p>\n\n\n\n<p><strong>Sted: <\/strong>ROM 5<\/p>\n\n\n\n<p><\/p>\n\n\n\n<p><\/p>\n","protected":false},"excerpt":{"rendered":"<p>Denne sesjonen vil avholdes 5. desember kl. 14.45-15.45. Det er kun mulig \u00e5 velge ett av alternativene. \u00abTrykk\u00bb p\u00e5 den bl\u00e5 overskriften for \u00e5 lese mer om hvert bidrag. Foto: [&hellip;]<\/p>\n","protected":false},"author":73,"featured_media":0,"parent":0,"menu_order":0,"comment_status":"closed","ping_status":"closed","template":"","meta":{"footnotes":""},"coauthors":[8],"class_list":["post-8284","page","type-page","status-publish","hentry"],"_links":{"self":[{"href":"https:\/\/site.nord.no\/studenterssuksess\/wp-json\/wp\/v2\/pages\/8284","targetHints":{"allow":["GET"]}}],"collection":[{"href":"https:\/\/site.nord.no\/studenterssuksess\/wp-json\/wp\/v2\/pages"}],"about":[{"href":"https:\/\/site.nord.no\/studenterssuksess\/wp-json\/wp\/v2\/types\/page"}],"author":[{"embeddable":true,"href":"https:\/\/site.nord.no\/studenterssuksess\/wp-json\/wp\/v2\/users\/73"}],"replies":[{"embeddable":true,"href":"https:\/\/site.nord.no\/studenterssuksess\/wp-json\/wp\/v2\/comments?post=8284"}],"version-history":[{"count":23,"href":"https:\/\/site.nord.no\/studenterssuksess\/wp-json\/wp\/v2\/pages\/8284\/revisions"}],"predecessor-version":[{"id":8552,"href":"https:\/\/site.nord.no\/studenterssuksess\/wp-json\/wp\/v2\/pages\/8284\/revisions\/8552"}],"wp:attachment":[{"href":"https:\/\/site.nord.no\/studenterssuksess\/wp-json\/wp\/v2\/media?parent=8284"}],"wp:term":[{"taxonomy":"author","embeddable":true,"href":"https:\/\/site.nord.no\/studenterssuksess\/wp-json\/wp\/v2\/coauthors?post=8284"}],"curies":[{"name":"wp","href":"https:\/\/api.w.org\/{rel}","templated":true}]}}