{"id":8297,"date":"2023-11-20T15:03:29","date_gmt":"2023-11-20T14:03:29","guid":{"rendered":"https:\/\/site.nord.no\/studenterssuksess\/?page_id=8297"},"modified":"2023-12-13T14:13:23","modified_gmt":"2023-12-13T13:13:23","slug":"hvordan-identifisere-de-viktigste-utfordringene-studentene-har-for-a-kunne-lykkes","status":"publish","type":"page","link":"https:\/\/site.nord.no\/studenterssuksess\/hvordan-identifisere-de-viktigste-utfordringene-studentene-har-for-a-kunne-lykkes\/","title":{"rendered":"Hvordan identifisere de viktigste utfordringene studentene har for \u00e5 kunne lykkes?"},"content":{"rendered":"\n<p>I et mangfold av studenter og forhold som endrer seg med tiden, er det fortsatt noen grunnleggende forhold som gjelder. Studentene trenger blant annet forutsetninger for \u00e5 studere, de trenger trygge sosiale rammer og motivasjon, de trenger informasjon og struktur og de blir p\u00e5virket av samfunnet rundt.<br>Hvordan kan man g\u00e5 frem for \u00e5 identifisere utfordringene mange studenter har, og slik finne det riktige tiltaket som treffer flest og gir effekt? Hva sier den internasjonale forskningen p\u00e5 dette feltet?<\/p>\n\n\n\n<p>Deltagerne p\u00e5 denne presentasjonen vil bli tatt med inn og rundt i en norsk versjon av Vincent Tinto sin modell \u00aba longitudinal model of institutional departure\u00bb. Modellen gir et helhetlig bilde, over tid, p\u00e5 forhold som kan gj\u00f8re at en student velger \u00e5 avslutte studiet f\u00f8r det er fullf\u00f8rt. Grunnleggende er de forutsetninger og erfaringer studenten har med seg. B\u00e6rende elementer er studentenes egne drivkrefter med ord som motivasjon, identitet og lojalitet, men ikke minst m\u00e5let studentene har med studiet. Viktig er den st\u00f8tte studentene har eksternt fra familie og venner, men ogs\u00e5 hvordan endringer i samfunnet med blant annet arbeidsmuligheter p\u00e5virker. I hvilken grad l\u00e6restedet og samskipnaden st\u00f8tter opp om l\u00e6ring, mestring og trivsel avhenger av undervisningen, veiledningstjenester, egnede arealer, velferdstilbud og ulike andre tiltak. Det mest avgj\u00f8rende er hvordan vi sikrer overgangen fra elev til student, og ikke minst hvordan nye studenter blir sosialt integrert med medstudenter og ansatte.<\/p>\n\n\n\n<p>Presentasjonen vil bli praktisk rettet, og vil i den grad tiden strekker til, benytte konkrete eksempler p\u00e5 utfordringer og tiltak.<\/p>\n\n\n\n<p>Se presentasjonen fra konferansen her: <\/p>\n\n\n\n<div data-wp-interactive=\"core\/file\" class=\"wp-block-file\"><object data-wp-bind--hidden=\"!state.hasPdfPreview\" hidden class=\"wp-block-file__embed\" data=\"https:\/\/site.nord.no\/studenterssuksess\/wp-content\/uploads\/sites\/36\/2023\/12\/Studenter-som-trives-mestrer-og-lykkes.pdf\" type=\"application\/pdf\" style=\"width:100%;height:600px\" aria-label=\"Innbygging av Studenter-som-trives-mestrer-og-lykkes\"><\/object><a id=\"wp-block-file--media-1d7d8ccf-35dd-4a4e-b27c-a8f1f558ea0f\" href=\"https:\/\/site.nord.no\/studenterssuksess\/wp-content\/uploads\/sites\/36\/2023\/12\/Studenter-som-trives-mestrer-og-lykkes.pdf\">Studenter-som-trives-mestrer-og-lykkes<\/a><a href=\"https:\/\/site.nord.no\/studenterssuksess\/wp-content\/uploads\/sites\/36\/2023\/12\/Studenter-som-trives-mestrer-og-lykkes.pdf\" class=\"wp-block-file__button wp-element-button\" download aria-describedby=\"wp-block-file--media-1d7d8ccf-35dd-4a4e-b27c-a8f1f558ea0f\">Last ned<\/a><\/div>\n\n\n\n<p><strong>Kort presentasjon av innleder:<\/strong><br>Harald \u00c5ge S\u00e6thre har i over 30 \u00e5r arbeidet ved UiB, med prosjekter gjennom hele studiel\u00f8pet, fra rekruttering, mottak og innholdet i studiet til ferdig utdannede kandidater.<br>P\u00e5 bakgrunn av erfaringene fra UiB og med utgangspunkt i internasjonal forskning, har han gitt ut boken <em>\u00c5 tilrettelegge for at studentene skal lykkes. Boken <\/em>g\u00e5r i detalj gjennom en systematisk metode i \u00e5 arbeide med frafall av studenter i h\u00f8yere utdanning. Boken er solgt til ansatte ved de fleste l\u00e6resteder og samskipnader i Norge i tillegg til noen universiteter i Sverige og Danmark. Boken brukes av mange som basislitteratur og er referert i en rekke publikasjoner.<br>S\u00e6thre var initiativtager til Kompetansenettverk for studenters suksess i h\u00f8yere utdanning. Han ledet arbeidet da nettverket startet opp i 2017 og var sekretariatsleder ut 2021.<br>S\u00e6thre sitter i den faglige komiteen som \u00e5rlige arrangerer EFYE (European First Year Experience) konferanser rundt om i Europa. Han var hovedansvarlig for konferansen i Bergen i 2015.<br>S\u00e6thre har deltatt aktivt i debatten rundt frafall og studenters psykiske helse p\u00e5 NRK-ytring og i Khrono. Seinest med innlegg i Khrono n\u00e5 i september.<\/p>\n","protected":false},"excerpt":{"rendered":"<p>I et mangfold av studenter og forhold som endrer seg med tiden, er det fortsatt noen grunnleggende forhold som gjelder. Studentene trenger blant annet forutsetninger for \u00e5 studere, de trenger [&hellip;]<\/p>\n","protected":false},"author":73,"featured_media":0,"parent":0,"menu_order":0,"comment_status":"closed","ping_status":"closed","template":"","meta":{"footnotes":""},"coauthors":[],"class_list":["post-8297","page","type-page","status-publish","hentry"],"_links":{"self":[{"href":"https:\/\/site.nord.no\/studenterssuksess\/wp-json\/wp\/v2\/pages\/8297","targetHints":{"allow":["GET"]}}],"collection":[{"href":"https:\/\/site.nord.no\/studenterssuksess\/wp-json\/wp\/v2\/pages"}],"about":[{"href":"https:\/\/site.nord.no\/studenterssuksess\/wp-json\/wp\/v2\/types\/page"}],"author":[{"embeddable":true,"href":"https:\/\/site.nord.no\/studenterssuksess\/wp-json\/wp\/v2\/users\/73"}],"replies":[{"embeddable":true,"href":"https:\/\/site.nord.no\/studenterssuksess\/wp-json\/wp\/v2\/comments?post=8297"}],"version-history":[{"count":2,"href":"https:\/\/site.nord.no\/studenterssuksess\/wp-json\/wp\/v2\/pages\/8297\/revisions"}],"predecessor-version":[{"id":8482,"href":"https:\/\/site.nord.no\/studenterssuksess\/wp-json\/wp\/v2\/pages\/8297\/revisions\/8482"}],"wp:attachment":[{"href":"https:\/\/site.nord.no\/studenterssuksess\/wp-json\/wp\/v2\/media?parent=8297"}],"wp:term":[{"taxonomy":"author","embeddable":true,"href":"https:\/\/site.nord.no\/studenterssuksess\/wp-json\/wp\/v2\/coauthors?post=8297"}],"curies":[{"name":"wp","href":"https:\/\/api.w.org\/{rel}","templated":true}]}}