{"id":8307,"date":"2023-11-21T12:48:31","date_gmt":"2023-11-21T11:48:31","guid":{"rendered":"https:\/\/site.nord.no\/studenterssuksess\/?page_id=8307"},"modified":"2023-12-13T14:01:10","modified_gmt":"2023-12-13T13:01:10","slug":"hvordan-utvikle-arbeidslivsrelevant-utdanning-og-balansere-det-med-studentlaering","status":"publish","type":"page","link":"https:\/\/site.nord.no\/studenterssuksess\/hvordan-utvikle-arbeidslivsrelevant-utdanning-og-balansere-det-med-studentlaering\/","title":{"rendered":"Hvordan utvikle arbeidslivsrelevant utdanning \u2013 og balansere det med studentl\u00e6ring?"},"content":{"rendered":"\n<p>\u00c5 balansere arbeidslivsrelevans og studentl\u00e6ring er viktig, men utfordrende. Denne workshopen tok for seg hvordan man kan utvikle arbeidslivsrelevant utdanning og hvordan arbeidslivsrelevans og studentl\u00e6ring kan balanseres. Innlederen startet med \u00e5 dele deres erfaring fra det praksisn\u00e6re emnet \u00abb\u00e6rekraftig n\u00e6ringsutvikling\u00bb, ved Nord universitet, campus Helgeland.<\/p>\n\n\n\n<p>Se presentasjonen fra workshopen her: <\/p>\n\n\n\n<div data-wp-interactive=\"core\/file\" class=\"wp-block-file\"><object data-wp-bind--hidden=\"!state.hasPdfPreview\" hidden class=\"wp-block-file__embed\" data=\"https:\/\/site.nord.no\/studenterssuksess\/wp-content\/uploads\/sites\/36\/2023\/12\/Arbeidslivsrelevans.pdf\" type=\"application\/pdf\" style=\"width:100%;height:600px\" aria-label=\"Innbygging av Arbeidslivsrelevans\"><\/object><a id=\"wp-block-file--media-436eb83e-e460-4497-86d7-a0cae7dc9220\" href=\"https:\/\/site.nord.no\/studenterssuksess\/wp-content\/uploads\/sites\/36\/2023\/12\/Arbeidslivsrelevans.pdf\">Arbeidslivsrelevans<\/a><a href=\"https:\/\/site.nord.no\/studenterssuksess\/wp-content\/uploads\/sites\/36\/2023\/12\/Arbeidslivsrelevans.pdf\" class=\"wp-block-file__button wp-element-button\" download aria-describedby=\"wp-block-file--media-436eb83e-e460-4497-86d7-a0cae7dc9220\">Last ned<\/a><\/div>\n\n\n\n<p><strong>Om innleder: <\/strong><\/p>\n\n\n\n<p>Marianne Stienmo er professor i innovasjon ved HHN og underviser i bachelor i \u00f8konomi, digitalisering og forretningsutvikling og MBA i teknologiledelse ved HHN, med stort engasjement i \u00e5 utvikle n\u00e6ringsrettet undervisning.<br><br>Marit Breivik-Meyer er f\u00f8rsteamanuensis ved HHN og underviser i flere emner ved og underviser i bachelor i \u00f8konomi, digitalisering og forretningsutvikling med stort engasjement i \u00e5 utvikle n\u00e6ringsrettet undervisning.<\/p>\n","protected":false},"excerpt":{"rendered":"<p>\u00c5 balansere arbeidslivsrelevans og studentl\u00e6ring er viktig, men utfordrende. Denne workshopen tok for seg hvordan man kan utvikle arbeidslivsrelevant utdanning og hvordan arbeidslivsrelevans og studentl\u00e6ring kan balanseres. Innlederen startet med [&hellip;]<\/p>\n","protected":false},"author":73,"featured_media":0,"parent":0,"menu_order":0,"comment_status":"closed","ping_status":"closed","template":"","meta":{"footnotes":""},"coauthors":[8],"class_list":["post-8307","page","type-page","status-publish","hentry"],"_links":{"self":[{"href":"https:\/\/site.nord.no\/studenterssuksess\/wp-json\/wp\/v2\/pages\/8307","targetHints":{"allow":["GET"]}}],"collection":[{"href":"https:\/\/site.nord.no\/studenterssuksess\/wp-json\/wp\/v2\/pages"}],"about":[{"href":"https:\/\/site.nord.no\/studenterssuksess\/wp-json\/wp\/v2\/types\/page"}],"author":[{"embeddable":true,"href":"https:\/\/site.nord.no\/studenterssuksess\/wp-json\/wp\/v2\/users\/73"}],"replies":[{"embeddable":true,"href":"https:\/\/site.nord.no\/studenterssuksess\/wp-json\/wp\/v2\/comments?post=8307"}],"version-history":[{"count":3,"href":"https:\/\/site.nord.no\/studenterssuksess\/wp-json\/wp\/v2\/pages\/8307\/revisions"}],"predecessor-version":[{"id":8474,"href":"https:\/\/site.nord.no\/studenterssuksess\/wp-json\/wp\/v2\/pages\/8307\/revisions\/8474"}],"wp:attachment":[{"href":"https:\/\/site.nord.no\/studenterssuksess\/wp-json\/wp\/v2\/media?parent=8307"}],"wp:term":[{"taxonomy":"author","embeddable":true,"href":"https:\/\/site.nord.no\/studenterssuksess\/wp-json\/wp\/v2\/coauthors?post=8307"}],"curies":[{"name":"wp","href":"https:\/\/api.w.org\/{rel}","templated":true}]}}