{"id":8310,"date":"2023-11-21T12:50:59","date_gmt":"2023-11-21T11:50:59","guid":{"rendered":"https:\/\/site.nord.no\/studenterssuksess\/?page_id=8310"},"modified":"2023-11-22T14:03:27","modified_gmt":"2023-11-22T13:03:27","slug":"introdag-til-studielivet-ved-uib-en-trygg-studiestart-for-dem-som-trenger-det","status":"publish","type":"page","link":"https:\/\/site.nord.no\/studenterssuksess\/introdag-til-studielivet-ved-uib-en-trygg-studiestart-for-dem-som-trenger-det\/","title":{"rendered":"Introdager til studielivet ved UiB \u2013 en trygg studiestart for dem som trenger det?"},"content":{"rendered":"\n<p>&laquo;Introdager til studentlivet&raquo; er et nytt tiltak som ble gjennomf\u00f8rt p\u00e5 UiB i august 2023. Tiltaket er inspirert av det amerikanske\/britiske konseptet &laquo;bridging week&raquo; som har som hensikt \u00e5 skape en vellykket overgang \u2013 bro \u2013 til h\u00f8yere utdanning, uavhengig av studenters bakgrunn, erfaringer og st\u00f8ttenettverk i forkant av studiestart. M\u00e5lgruppen for introdager var f\u00f8rstegenerasjonsstudenter, og hensikten med tiltaket var \u00e5 gi s\u00e6rlig dem som er ny til akademia en trygg start p\u00e5 studentlivet. Introdager ble arrangert f\u00f8r den offisielle velkomstuken startet og besto av sosiale aktiviteter, miniforedrag og en rekke andre aktiviteter som lot studentene utforsker universitetsomr\u00e5det, bli kjent med medstudenter, l\u00e6re om forventninger og mer. Traff vi vi m\u00e5lgruppen? Og synes studentene tiltaket var nyttig? Denne presentasjonen starter med en kort introduksjon av &laquo;UiB Mangfold &#8211; ingen utenfor&raquo;-prosjektet. Videre beskrives bakgrunnen for Introdager, samt planlegging, gjennomf\u00f8ring og ikke minst evaluering av tiltaket.<\/p>\n\n\n\n<p><strong>Om innleder: <\/strong><\/p>\n\n\n\n<p>Michelle Odette Iversen Badiane har mastergrad i kultur- og samfunnspsykologi fra Universitetet i Oslo, og jobber for tiden som mangfold- og inkluderingskoordinator ved Universitetet i Bergen. Michelle er en av to koordinatorer i prosjektet &laquo;Mangfoldige UiB &#8211; Ingen utenfor&raquo;.<\/p>\n","protected":false},"excerpt":{"rendered":"<p>&laquo;Introdager til studentlivet&raquo; er et nytt tiltak som ble gjennomf\u00f8rt p\u00e5 UiB i august 2023. Tiltaket er inspirert av det amerikanske\/britiske konseptet &laquo;bridging week&raquo; som har som hensikt \u00e5 skape [&hellip;]<\/p>\n","protected":false},"author":73,"featured_media":0,"parent":0,"menu_order":0,"comment_status":"closed","ping_status":"closed","template":"","meta":{"footnotes":""},"coauthors":[8],"class_list":["post-8310","page","type-page","status-publish","hentry"],"_links":{"self":[{"href":"https:\/\/site.nord.no\/studenterssuksess\/wp-json\/wp\/v2\/pages\/8310","targetHints":{"allow":["GET"]}}],"collection":[{"href":"https:\/\/site.nord.no\/studenterssuksess\/wp-json\/wp\/v2\/pages"}],"about":[{"href":"https:\/\/site.nord.no\/studenterssuksess\/wp-json\/wp\/v2\/types\/page"}],"author":[{"embeddable":true,"href":"https:\/\/site.nord.no\/studenterssuksess\/wp-json\/wp\/v2\/users\/73"}],"replies":[{"embeddable":true,"href":"https:\/\/site.nord.no\/studenterssuksess\/wp-json\/wp\/v2\/comments?post=8310"}],"version-history":[{"count":3,"href":"https:\/\/site.nord.no\/studenterssuksess\/wp-json\/wp\/v2\/pages\/8310\/revisions"}],"predecessor-version":[{"id":8375,"href":"https:\/\/site.nord.no\/studenterssuksess\/wp-json\/wp\/v2\/pages\/8310\/revisions\/8375"}],"wp:attachment":[{"href":"https:\/\/site.nord.no\/studenterssuksess\/wp-json\/wp\/v2\/media?parent=8310"}],"wp:term":[{"taxonomy":"author","embeddable":true,"href":"https:\/\/site.nord.no\/studenterssuksess\/wp-json\/wp\/v2\/coauthors?post=8310"}],"curies":[{"name":"wp","href":"https:\/\/api.w.org\/{rel}","templated":true}]}}