{"id":8321,"date":"2023-11-21T13:11:44","date_gmt":"2023-11-21T12:11:44","guid":{"rendered":"https:\/\/site.nord.no\/studenterssuksess\/?page_id=8321"},"modified":"2023-11-21T19:08:51","modified_gmt":"2023-11-21T18:08:51","slug":"studentinvolvering-i-arealutvikling-hvordan-skape-attraktive-og-inkluderende-studentareal-for-et-levende-campus","status":"publish","type":"page","link":"https:\/\/site.nord.no\/studenterssuksess\/studentinvolvering-i-arealutvikling-hvordan-skape-attraktive-og-inkluderende-studentareal-for-et-levende-campus\/","title":{"rendered":"Studentinvolvering i arealutvikling \u2013 Hvordan skape attraktive og inkluderende studentareal for et levende campus"},"content":{"rendered":"\n<p>Vi \u00f8nsker \u00e5 vise frem nye studentareal, hvordan de brukes og f\u00f8lges opp, og hvordan vi har jobbet frem l\u00f8sningsforslag og ordninger for oppf\u00f8lging av disse nye arealene. Sentralt er sp\u00f8rsm\u00e5let om hvordan vi kan jobbe med studentinvolvering n\u00e5r det gjelder utvikling, vedlikehold og drift av felles studentareal.<\/p>\n\n\n\n<p><strong>Om innleder: <\/strong><\/p>\n\n\n\n<p>Caroline Nilstad (HF) og Thomas Kalvik (SU) jobber med psykososialt og fysisk l\u00e6ringsmilj\u00f8 ved NTNU og koordinerer campusvert-ordningen, en gruppe studentansatte som skal utarbeide tiltak for en levende campus. Campusvert Oda Bjerkhagen vil\u00a0ogs\u00e5 delta p\u00e5 denne presentasjonen.\u00a0<\/p>\n","protected":false},"excerpt":{"rendered":"<p>Vi \u00f8nsker \u00e5 vise frem nye studentareal, hvordan de brukes og f\u00f8lges opp, og hvordan vi har jobbet frem l\u00f8sningsforslag og ordninger for oppf\u00f8lging av disse nye arealene. Sentralt er [&hellip;]<\/p>\n","protected":false},"author":73,"featured_media":0,"parent":0,"menu_order":0,"comment_status":"closed","ping_status":"closed","template":"","meta":{"footnotes":""},"coauthors":[],"class_list":["post-8321","page","type-page","status-publish","hentry"],"_links":{"self":[{"href":"https:\/\/site.nord.no\/studenterssuksess\/wp-json\/wp\/v2\/pages\/8321","targetHints":{"allow":["GET"]}}],"collection":[{"href":"https:\/\/site.nord.no\/studenterssuksess\/wp-json\/wp\/v2\/pages"}],"about":[{"href":"https:\/\/site.nord.no\/studenterssuksess\/wp-json\/wp\/v2\/types\/page"}],"author":[{"embeddable":true,"href":"https:\/\/site.nord.no\/studenterssuksess\/wp-json\/wp\/v2\/users\/73"}],"replies":[{"embeddable":true,"href":"https:\/\/site.nord.no\/studenterssuksess\/wp-json\/wp\/v2\/comments?post=8321"}],"version-history":[{"count":2,"href":"https:\/\/site.nord.no\/studenterssuksess\/wp-json\/wp\/v2\/pages\/8321\/revisions"}],"predecessor-version":[{"id":8367,"href":"https:\/\/site.nord.no\/studenterssuksess\/wp-json\/wp\/v2\/pages\/8321\/revisions\/8367"}],"wp:attachment":[{"href":"https:\/\/site.nord.no\/studenterssuksess\/wp-json\/wp\/v2\/media?parent=8321"}],"wp:term":[{"taxonomy":"author","embeddable":true,"href":"https:\/\/site.nord.no\/studenterssuksess\/wp-json\/wp\/v2\/coauthors?post=8321"}],"curies":[{"name":"wp","href":"https:\/\/api.w.org\/{rel}","templated":true}]}}