{"id":8325,"date":"2023-11-21T13:15:32","date_gmt":"2023-11-21T12:15:32","guid":{"rendered":"https:\/\/site.nord.no\/studenterssuksess\/?page_id=8325"},"modified":"2024-01-08T12:21:36","modified_gmt":"2024-01-08T11:21:36","slug":"en-styrket-laeringskultur-i-studieprogrammer-og-undervisninger-for-a-redusere-frafall","status":"publish","type":"page","link":"https:\/\/site.nord.no\/studenterssuksess\/en-styrket-laeringskultur-i-studieprogrammer-og-undervisninger-for-a-redusere-frafall\/","title":{"rendered":"En styrket l\u00e6ringskultur i studieprogrammer og undervisninger for \u00e5 redusere frafall"},"content":{"rendered":"\n<p>I m\u00f8te med en ny studentmasse preget av pandemien og \u00f8kende digitalisering, er utfordringene knyttet til frafall og studentengasjement blitt mer presserende enn noensinne. Mange studenter f\u00f8ler seg ensomme og usikre p\u00e5 relasjoner og kommunikasjon, noe som kan f\u00f8re til frafall. Selv om fadderuker spiller en viktig rolle i \u00e5 etablere sosialt samhold, m\u00e5 vi ogs\u00e5 fokusere p\u00e5 hvordan vi som faglige kan bidra til \u00e5 styrke l\u00e6ringskulturen og motivasjonen hos studentene. Noen aspekter ved studenters l\u00e6ringsopplevelse, som samspill og kommunikasjon, kan ikke erstattes av kunstig intelligens.<br>Denne workshopen tar sikte p\u00e5 \u00e5 utforske hvordan faglige kan legge til rette for en positiv studieopplevelse og samtidig h\u00e5ndtere frafallsproblematikken, spesielt blant f\u00f8rste\u00e5rsstudenter. Vi \u00f8nsker ogs\u00e5 \u00e5 utforske m\u00e5ter \u00e5 bygge bro mellom akademia og n\u00e6ringslivet for \u00e5 styrke arbeidsintegrert l\u00e6ring og motivere studentene ekstra.<br><br>M\u00e5l for workshopen:<br>&#8211; \u00d8ke bevisstheten om betydningen av en god og trygg l\u00e6ringskultur for f\u00f8rste\u00e5rsstudenter for \u00e5 redusere frafall.<br>&#8211; Identifisere konkrete tiltak faglige kan implementere for \u00e5 styrke studentenes l\u00e6ringsmilj\u00f8, motivasjon og engasjement.<br>&#8211; Utforske beste praksiser for \u00e5 st\u00f8tte spesielt f\u00f8rste\u00e5rsstudenter.<br>&#8211; Diskutere metoder for \u00e5 integrere arbeidslivet i utdanningen og hvordan dette kan motivere og  forberede studentene for fremtidig arbeidsliv.<\/p>\n\n\n\n<div data-wp-interactive=\"core\/file\" class=\"wp-block-file\"><object data-wp-bind--hidden=\"!state.hasPdfPreview\" hidden class=\"wp-block-file__embed\" data=\"https:\/\/site.nord.no\/studenterssuksess\/wp-content\/uploads\/sites\/36\/2024\/01\/Workshop-A\u030arskonferansen-06.des23.pdf\" type=\"application\/pdf\" style=\"width:100%;height:600px\" aria-label=\"Innbygging av Workshop-A\u030arskonferansen-06.des23\"><\/object><a id=\"wp-block-file--media-ad578c9a-5187-448b-acd3-4f370509331e\" href=\"https:\/\/site.nord.no\/studenterssuksess\/wp-content\/uploads\/sites\/36\/2024\/01\/Workshop-A\u030arskonferansen-06.des23.pdf\">Workshop-A\u030arskonferansen-06.des23<\/a><a href=\"https:\/\/site.nord.no\/studenterssuksess\/wp-content\/uploads\/sites\/36\/2024\/01\/Workshop-A\u030arskonferansen-06.des23.pdf\" class=\"wp-block-file__button wp-element-button\" download aria-describedby=\"wp-block-file--media-ad578c9a-5187-448b-acd3-4f370509331e\">Last ned<\/a><\/div>\n\n\n\n<div data-wp-interactive=\"core\/file\" class=\"wp-block-file\"><object data-wp-bind--hidden=\"!state.hasPdfPreview\" hidden class=\"wp-block-file__embed\" data=\"https:\/\/site.nord.no\/studenterssuksess\/wp-content\/uploads\/sites\/36\/2024\/01\/Workshop-innspill-Carina-Johansson-Nyvoll-A\u030arskonferansen-i-Bodo-6.-des.23.pdf\" type=\"application\/pdf\" style=\"width:100%;height:600px\" aria-label=\"Innbygging av Workshop-innspill-Carina-Johansson-Nyvoll-A\u030arskonferansen-i-Bodo-6.-des.23\"><\/object><a id=\"wp-block-file--media-c66274a5-d90b-4477-b9c1-1b8e058e89b1\" href=\"https:\/\/site.nord.no\/studenterssuksess\/wp-content\/uploads\/sites\/36\/2024\/01\/Workshop-innspill-Carina-Johansson-Nyvoll-A\u030arskonferansen-i-Bodo-6.-des.23.pdf\">Workshop-innspill-Carina-Johansson-Nyvoll-A\u030arskonferansen-i-Bodo-6.-des.23<\/a><a href=\"https:\/\/site.nord.no\/studenterssuksess\/wp-content\/uploads\/sites\/36\/2024\/01\/Workshop-innspill-Carina-Johansson-Nyvoll-A\u030arskonferansen-i-Bodo-6.-des.23.pdf\" class=\"wp-block-file__button wp-element-button\" download aria-describedby=\"wp-block-file--media-c66274a5-d90b-4477-b9c1-1b8e058e89b1\">Last ned<\/a><\/div>\n\n\n\n<p><strong>Om innleder: <\/strong><\/p>\n\n\n\n<p>Carina Johansson Nyvoll har 30 \u00e5rs erfaring som leder i n\u00e6ringslivet f\u00f8r gikk over til Akademia. Er i dag H\u00f8yskolelektor og studieprogramleder for bachelor i ledelse og servicestrategi ved H\u00f8yskolen Kristiania. Hun brenner for \u00e5 skape gode og trygge l\u00e6ringsmilj\u00f8er. Et spesielt engasjement for f\u00f8rste\u00e5rsstudenter og det \u00e5 skape selvregulert l\u00e6ring, mestringsf\u00f8lelse og tilh\u00f8righet.<\/p>\n","protected":false},"excerpt":{"rendered":"<p>I m\u00f8te med en ny studentmasse preget av pandemien og \u00f8kende digitalisering, er utfordringene knyttet til frafall og studentengasjement blitt mer presserende enn noensinne. Mange studenter f\u00f8ler seg ensomme og [&hellip;]<\/p>\n","protected":false},"author":73,"featured_media":0,"parent":0,"menu_order":0,"comment_status":"closed","ping_status":"closed","template":"","meta":{"footnotes":""},"coauthors":[8],"class_list":["post-8325","page","type-page","status-publish","hentry"],"_links":{"self":[{"href":"https:\/\/site.nord.no\/studenterssuksess\/wp-json\/wp\/v2\/pages\/8325","targetHints":{"allow":["GET"]}}],"collection":[{"href":"https:\/\/site.nord.no\/studenterssuksess\/wp-json\/wp\/v2\/pages"}],"about":[{"href":"https:\/\/site.nord.no\/studenterssuksess\/wp-json\/wp\/v2\/types\/page"}],"author":[{"embeddable":true,"href":"https:\/\/site.nord.no\/studenterssuksess\/wp-json\/wp\/v2\/users\/73"}],"replies":[{"embeddable":true,"href":"https:\/\/site.nord.no\/studenterssuksess\/wp-json\/wp\/v2\/comments?post=8325"}],"version-history":[{"count":4,"href":"https:\/\/site.nord.no\/studenterssuksess\/wp-json\/wp\/v2\/pages\/8325\/revisions"}],"predecessor-version":[{"id":8575,"href":"https:\/\/site.nord.no\/studenterssuksess\/wp-json\/wp\/v2\/pages\/8325\/revisions\/8575"}],"wp:attachment":[{"href":"https:\/\/site.nord.no\/studenterssuksess\/wp-json\/wp\/v2\/media?parent=8325"}],"wp:term":[{"taxonomy":"author","embeddable":true,"href":"https:\/\/site.nord.no\/studenterssuksess\/wp-json\/wp\/v2\/coauthors?post=8325"}],"curies":[{"name":"wp","href":"https:\/\/api.w.org\/{rel}","templated":true}]}}