{"id":8332,"date":"2023-11-21T13:23:56","date_gmt":"2023-11-21T12:23:56","guid":{"rendered":"https:\/\/site.nord.no\/studenterssuksess\/?page_id=8332"},"modified":"2023-11-21T13:23:56","modified_gmt":"2023-11-21T12:23:56","slug":"reelle-case-gir-studentene-mulighet-til-a-jobbe-med-ekte-problemer","status":"publish","type":"page","link":"https:\/\/site.nord.no\/studenterssuksess\/reelle-case-gir-studentene-mulighet-til-a-jobbe-med-ekte-problemer\/","title":{"rendered":"Reelle case gir studentene mulighet til \u00e5 jobbe med ekte problemer"},"content":{"rendered":"\n<p>Hvilke fordeler f\u00e5r studenter som jobber med reelle case? Hva gj\u00f8r det med studenter og undervisere \u00e5 jobbe med eksterne akt\u00f8rer som forventer reelle innspill og ideer? I presentasjonen vil vi dele erfaringer rundt fordeler, ulemper og fallgruver for bruk av reelle case i undervisning.<\/p>\n\n\n\n<p><strong>Om innleder: <\/strong><\/p>\n\n\n\n<p>\u00c5shild Wilhelmsen er vitenskapelig assistent i prosjektet SUPER, ved institutt for design, NTNU. Hun er lektor i samfunnskunnskap og psykologi med master i l\u00e6ringspsykologi fra NTNU.<\/p>\n\n\n\n<p><br>S\u00f8lvi Solvoll er f\u00f8rsteamanuensis ved Handelsh\u00f8gskolen ved Nord Universitet. Hun jobber b\u00e5de som emneansvarlig for profileringa i entrepren\u00f8rskap og i flere eksternfinansierte prosjekter knyttet til samarbeid mellom h\u00f8yere utdanning og n\u00e6ringsliv.<\/p>\n","protected":false},"excerpt":{"rendered":"<p>Hvilke fordeler f\u00e5r studenter som jobber med reelle case? Hva gj\u00f8r det med studenter og undervisere \u00e5 jobbe med eksterne akt\u00f8rer som forventer reelle innspill og ideer? I presentasjonen vil [&hellip;]<\/p>\n","protected":false},"author":73,"featured_media":0,"parent":0,"menu_order":0,"comment_status":"closed","ping_status":"closed","template":"","meta":{"footnotes":""},"coauthors":[8],"class_list":["post-8332","page","type-page","status-publish","hentry"],"_links":{"self":[{"href":"https:\/\/site.nord.no\/studenterssuksess\/wp-json\/wp\/v2\/pages\/8332","targetHints":{"allow":["GET"]}}],"collection":[{"href":"https:\/\/site.nord.no\/studenterssuksess\/wp-json\/wp\/v2\/pages"}],"about":[{"href":"https:\/\/site.nord.no\/studenterssuksess\/wp-json\/wp\/v2\/types\/page"}],"author":[{"embeddable":true,"href":"https:\/\/site.nord.no\/studenterssuksess\/wp-json\/wp\/v2\/users\/73"}],"replies":[{"embeddable":true,"href":"https:\/\/site.nord.no\/studenterssuksess\/wp-json\/wp\/v2\/comments?post=8332"}],"version-history":[{"count":1,"href":"https:\/\/site.nord.no\/studenterssuksess\/wp-json\/wp\/v2\/pages\/8332\/revisions"}],"predecessor-version":[{"id":8333,"href":"https:\/\/site.nord.no\/studenterssuksess\/wp-json\/wp\/v2\/pages\/8332\/revisions\/8333"}],"wp:attachment":[{"href":"https:\/\/site.nord.no\/studenterssuksess\/wp-json\/wp\/v2\/media?parent=8332"}],"wp:term":[{"taxonomy":"author","embeddable":true,"href":"https:\/\/site.nord.no\/studenterssuksess\/wp-json\/wp\/v2\/coauthors?post=8332"}],"curies":[{"name":"wp","href":"https:\/\/api.w.org\/{rel}","templated":true}]}}