{"id":8335,"date":"2023-11-21T13:27:29","date_gmt":"2023-11-21T12:27:29","guid":{"rendered":"https:\/\/site.nord.no\/studenterssuksess\/?page_id=8335"},"modified":"2023-12-14T12:35:08","modified_gmt":"2023-12-14T11:35:08","slug":"ta-ordet-kurs-med-vr-briller","status":"publish","type":"page","link":"https:\/\/site.nord.no\/studenterssuksess\/ta-ordet-kurs-med-vr-briller\/","title":{"rendered":"\u00abTa ordet\u00bb &#8211; kurs med VR-briller"},"content":{"rendered":"\n<p>Nesten halvparten av dagens studenter opplever redsel for muntlig fremlegge eller \u00e5 ta ordet foran forsamlinger. Slik problematikk kan hemme l\u00e6ring og v\u00e6re til hinder for gjennomf\u00f8ring av studiene.<\/p>\n\n\n\n<p>\u00abTa ordet\u00bb- kurset har som form\u00e5l \u00e5: (1) \u00d8ke studenters mestringsf\u00f8lelse ved \u00e5 benytte psykoedukasjon og praktisk ferdighetstrening i \u00e5 holde muntlige fremlegg der eksponeringsgraden \u00f8kes gradvis. (2) Bidra til \u00f8kt forst\u00e5else av hvordan vi p\u00e5virkes av nerv\u00f8sitet\/ angst. Kurset g\u00e5r over 4 x 3 timer og har plass til 10 deltakere. Kursdeltakerne \u00f8ver i VR-brillene mellom kursdagene.<\/p>\n\n\n\n<p>H\u00f8sten 2023 ble Ta ordet-kurs med VR satt opp ved 11 av Norges 13 studentsamskipnader. 7 samskipnader gjennomf\u00f8rte. P\u00e5 tross av stor interesse fra studenter, studentpolitikere , studieveiledere, fagmilj\u00f8 og har det st\u00f8rste hinderet v\u00e6rt manglende p\u00e5melding til kursene. Der kurset gjennomf\u00f8res f\u00e5r det gjennomg\u00e5ende gode tilbakemeldinger. Erfaringen med VR-briller som supplement til eksponeringen i kurset er god \u2013 p\u00e5 tross av enkelte oppstartsutfordringer med teknologien. &nbsp;<\/p>\n\n\n\n<p>\u00abTa ordet\u00bb- kurset med VR-briller (Viritual reality) er det siste av fire delprosjekter under \u00abDigitalisering av selvhjelpsverkt\u00f8y for psykisk helse og rus\u00bb. Prosjektet er finansiert av Helsedirektoratet og er et samarbeidsprosjekt mellom Norges arktiske studentsamskipnad, Studentsamskipnaden i Oslo (SiO), Vestlandet (Sammen) og Gj\u00f8vik, \u00c5lesund, Trondheim (Sit). Kursprogrammet er et nasjonalt tilbud for alle samskipnader.<\/p>\n\n\n\n<div data-wp-interactive=\"core\/file\" class=\"wp-block-file\"><object data-wp-bind--hidden=\"!state.hasPdfPreview\" hidden class=\"wp-block-file__embed\" data=\"https:\/\/site.nord.no\/studenterssuksess\/wp-content\/uploads\/sites\/36\/2023\/12\/Ta-ordet-med-VR.pdf\" type=\"application\/pdf\" style=\"width:100%;height:600px\" aria-label=\"Innbygging av Ta-ordet-med-VR\"><\/object><a id=\"wp-block-file--media-76f48fca-34b6-4533-9a27-0b58187724ce\" href=\"https:\/\/site.nord.no\/studenterssuksess\/wp-content\/uploads\/sites\/36\/2023\/12\/Ta-ordet-med-VR.pdf\">Ta-ordet-med-VR<\/a><a href=\"https:\/\/site.nord.no\/studenterssuksess\/wp-content\/uploads\/sites\/36\/2023\/12\/Ta-ordet-med-VR.pdf\" class=\"wp-block-file__button wp-element-button\" download aria-describedby=\"wp-block-file--media-76f48fca-34b6-4533-9a27-0b58187724ce\">Last ned<\/a><\/div>\n\n\n\n<p><strong>Om innleder: <\/strong><\/p>\n\n\n\n<p>Tine \u00d8verseth Blomfeldt har jobbet i studentsamskipnaden siden 2012. F\u00f8rst som prosjektleder for rusmiddelforebyggende arbeid (Lykkepromille), senere som Karriereveileder og r\u00e5dgiver for studentorganisasjoner. De siste to \u00e5rene har hun jobbet som r\u00e5dgiver og samtaleterapeut p\u00e5 avdelingen for Sammen Psykisk helse.<\/p>\n","protected":false},"excerpt":{"rendered":"<p>Nesten halvparten av dagens studenter opplever redsel for muntlig fremlegge eller \u00e5 ta ordet foran forsamlinger. Slik problematikk kan hemme l\u00e6ring og v\u00e6re til hinder for gjennomf\u00f8ring av studiene. \u00abTa [&hellip;]<\/p>\n","protected":false},"author":73,"featured_media":0,"parent":0,"menu_order":0,"comment_status":"closed","ping_status":"closed","template":"","meta":{"footnotes":""},"coauthors":[8],"class_list":["post-8335","page","type-page","status-publish","hentry"],"_links":{"self":[{"href":"https:\/\/site.nord.no\/studenterssuksess\/wp-json\/wp\/v2\/pages\/8335","targetHints":{"allow":["GET"]}}],"collection":[{"href":"https:\/\/site.nord.no\/studenterssuksess\/wp-json\/wp\/v2\/pages"}],"about":[{"href":"https:\/\/site.nord.no\/studenterssuksess\/wp-json\/wp\/v2\/types\/page"}],"author":[{"embeddable":true,"href":"https:\/\/site.nord.no\/studenterssuksess\/wp-json\/wp\/v2\/users\/73"}],"replies":[{"embeddable":true,"href":"https:\/\/site.nord.no\/studenterssuksess\/wp-json\/wp\/v2\/comments?post=8335"}],"version-history":[{"count":3,"href":"https:\/\/site.nord.no\/studenterssuksess\/wp-json\/wp\/v2\/pages\/8335\/revisions"}],"predecessor-version":[{"id":8490,"href":"https:\/\/site.nord.no\/studenterssuksess\/wp-json\/wp\/v2\/pages\/8335\/revisions\/8490"}],"wp:attachment":[{"href":"https:\/\/site.nord.no\/studenterssuksess\/wp-json\/wp\/v2\/media?parent=8335"}],"wp:term":[{"taxonomy":"author","embeddable":true,"href":"https:\/\/site.nord.no\/studenterssuksess\/wp-json\/wp\/v2\/coauthors?post=8335"}],"curies":[{"name":"wp","href":"https:\/\/api.w.org\/{rel}","templated":true}]}}