{"id":8338,"date":"2023-11-21T13:30:17","date_gmt":"2023-11-21T12:30:17","guid":{"rendered":"https:\/\/site.nord.no\/studenterssuksess\/?page_id=8338"},"modified":"2023-11-21T13:30:17","modified_gmt":"2023-11-21T12:30:17","slug":"gruppetilbud-for-studenter-med-autismespekterforstyrrelser-samarbeid-mellom-laerersted-og-studentsamskipnad","status":"publish","type":"page","link":"https:\/\/site.nord.no\/studenterssuksess\/gruppetilbud-for-studenter-med-autismespekterforstyrrelser-samarbeid-mellom-laerersted-og-studentsamskipnad\/","title":{"rendered":"Gruppetilbud for studenter med autismespekterforstyrrelser \u2013 samarbeid mellom l\u00e6rersted og studentsamskipnad"},"content":{"rendered":"\n<p>Studentsamskipnaden p\u00e5 Vestlandet og Universitet i Bergen samarbeider om gruppetilbud for studenter p\u00e5 autismespekteret. Gruppen er gjennomf\u00f8rt tre ganger siden h\u00f8sten 2022. S\u00e5 langt melder studentene om at de setter stor pris p\u00e5 \u00e5 delta i et fellesskap der de kan utveksle erfaringer, f\u00f8ler seg akseptert og forst\u00e5tt og l\u00e6rer mer om hvordan h\u00e5ndtere studiehverdagen. Hensikten med gruppen er \u00e5 tilby studenter som er p\u00e5 autismespekteret en arena for \u00e5 kunne m\u00f8te andre med lignende utfordringer og dele erfaringer, oppleve gjenkjenning og fellesskap og l\u00e6re mer om hvordan h\u00e5ndtere egne utfordringer og bli kjent med egne styrker i studiesituasjonen.<\/p>\n\n\n\n<p><strong>Om innleder: <\/strong><\/p>\n\n\n\n<p>Gunnhild Handeg\u00e5rd er psykologspesialist og f\u00f8r hun begynte i studenthelsetjenesten (SPH) arbeidet hun i spesialisthelsetjenesten med barn, ungdom og voksne. Hun har individuell oppf\u00f8lging og samtaler med studenter samt faglig ansvar for gruppetilbud til studenter innen autismespekteret. Hun er ogs\u00e5 med som gruppeleder i andre grupper for studenter som SPH tilbyr, for eksempel gruppe for studenter med ADHD.<\/p>\n","protected":false},"excerpt":{"rendered":"<p>Studentsamskipnaden p\u00e5 Vestlandet og Universitet i Bergen samarbeider om gruppetilbud for studenter p\u00e5 autismespekteret. Gruppen er gjennomf\u00f8rt tre ganger siden h\u00f8sten 2022. S\u00e5 langt melder studentene om at de setter [&hellip;]<\/p>\n","protected":false},"author":73,"featured_media":0,"parent":0,"menu_order":0,"comment_status":"closed","ping_status":"closed","template":"","meta":{"footnotes":""},"coauthors":[8],"class_list":["post-8338","page","type-page","status-publish","hentry"],"_links":{"self":[{"href":"https:\/\/site.nord.no\/studenterssuksess\/wp-json\/wp\/v2\/pages\/8338","targetHints":{"allow":["GET"]}}],"collection":[{"href":"https:\/\/site.nord.no\/studenterssuksess\/wp-json\/wp\/v2\/pages"}],"about":[{"href":"https:\/\/site.nord.no\/studenterssuksess\/wp-json\/wp\/v2\/types\/page"}],"author":[{"embeddable":true,"href":"https:\/\/site.nord.no\/studenterssuksess\/wp-json\/wp\/v2\/users\/73"}],"replies":[{"embeddable":true,"href":"https:\/\/site.nord.no\/studenterssuksess\/wp-json\/wp\/v2\/comments?post=8338"}],"version-history":[{"count":1,"href":"https:\/\/site.nord.no\/studenterssuksess\/wp-json\/wp\/v2\/pages\/8338\/revisions"}],"predecessor-version":[{"id":8339,"href":"https:\/\/site.nord.no\/studenterssuksess\/wp-json\/wp\/v2\/pages\/8338\/revisions\/8339"}],"wp:attachment":[{"href":"https:\/\/site.nord.no\/studenterssuksess\/wp-json\/wp\/v2\/media?parent=8338"}],"wp:term":[{"taxonomy":"author","embeddable":true,"href":"https:\/\/site.nord.no\/studenterssuksess\/wp-json\/wp\/v2\/coauthors?post=8338"}],"curies":[{"name":"wp","href":"https:\/\/api.w.org\/{rel}","templated":true}]}}