{"id":8343,"date":"2023-11-21T13:36:43","date_gmt":"2023-11-21T12:36:43","guid":{"rendered":"https:\/\/site.nord.no\/studenterssuksess\/?page_id=8343"},"modified":"2023-12-13T14:03:50","modified_gmt":"2023-12-13T13:03:50","slug":"klar-for-student-og-arbeidslivet-med-det-digitale-brettspillet-thigro","status":"publish","type":"page","link":"https:\/\/site.nord.no\/studenterssuksess\/klar-for-student-og-arbeidslivet-med-det-digitale-brettspillet-thigro\/","title":{"rendered":"Klar for student \u2013 og arbeidslivet med det digitale brettspillet ThiGro"},"content":{"rendered":"\n<p>Det digitale brettspillet ThiGro er utviklet p\u00e5 OsloMet i prosjektet &laquo;Klar for arbeidslivet, karrierel\u00e6ring p\u00e5 timeplanen&raquo;. Spillet er forskningsbasert og utviklet i samarbeid med studentassistenter og studenter p\u00e5 OsloMet og USN. 1500 studenter har pr\u00f8vd ut spillet i oppstarten av studietiden. ThiGro spilles som reflekterende team hvor spillerne deler tanker og refleksjoner med hverandre knyttet til utfordingskort i relevante kategorier.<br>ThiGro er n\u00e5 videreutviklet og kommer i flere versjoner:<br>&#8211; Student ut i praksis<br>&#8211; Student ut i arbeidslivet<br><br>Det planlegges flere varianter av spillet for studenter og ansatte i UH &#8211; sektoren. I tillegg er vi ogs\u00e5 i gang med \u00e5 lage spill til elever i videreg\u00e5ende skole med spesialtilpassede versjoner.<br><br>De studentene som har deltatt i utpr\u00f8vning av spillet h\u00f8sten 2022 og 2023 har v\u00e6rt veldig godt forn\u00f8yde med l\u00e6ringsutbyttet av spillet. De melder om at \u00e5 spille spillet bidrar til refleksjon, fellesskapsf\u00f8lelse, erfaringsdeling, probleml\u00f8sning og \u00e5 bli bedre kjent med hverandre i oppstarten av studietiden.<br><br>ThiGro kan spilles p\u00e5 alle digitale flater som PC, mobiltelefon, felles storskjerm osv.<br><br>Utviklingsarbeidet har foreg\u00e5tt fra v\u00e5ren 2022 og vi jobber fortsatt med utvikling av spillet. OsloMet har g\u00e5tt inn i et partnerskap med utviklerfirmaet Coretrek som st\u00e5r for den tekniske utviklingen, support og kundekontakt.<br>OsloMet st\u00e5r for forsking og videreutvikling av de ulike versjonene av spillenes faglige innhold. Det faglige innholdet til hver spillversjon utvikles i samarbeid med m\u00e5lgruppene i fokusgrupper. P\u00e5 den m\u00e5ten lager vi skreddersydde spill til hver m\u00e5lgruppe med relevante utfordringskort.<br><br>ThiGro skal bidra til at studenter mester sine liv og overganger, fullf\u00f8rer sine studier, \u00f8ker sammhandling&nbsp; og inkludering samt utvikler studentenes refleksjons- og probleml\u00f8sningsevne.<br><br>Sp\u00f8rsm\u00e5l til diskusjon:<br>Hvordan kan undervisere i h\u00f8yere utdanning ta i bruk ThiGro i oppstarten av studietiden og som forberdelse til praksis og overgangen til arbeidslivet?<br>Hvordan kan din organisasjon f\u00e5 ThiGro inn i timeplanen for \u00e5 utvikle studentenes karrierekompetanse?<br>Hvordan kan din organisasjon ha nytte av ThiGro for \u00e5 bidra til studenters livsmestring?<br>Generasjon Z er vokst opp med digitale medier og spill. Hvordan kan vi bidra til \u00e5 utvikle studenters refleksjonsevne og kommunikasjon via nye l\u00e6ringsformer? Og hvordan kan ThiGro v\u00e6re et bidrag i den sammenheng?<\/p>\n\n\n\n<p><a href=\"https:\/\/www.coretrek.no\/thigro\/?utm_source=onepager&amp;utm_medium=print&amp;utm_campaign=thigro-h%C3%B8yere-utdanning\"><strong>Les mer om ThiGro her!<\/strong><\/a><\/p>\n\n\n\n<p>Se presentasjonen fra konferansen her: <\/p>\n\n\n\n<div data-wp-interactive=\"core\/file\" class=\"wp-block-file\"><object data-wp-bind--hidden=\"!state.hasPdfPreview\" hidden class=\"wp-block-file__embed\" data=\"https:\/\/site.nord.no\/studenterssuksess\/wp-content\/uploads\/sites\/36\/2023\/12\/Arskonferansen-2023-Bodo.pdf\" type=\"application\/pdf\" style=\"width:100%;height:600px\" aria-label=\"Innbygging av Arskonferansen-2023-Bodo\"><\/object><a id=\"wp-block-file--media-c62a1515-9ada-42fb-8b45-ecc1005707ef\" href=\"https:\/\/site.nord.no\/studenterssuksess\/wp-content\/uploads\/sites\/36\/2023\/12\/Arskonferansen-2023-Bodo.pdf\">Arskonferansen-2023-Bodo<\/a><a href=\"https:\/\/site.nord.no\/studenterssuksess\/wp-content\/uploads\/sites\/36\/2023\/12\/Arskonferansen-2023-Bodo.pdf\" class=\"wp-block-file__button wp-element-button\" download aria-describedby=\"wp-block-file--media-c62a1515-9ada-42fb-8b45-ecc1005707ef\">Last ned<\/a><\/div>\n\n\n\n<p><strong>Om innleder: <\/strong><\/p>\n\n\n\n<p>Sonja Susnic er Universitetslektor p\u00e5 OsloMet p\u00e5 etter- og videreutdanning i karriereveiledning, karrierel\u00e6ring og utdanningsvalg.<br>Med i prosjektet &laquo;Klar for arbeidslivet- karrierel\u00e6ring p\u00e5 timeplanen&raquo; og i den sammenheng utviklet det digitale brettspillet ThiGro.<\/p>\n","protected":false},"excerpt":{"rendered":"<p>Det digitale brettspillet ThiGro er utviklet p\u00e5 OsloMet i prosjektet &laquo;Klar for arbeidslivet, karrierel\u00e6ring p\u00e5 timeplanen&raquo;. Spillet er forskningsbasert og utviklet i samarbeid med studentassistenter og studenter p\u00e5 OsloMet og [&hellip;]<\/p>\n","protected":false},"author":73,"featured_media":0,"parent":0,"menu_order":0,"comment_status":"closed","ping_status":"closed","template":"","meta":{"footnotes":""},"coauthors":[8],"class_list":["post-8343","page","type-page","status-publish","hentry"],"_links":{"self":[{"href":"https:\/\/site.nord.no\/studenterssuksess\/wp-json\/wp\/v2\/pages\/8343","targetHints":{"allow":["GET"]}}],"collection":[{"href":"https:\/\/site.nord.no\/studenterssuksess\/wp-json\/wp\/v2\/pages"}],"about":[{"href":"https:\/\/site.nord.no\/studenterssuksess\/wp-json\/wp\/v2\/types\/page"}],"author":[{"embeddable":true,"href":"https:\/\/site.nord.no\/studenterssuksess\/wp-json\/wp\/v2\/users\/73"}],"replies":[{"embeddable":true,"href":"https:\/\/site.nord.no\/studenterssuksess\/wp-json\/wp\/v2\/comments?post=8343"}],"version-history":[{"count":4,"href":"https:\/\/site.nord.no\/studenterssuksess\/wp-json\/wp\/v2\/pages\/8343\/revisions"}],"predecessor-version":[{"id":8476,"href":"https:\/\/site.nord.no\/studenterssuksess\/wp-json\/wp\/v2\/pages\/8343\/revisions\/8476"}],"wp:attachment":[{"href":"https:\/\/site.nord.no\/studenterssuksess\/wp-json\/wp\/v2\/media?parent=8343"}],"wp:term":[{"taxonomy":"author","embeddable":true,"href":"https:\/\/site.nord.no\/studenterssuksess\/wp-json\/wp\/v2\/coauthors?post=8343"}],"curies":[{"name":"wp","href":"https:\/\/api.w.org\/{rel}","templated":true}]}}