{"id":8361,"date":"2023-11-21T16:17:39","date_gmt":"2023-11-21T15:17:39","guid":{"rendered":"https:\/\/site.nord.no\/studenterssuksess\/?page_id=8361"},"modified":"2023-12-04T15:27:19","modified_gmt":"2023-12-04T14:27:19","slug":"er-obligatorisk-faglig-oppstartseminar-veien-a-ga-for-a-oke-inkludering-og-styrke-trivsel-for-studentene","status":"publish","type":"page","link":"https:\/\/site.nord.no\/studenterssuksess\/er-obligatorisk-faglig-oppstartseminar-veien-a-ga-for-a-oke-inkludering-og-styrke-trivsel-for-studentene\/","title":{"rendered":"Er obligatorisk faglig oppstartseminar veien \u00e5 g\u00e5 for \u00e5 \u00f8ke inkludering og styrke trivsel for studentene?"},"content":{"rendered":"\n<p>Drop off av studenter er et problem for b\u00e5de institusjon og den enkelte student dersom dette ikke skyldes endring av program. Vi har flere unders\u00f8kelser, deriblant SHoT som viser at mange studenter sliter med ensomhet og det er ogs\u00e5 alarmerende mange med selvrapporterte psykiske lidelser. Kan et obligatorisk faglig oppstartseminar \u00f8ke trivselen og dermed redusere frafallet?<\/p>\n\n\n\n<p><strong>Om innleder: <\/strong><\/p>\n\n\n\n<p>Hanne Stokvik er SPA for ett masterprogram p\u00e5 Nord universitet <\/p>\n\n\n\n<p>Frode Soelberg er f\u00f8rsteamanuensis i markedsf\u00f8ring og Studieprogramansvarlig ved Handelsh\u00f8gskolen, Nord Universitet.<\/p>\n\n\n\n<p>Det er n\u00e5 under vurdering \u00e5 \u00f8ke obligatoriske l\u00e6ringsaktiviteter gjennom et obligatorisk faglig oppstartsseminar for \u00e5 sikre det sosiale nettverk for studenter.<\/p>\n","protected":false},"excerpt":{"rendered":"<p>Drop off av studenter er et problem for b\u00e5de institusjon og den enkelte student dersom dette ikke skyldes endring av program. Vi har flere unders\u00f8kelser, deriblant SHoT som viser at [&hellip;]<\/p>\n","protected":false},"author":73,"featured_media":0,"parent":0,"menu_order":0,"comment_status":"closed","ping_status":"closed","template":"","meta":{"footnotes":""},"coauthors":[8],"class_list":["post-8361","page","type-page","status-publish","hentry"],"_links":{"self":[{"href":"https:\/\/site.nord.no\/studenterssuksess\/wp-json\/wp\/v2\/pages\/8361","targetHints":{"allow":["GET"]}}],"collection":[{"href":"https:\/\/site.nord.no\/studenterssuksess\/wp-json\/wp\/v2\/pages"}],"about":[{"href":"https:\/\/site.nord.no\/studenterssuksess\/wp-json\/wp\/v2\/types\/page"}],"author":[{"embeddable":true,"href":"https:\/\/site.nord.no\/studenterssuksess\/wp-json\/wp\/v2\/users\/73"}],"replies":[{"embeddable":true,"href":"https:\/\/site.nord.no\/studenterssuksess\/wp-json\/wp\/v2\/comments?post=8361"}],"version-history":[{"count":3,"href":"https:\/\/site.nord.no\/studenterssuksess\/wp-json\/wp\/v2\/pages\/8361\/revisions"}],"predecessor-version":[{"id":8464,"href":"https:\/\/site.nord.no\/studenterssuksess\/wp-json\/wp\/v2\/pages\/8361\/revisions\/8464"}],"wp:attachment":[{"href":"https:\/\/site.nord.no\/studenterssuksess\/wp-json\/wp\/v2\/media?parent=8361"}],"wp:term":[{"taxonomy":"author","embeddable":true,"href":"https:\/\/site.nord.no\/studenterssuksess\/wp-json\/wp\/v2\/coauthors?post=8361"}],"curies":[{"name":"wp","href":"https:\/\/api.w.org\/{rel}","templated":true}]}}