{"id":8382,"date":"2023-11-22T15:07:13","date_gmt":"2023-11-22T14:07:13","guid":{"rendered":"https:\/\/site.nord.no\/studenterssuksess\/?page_id=8382"},"modified":"2023-12-14T13:35:28","modified_gmt":"2023-12-14T12:35:28","slug":"bryggeri-burger-og-workshop-campus-2040","status":"publish","type":"page","link":"https:\/\/site.nord.no\/studenterssuksess\/bryggeri-burger-og-workshop-campus-2040\/","title":{"rendered":"Bryggeri, burger og workshop:\u00a0Campus 2040"},"content":{"rendered":"\n<figure class=\"wp-block-gallery has-nested-images columns-default is-cropped wp-block-gallery-1 is-layout-flex wp-block-gallery-is-layout-flex\">\n<figure class=\"wp-block-image size-large\"><img fetchpriority=\"high\" decoding=\"async\" width=\"3024\" height=\"3531\" data-id=\"8547\" src=\"https:\/\/site.nord.no\/studenterssuksess\/wp-content\/uploads\/sites\/36\/2023\/12\/IMG_1415.jpg\" alt=\"\" class=\"wp-image-8547\" \/><\/figure>\n<\/figure>\n\n\n\n<p>Velkommen, tidsreisende, til v\u00e5r s\u00f8ken etter en bedre morgendagens Campus! Bli med p\u00e5 en 2,5 timer lang reise der dine verdier former fremtiden. Sammen utforsker vi gleden og ambisjonene i student- og akademikerlivet, og bruker denne innsikten til \u00e5 dr\u00f8mme om et levende Campus 2040. Dette eventyret handler om mer enn bare \u00e5 se for seg, det handler om aktiv skapelse. Ta med deg humor, h\u00e5p og et snev av nysgjerrighet. La oss sammen skape et campus 2040 der mening, form\u00e5l og studenters suksess ikke bare er idealer, men grunnlaget for campuslivet. Vi ses i fremtiden!<\/p>\n\n\n\n<p>Moderator workshop: Kasper Bredahl Rasmussen, r\u00e5dgiver\/l\u00e6ringskonsulent KOLT, Nord universitet<\/p>\n\n\n\n<p>Sted: B\u00c5DIN bryggeri <\/p>\n\n\n\n<p>Her var det som beskrevet ovenfor en workshop kombinert med god mat og drikke.<\/p>\n\n\n\n<p>Som en avslutning av workshopen fikk deltagerne utforme seg kreativt i grupper og laget postere som skal representere deres tanker og visjoner for campus 2040. Nedenfor kan du se et utdrag av posterne deltagerne laget: <\/p>\n\n\n\n<figure class=\"wp-block-gallery has-nested-images columns-default is-cropped wp-block-gallery-2 is-layout-flex wp-block-gallery-is-layout-flex\">\n<figure class=\"wp-block-image size-large\"><img decoding=\"async\" width=\"2452\" height=\"3522\" data-id=\"8557\" src=\"https:\/\/site.nord.no\/studenterssuksess\/wp-content\/uploads\/sites\/36\/2023\/12\/IMG_1424.jpg\" alt=\"\" class=\"wp-image-8557\" \/><\/figure>\n\n\n\n<figure class=\"wp-block-image size-large\"><img decoding=\"async\" width=\"2732\" height=\"3844\" data-id=\"8561\" src=\"https:\/\/site.nord.no\/studenterssuksess\/wp-content\/uploads\/sites\/36\/2023\/12\/IMG_1423.jpg\" alt=\"\" class=\"wp-image-8561\" \/><\/figure>\n\n\n\n<figure class=\"wp-block-image size-large\"><img loading=\"lazy\" decoding=\"async\" width=\"2624\" height=\"3723\" data-id=\"8558\" src=\"https:\/\/site.nord.no\/studenterssuksess\/wp-content\/uploads\/sites\/36\/2023\/12\/IMG_1426.jpg\" alt=\"\" class=\"wp-image-8558\" \/><\/figure>\n\n\n\n<figure class=\"wp-block-image size-large\"><img loading=\"lazy\" decoding=\"async\" width=\"2294\" height=\"3423\" data-id=\"8559\" src=\"https:\/\/site.nord.no\/studenterssuksess\/wp-content\/uploads\/sites\/36\/2023\/12\/IMG_1422.jpg\" alt=\"\" class=\"wp-image-8559\" \/><\/figure>\n\n\n\n<figure class=\"wp-block-image size-large\"><img loading=\"lazy\" decoding=\"async\" width=\"2580\" height=\"3569\" data-id=\"8562\" src=\"https:\/\/site.nord.no\/studenterssuksess\/wp-content\/uploads\/sites\/36\/2023\/12\/IMG_1432.jpg\" alt=\"\" class=\"wp-image-8562\" \/><\/figure>\n\n\n\n<figure class=\"wp-block-image size-large\"><img loading=\"lazy\" decoding=\"async\" width=\"2571\" height=\"3732\" data-id=\"8560\" src=\"https:\/\/site.nord.no\/studenterssuksess\/wp-content\/uploads\/sites\/36\/2023\/12\/IMG_1434.jpg\" alt=\"\" class=\"wp-image-8560\" \/><\/figure>\n<\/figure>\n","protected":false},"excerpt":{"rendered":"<p>Velkommen, tidsreisende, til v\u00e5r s\u00f8ken etter en bedre morgendagens Campus! Bli med p\u00e5 en 2,5 timer lang reise der dine verdier former fremtiden. Sammen utforsker vi gleden og ambisjonene i [&hellip;]<\/p>\n","protected":false},"author":73,"featured_media":0,"parent":0,"menu_order":0,"comment_status":"closed","ping_status":"closed","template":"","meta":{"footnotes":""},"coauthors":[8],"class_list":["post-8382","page","type-page","status-publish","hentry"],"_links":{"self":[{"href":"https:\/\/site.nord.no\/studenterssuksess\/wp-json\/wp\/v2\/pages\/8382","targetHints":{"allow":["GET"]}}],"collection":[{"href":"https:\/\/site.nord.no\/studenterssuksess\/wp-json\/wp\/v2\/pages"}],"about":[{"href":"https:\/\/site.nord.no\/studenterssuksess\/wp-json\/wp\/v2\/types\/page"}],"author":[{"embeddable":true,"href":"https:\/\/site.nord.no\/studenterssuksess\/wp-json\/wp\/v2\/users\/73"}],"replies":[{"embeddable":true,"href":"https:\/\/site.nord.no\/studenterssuksess\/wp-json\/wp\/v2\/comments?post=8382"}],"version-history":[{"count":5,"href":"https:\/\/site.nord.no\/studenterssuksess\/wp-json\/wp\/v2\/pages\/8382\/revisions"}],"predecessor-version":[{"id":8565,"href":"https:\/\/site.nord.no\/studenterssuksess\/wp-json\/wp\/v2\/pages\/8382\/revisions\/8565"}],"wp:attachment":[{"href":"https:\/\/site.nord.no\/studenterssuksess\/wp-json\/wp\/v2\/media?parent=8382"}],"wp:term":[{"taxonomy":"author","embeddable":true,"href":"https:\/\/site.nord.no\/studenterssuksess\/wp-json\/wp\/v2\/coauthors?post=8382"}],"curies":[{"name":"wp","href":"https:\/\/api.w.org\/{rel}","templated":true}]}}