{"id":8403,"date":"2023-11-27T09:23:09","date_gmt":"2023-11-27T08:23:09","guid":{"rendered":"https:\/\/site.nord.no\/studenterssuksess\/?page_id=8403"},"modified":"2023-12-14T13:18:27","modified_gmt":"2023-12-14T12:18:27","slug":"11-30-woke-og-akademia-pa-kollisjonskurs","status":"publish","type":"page","link":"https:\/\/site.nord.no\/studenterssuksess\/11-30-woke-og-akademia-pa-kollisjonskurs\/","title":{"rendered":"Woke og akademia p\u00e5 kollisjonskurs?"},"content":{"rendered":"\n<figure class=\"wp-block-image size-full\"><img fetchpriority=\"high\" decoding=\"async\" width=\"4197\" height=\"2803\" src=\"https:\/\/site.nord.no\/studenterssuksess\/wp-content\/uploads\/sites\/36\/2023\/12\/DSC00261-3.jpg\" alt=\"\" class=\"wp-image-8540\" \/><\/figure>\n\n\n\n<p><em>Foto: Adrian Bensvik<\/em><\/p>\n\n\n\n<p>Generasjon Z har blitt en p\u00e5driver for det norske samfunnets \u00abWoke\u00bb kultur. De er p\u00e5drivere for st\u00f8rre bevissthet og p\u00e5passelighet om forskjellbehandling, diskriminering, og krenkelse som har ledet til debatter om kanselleringskultur, ytringsfrihet og frie demokratier. Med stor innflytelse p\u00e5 debatten, er det n\u00f8dvendig \u00e5 f\u00e5 en st\u00f8rre forst\u00e5else om Woke kulturens p\u00e5virkning p\u00e5 akademia. Hvordan skal vi m\u00f8te Woke kulturens kritiske perspektiver p\u00e5 det tradisjonelle akademiske l\u00e6ringsmilj\u00f8et, samtidig som vi beholder retten til \u00e5 ytre oss fritt og utforske kontroversielle ideer.\u00a0<\/p>\n\n\n\n<p>Velkommen til en utforskende panelsamtale!<\/p>\n\n\n\n<p>I panelet:<\/p>\n\n\n\n<ul class=\"wp-block-list\">\n<li><strong>Elida Linnea Slettum<\/strong>, Fag- og l\u00e6ringsmilj\u00f8politisk ansvarlig Norsk studentorganisasjon<\/li>\n\n\n\n<li><strong>Helene Hoemsnes, <\/strong>F\u00f8rstelektor og fagansvarlig for Tverrfaglig videreutdanning i psykososialt arbeid med barn og unge ved H\u00f8yskolen i Molde<\/li>\n\n\n\n<li><strong>Maren Emilie Hellem Kronlund, <\/strong>R\u00e5dgiver Sit R\u00e5d og en del av prosjektteamet til iME-prosjektet<\/li>\n\n\n\n<li><strong>Michelle Odette Iversen Badiane<\/strong>, Seniorkonsulent ved studieavdelingen til Universitetet i Bergen og ansvarlig for \u00abMangfoldsprosjektet\u00bb<\/li>\n<\/ul>\n\n\n\n<p><\/p>\n\n\n\n<p>Moderator: Tine \u00d8verseth Blomfeldt, r\u00e5dgiver for psykisk helse i Sammen \u2013 Studentsamskipnaden p\u00e5 Vestlandet<\/p>\n\n\n\n<p>Presentasjon fra konferansen: <\/p>\n\n\n\n<div data-wp-interactive=\"core\/file\" class=\"wp-block-file\"><object data-wp-bind--hidden=\"!state.hasPdfPreview\" hidden class=\"wp-block-file__embed\" data=\"https:\/\/site.nord.no\/studenterssuksess\/wp-content\/uploads\/sites\/36\/2023\/12\/Woke-og-akademia-pa-kollisjonskurs-1.pdf\" type=\"application\/pdf\" style=\"width:100%;height:600px\" aria-label=\"Innbygging av Woke-og-akademia-pa-kollisjonskurs-1\"><\/object><a id=\"wp-block-file--media-5691a36c-8044-49f8-add4-ec0644db552a\" href=\"https:\/\/site.nord.no\/studenterssuksess\/wp-content\/uploads\/sites\/36\/2023\/12\/Woke-og-akademia-pa-kollisjonskurs-1.pdf\">Woke-og-akademia-pa-kollisjonskurs-1<\/a><a href=\"https:\/\/site.nord.no\/studenterssuksess\/wp-content\/uploads\/sites\/36\/2023\/12\/Woke-og-akademia-pa-kollisjonskurs-1.pdf\" class=\"wp-block-file__button wp-element-button\" download aria-describedby=\"wp-block-file--media-5691a36c-8044-49f8-add4-ec0644db552a\">Last ned<\/a><\/div>\n\n\n\n<p><\/p>\n","protected":false},"excerpt":{"rendered":"<p>Foto: Adrian Bensvik Generasjon Z har blitt en p\u00e5driver for det norske samfunnets \u00abWoke\u00bb kultur. De er p\u00e5drivere for st\u00f8rre bevissthet og p\u00e5passelighet om forskjellbehandling, diskriminering, og krenkelse som har [&hellip;]<\/p>\n","protected":false},"author":73,"featured_media":0,"parent":0,"menu_order":0,"comment_status":"closed","ping_status":"closed","template":"","meta":{"footnotes":""},"coauthors":[8],"class_list":["post-8403","page","type-page","status-publish","hentry"],"_links":{"self":[{"href":"https:\/\/site.nord.no\/studenterssuksess\/wp-json\/wp\/v2\/pages\/8403","targetHints":{"allow":["GET"]}}],"collection":[{"href":"https:\/\/site.nord.no\/studenterssuksess\/wp-json\/wp\/v2\/pages"}],"about":[{"href":"https:\/\/site.nord.no\/studenterssuksess\/wp-json\/wp\/v2\/types\/page"}],"author":[{"embeddable":true,"href":"https:\/\/site.nord.no\/studenterssuksess\/wp-json\/wp\/v2\/users\/73"}],"replies":[{"embeddable":true,"href":"https:\/\/site.nord.no\/studenterssuksess\/wp-json\/wp\/v2\/comments?post=8403"}],"version-history":[{"count":7,"href":"https:\/\/site.nord.no\/studenterssuksess\/wp-json\/wp\/v2\/pages\/8403\/revisions"}],"predecessor-version":[{"id":8551,"href":"https:\/\/site.nord.no\/studenterssuksess\/wp-json\/wp\/v2\/pages\/8403\/revisions\/8551"}],"wp:attachment":[{"href":"https:\/\/site.nord.no\/studenterssuksess\/wp-json\/wp\/v2\/media?parent=8403"}],"wp:term":[{"taxonomy":"author","embeddable":true,"href":"https:\/\/site.nord.no\/studenterssuksess\/wp-json\/wp\/v2\/coauthors?post=8403"}],"curies":[{"name":"wp","href":"https:\/\/api.w.org\/{rel}","templated":true}]}}