{"id":8413,"date":"2023-11-28T15:09:21","date_gmt":"2023-11-28T14:09:21","guid":{"rendered":"https:\/\/site.nord.no\/studenterssuksess\/?page_id=8413"},"modified":"2023-11-28T15:09:21","modified_gmt":"2023-11-28T14:09:21","slug":"studywell-bedring-av-studenters-psykiske-helse-og-trivsel-i-studieby-og-studiemiljo-gjennom-tjenestedesign-som-metode-og-relasjonell-velferd-som-visjon","status":"publish","type":"page","link":"https:\/\/site.nord.no\/studenterssuksess\/studywell-bedring-av-studenters-psykiske-helse-og-trivsel-i-studieby-og-studiemiljo-gjennom-tjenestedesign-som-metode-og-relasjonell-velferd-som-visjon\/","title":{"rendered":"StudyWell: Bedring av studenters psykiske helse og trivsel i studieby og studiemilj\u00f8 gjennom tjenestedesign som metode og relasjonell velferd som visjon"},"content":{"rendered":"\n<p>Prosjektet StudyWell er finansiert av NTNU Helse fra 2023 til 2027. Samarbeidspartnere er Velferdstinget, SiT, Trondheim Kommune og tre institutter ved NTNU; institutt for design, institutt for psykisk helse og institutt for pedagogikk og livslang l\u00e6ring. De tre PhDene skal gjennomf\u00f8re forskning og co-design prosesser med form\u00e5l \u00e5 forsterke studiemilj\u00f8ets rolle (medstudenter, l\u00e6rere, studenterkonsulenter, kurs, pedagogiske prinsipper, forventninger etc. og aktivere dette som plass til mulighet for endret praksis som kan styrke studenters psykiske helse. Tjenestedesign skal bidra til \u00e5 identifisere stressfaktorer, beste praksis, kultur, holdninger og bevissthet rundt psykisk helse. Tjenestedesign kombinert med relasjonell velferds-teori kan ytterligere identifisere utfordringer innenfor studenterfaringer som kan f\u00f8re til f\u00f8lelser som utilstrekkelighet, ensomhet og mangel p\u00e5 mestring, og identifiserer potensialet i hvert studentmilj\u00f8 for \u00e5 forbedre den generelle f\u00f8lelsen av tilh\u00f8righet og betydning i fire studiemilj\u00f8. Vi ser gjennom fire briller: Studenten (individet), Studiemilj\u00f8et (fellesskapet), Systemet (lavterskel og profesjonelle tjenester i studiebyene satt i system), Fremtiden (hvordan kan man i fremtiden ramme inn og snakke om psykisk helse).<\/p>\n\n\n\n<p><strong>Om innleggsholderne: <\/strong><\/p>\n\n\n\n<p>Brita Fladvad Nielsen er f\u00f8rsteamanuensis p\u00e5 institutt for design ved NTNU, og studieprogramleder ved fem\u00e5rig sivilingeni\u00f8rutdanning i industriell design. Hun er prosjektleder for StudyWell, et forskningsprosjekt som setter fokus p\u00e5 hvordan studenters psykiske helse og trivsel kan bedres med utgangspunkt i studiemilj\u00f8 og psykiske helsetjenester.<br><br>Katie Aurora Lineer, er PhD kandidat i StudyWell og har laget en liten video som kommuniserer noen av de viktige tankene i dette tverrfaglige prosjektet, som er et samarbeid mellom institutt for design, institutt for psykisk helse og institutt for pedaogikk og livslang l\u00e6ring p\u00e5 NTNU.<\/p>\n","protected":false},"excerpt":{"rendered":"<p>Prosjektet StudyWell er finansiert av NTNU Helse fra 2023 til 2027. Samarbeidspartnere er Velferdstinget, SiT, Trondheim Kommune og tre institutter ved NTNU; institutt for design, institutt for psykisk helse og [&hellip;]<\/p>\n","protected":false},"author":73,"featured_media":0,"parent":0,"menu_order":0,"comment_status":"closed","ping_status":"closed","template":"","meta":{"footnotes":""},"coauthors":[8],"class_list":["post-8413","page","type-page","status-publish","hentry"],"_links":{"self":[{"href":"https:\/\/site.nord.no\/studenterssuksess\/wp-json\/wp\/v2\/pages\/8413","targetHints":{"allow":["GET"]}}],"collection":[{"href":"https:\/\/site.nord.no\/studenterssuksess\/wp-json\/wp\/v2\/pages"}],"about":[{"href":"https:\/\/site.nord.no\/studenterssuksess\/wp-json\/wp\/v2\/types\/page"}],"author":[{"embeddable":true,"href":"https:\/\/site.nord.no\/studenterssuksess\/wp-json\/wp\/v2\/users\/73"}],"replies":[{"embeddable":true,"href":"https:\/\/site.nord.no\/studenterssuksess\/wp-json\/wp\/v2\/comments?post=8413"}],"version-history":[{"count":1,"href":"https:\/\/site.nord.no\/studenterssuksess\/wp-json\/wp\/v2\/pages\/8413\/revisions"}],"predecessor-version":[{"id":8414,"href":"https:\/\/site.nord.no\/studenterssuksess\/wp-json\/wp\/v2\/pages\/8413\/revisions\/8414"}],"wp:attachment":[{"href":"https:\/\/site.nord.no\/studenterssuksess\/wp-json\/wp\/v2\/media?parent=8413"}],"wp:term":[{"taxonomy":"author","embeddable":true,"href":"https:\/\/site.nord.no\/studenterssuksess\/wp-json\/wp\/v2\/coauthors?post=8413"}],"curies":[{"name":"wp","href":"https:\/\/api.w.org\/{rel}","templated":true}]}}