{"id":8418,"date":"2023-11-29T13:54:42","date_gmt":"2023-11-29T12:54:42","guid":{"rendered":"https:\/\/site.nord.no\/studenterssuksess\/?page_id=8418"},"modified":"2023-12-13T13:56:32","modified_gmt":"2023-12-13T12:56:32","slug":"hvordan-tilrettelegge-for-framtidens-studentfrivillighet-del-1","status":"publish","type":"page","link":"https:\/\/site.nord.no\/studenterssuksess\/hvordan-tilrettelegge-for-framtidens-studentfrivillighet-del-1\/","title":{"rendered":"Hvordan tilrettelegge for framtidens studentfrivillighet?\u00a0"},"content":{"rendered":"\n<h2 class=\"wp-block-heading\">Dette er del 1 av 2 parallelle sesjoner. <\/h2>\n\n\n\n<p>Studentenes helse og trivselsunders\u00f8kelse 2018 oppgir at 39 prosent av studentene var aktive i en studentorganisasjon. Unders\u00f8kelsen fra 2022 viser at studentengasjementet i Norge har sunket til 27 prosent. Dette er alts\u00e5 en nedgang p\u00e5 over 30 prosent. Hva er \u00e5rsaken til dette? Og hvordan kan vi snu denne trenden?<\/p>\n\n\n\n<p>I del 1 presenterte Sammen Studentliv rapporten \u00abUtredning av Studentlivs muligheter for \u00e5 \u00f8ke studentengasjement og deltakelse i organisasjonslivet\u00bb. Utredningen tar utgangspunkt i en kartlegging rundt hva status er i dag for studentorganisasjoner og frivillige, og foresl\u00e5r deretter tiltak som kan gjennomf\u00f8res for \u00e5 \u00f8ke oppslutningen til studentfrivilligheten.<\/p>\n\n\n\n<p><em><a href=\"https:\/\/site.nord.no\/studenterssuksess\/hvordan-tilrettelegge-for-fremtidens-studentfrivillighet-del-2\/\">Del 2 ble gjennomf\u00f8rt andre dag av konferansen i form av en workshop.<\/a><\/em><\/p>\n\n\n\n<div data-wp-interactive=\"core\/file\" class=\"wp-block-file\"><object data-wp-bind--hidden=\"!state.hasPdfPreview\" hidden class=\"wp-block-file__embed\" data=\"https:\/\/site.nord.no\/studenterssuksess\/wp-content\/uploads\/sites\/36\/2023\/12\/Presentasjon-Arskonferansen-i-Bodo.pdf\" type=\"application\/pdf\" style=\"width:100%;height:600px\" aria-label=\"Innbygging av Presentasjon-Arskonferansen-i-Bodo\"><\/object><a id=\"wp-block-file--media-58f9efe9-49fb-4153-af40-2b1078932f11\" href=\"https:\/\/site.nord.no\/studenterssuksess\/wp-content\/uploads\/sites\/36\/2023\/12\/Presentasjon-Arskonferansen-i-Bodo.pdf\">Presentasjon-Arskonferansen-i-Bodo<\/a><a href=\"https:\/\/site.nord.no\/studenterssuksess\/wp-content\/uploads\/sites\/36\/2023\/12\/Presentasjon-Arskonferansen-i-Bodo.pdf\" class=\"wp-block-file__button wp-element-button\" download aria-describedby=\"wp-block-file--media-58f9efe9-49fb-4153-af40-2b1078932f11\">Last ned<\/a><\/div>\n\n\n\n<p><strong>Om innleggsholderne: <\/strong><\/p>\n\n\n\n<p>Jakop Kjellstad er r\u00e5dgiver i Studentsamskipnaden p\u00e5 Vestlandet og jobber p\u00e5 avdelingen Sammen Studentliv. Gjennom sine \u00e5r p\u00e5 Universitetet i Bergen har Jakop bred erfaring fra studentfrivilligheten i Bergen. Jakop har hatt verv i Studentersamfunnet i Bergen, v\u00e6rt leder for kulturstyret og v\u00e6rt i Fakultetsstyret ved Det samfunnsvitenskapelige fakultet, UiB.<br><br>Henrik Tjore er r\u00e5dgiver i Studentsamskipnaden p\u00e5 Vestlandet og jobber p\u00e5 avdelingen Sammen Studentliv. I l\u00f8pet av studietiden har Henrik bred erfaring fra studentfrivilligheten p\u00e5 Vestlandet, og har hatt lederverv i studentr\u00e5det ved Noroff, veldedighetsorganisasjonen BTS Bryr seg, og flere verv i studentdemokratiet ved H\u00f8gskulen p\u00e5 Vestlandet, hvor han blant annet satt frikj\u00f8pt to \u00e5r i arbeidsutvalget til Studenttinget p\u00e5 Vestlandet.<\/p>\n\n\n\n<p><em>Denne sesjonen gj\u00f8res i samarbeid med Simen Randen, studentleder Nord universitet og Elida Slettum, Fag &#8211; og l\u00e6ringsmilj\u00f8politisk ansvarlig i Norsk Studentorganisasjon. De har ansvaret for planlegging og gjennomf\u00f8ring av del 2. <\/em><\/p>\n","protected":false},"excerpt":{"rendered":"<p>Dette er del 1 av 2 parallelle sesjoner. Studentenes helse og trivselsunders\u00f8kelse 2018 oppgir at 39 prosent av studentene var aktive i en studentorganisasjon. Unders\u00f8kelsen fra 2022 viser at studentengasjementet [&hellip;]<\/p>\n","protected":false},"author":73,"featured_media":0,"parent":0,"menu_order":0,"comment_status":"closed","ping_status":"closed","template":"","meta":{"footnotes":""},"coauthors":[8],"class_list":["post-8418","page","type-page","status-publish","hentry"],"_links":{"self":[{"href":"https:\/\/site.nord.no\/studenterssuksess\/wp-json\/wp\/v2\/pages\/8418","targetHints":{"allow":["GET"]}}],"collection":[{"href":"https:\/\/site.nord.no\/studenterssuksess\/wp-json\/wp\/v2\/pages"}],"about":[{"href":"https:\/\/site.nord.no\/studenterssuksess\/wp-json\/wp\/v2\/types\/page"}],"author":[{"embeddable":true,"href":"https:\/\/site.nord.no\/studenterssuksess\/wp-json\/wp\/v2\/users\/73"}],"replies":[{"embeddable":true,"href":"https:\/\/site.nord.no\/studenterssuksess\/wp-json\/wp\/v2\/comments?post=8418"}],"version-history":[{"count":9,"href":"https:\/\/site.nord.no\/studenterssuksess\/wp-json\/wp\/v2\/pages\/8418\/revisions"}],"predecessor-version":[{"id":8471,"href":"https:\/\/site.nord.no\/studenterssuksess\/wp-json\/wp\/v2\/pages\/8418\/revisions\/8471"}],"wp:attachment":[{"href":"https:\/\/site.nord.no\/studenterssuksess\/wp-json\/wp\/v2\/media?parent=8418"}],"wp:term":[{"taxonomy":"author","embeddable":true,"href":"https:\/\/site.nord.no\/studenterssuksess\/wp-json\/wp\/v2\/coauthors?post=8418"}],"curies":[{"name":"wp","href":"https:\/\/api.w.org\/{rel}","templated":true}]}}