{"id":8454,"date":"2023-11-30T13:48:20","date_gmt":"2023-11-30T12:48:20","guid":{"rendered":"https:\/\/site.nord.no\/studenterssuksess\/?page_id=8454"},"modified":"2023-11-30T13:48:20","modified_gmt":"2023-11-30T12:48:20","slug":"finnes-egentlig-heltidsstudenten-og-hva-trenger-alle-de-andre","status":"publish","type":"page","link":"https:\/\/site.nord.no\/studenterssuksess\/finnes-egentlig-heltidsstudenten-og-hva-trenger-alle-de-andre\/","title":{"rendered":"Finnes egentlig heltidsstudenten og hva trenger alle de andre?"},"content":{"rendered":"\n<p>I denne presentasjonen tar jeg opp dette sp\u00f8rsm\u00e5let igjen, som en fortsettelse av Kompetansenettverkets nettseminar i mai 2023 med samme tittel. Ideen om en heltidsstudent st\u00e5r sterkt i sektoren, og flere av v\u00e5re prosesser og institusjonelle rammer er bygget opp rundt denne student-typen. Men finnes egentlig heltidsstudenten? Og hva med alle de andre? Hva trenger de for \u00e5 lykkes?<\/p>\n\n\n\n<p><strong>Om innleder:<\/strong><\/p>\n\n\n\n<p>Ellen Marie S\u00e6thre-McGuirk er prorektor for utdanning, professor og merittert underviser. Hun har lang fartstid i h\u00f8yere utdanning og i kultursektoren, og har blant annet v\u00e6rt Sekretariatsleder ved KNSS, Senter- og forskningsleder ved Nasjonalt senter for kunst og kultur i oppl\u00e6ringen og direkt\u00f8r ved Rogaland Kunstmuseum. Hun disputerte sin doktorgrad i filosofisk estetikk og kunsthistorie ved Katholieke universiteit i Leuven, Belgia i 2003 og har ogs\u00e5 fullf\u00f8rt en Master i Europeiske studier (juss og europeisk kulturhistorie) ved samme universitet og en Bachelor med to fordypninger (Masse kommunikasjon og Kunsthistorie) fra USA. Hun har hatt flere oppdrag fra NOKUT til \u00e5 vurdere utdanninger og institusjoner, samt ledet det faglige vurderingsarbeidet av fleksible utdanninger for DIKU i to omganger og v\u00e6rt ekstern ekspert for \u00e5 vurdere b\u00e5de Erasmus+ og EU-forskningss\u00f8knader.<\/p>\n","protected":false},"excerpt":{"rendered":"<p>I denne presentasjonen tar jeg opp dette sp\u00f8rsm\u00e5let igjen, som en fortsettelse av Kompetansenettverkets nettseminar i mai 2023 med samme tittel. Ideen om en heltidsstudent st\u00e5r sterkt i sektoren, og [&hellip;]<\/p>\n","protected":false},"author":73,"featured_media":0,"parent":0,"menu_order":0,"comment_status":"closed","ping_status":"closed","template":"","meta":{"footnotes":""},"coauthors":[],"class_list":["post-8454","page","type-page","status-publish","hentry"],"_links":{"self":[{"href":"https:\/\/site.nord.no\/studenterssuksess\/wp-json\/wp\/v2\/pages\/8454","targetHints":{"allow":["GET"]}}],"collection":[{"href":"https:\/\/site.nord.no\/studenterssuksess\/wp-json\/wp\/v2\/pages"}],"about":[{"href":"https:\/\/site.nord.no\/studenterssuksess\/wp-json\/wp\/v2\/types\/page"}],"author":[{"embeddable":true,"href":"https:\/\/site.nord.no\/studenterssuksess\/wp-json\/wp\/v2\/users\/73"}],"replies":[{"embeddable":true,"href":"https:\/\/site.nord.no\/studenterssuksess\/wp-json\/wp\/v2\/comments?post=8454"}],"version-history":[{"count":1,"href":"https:\/\/site.nord.no\/studenterssuksess\/wp-json\/wp\/v2\/pages\/8454\/revisions"}],"predecessor-version":[{"id":8455,"href":"https:\/\/site.nord.no\/studenterssuksess\/wp-json\/wp\/v2\/pages\/8454\/revisions\/8455"}],"wp:attachment":[{"href":"https:\/\/site.nord.no\/studenterssuksess\/wp-json\/wp\/v2\/media?parent=8454"}],"wp:term":[{"taxonomy":"author","embeddable":true,"href":"https:\/\/site.nord.no\/studenterssuksess\/wp-json\/wp\/v2\/coauthors?post=8454"}],"curies":[{"name":"wp","href":"https:\/\/api.w.org\/{rel}","templated":true}]}}