{"id":921,"date":"2021-12-20T13:48:29","date_gmt":"2021-12-20T12:48:29","guid":{"rendered":"https:\/\/blogg.nord.no\/studenterssuksess\/?page_id=921"},"modified":"2021-12-21T15:21:46","modified_gmt":"2021-12-21T14:21:46","slug":"keynote-vi-er-studenter-og-en-sentral-del-av-laget","status":"publish","type":"page","link":"https:\/\/site.nord.no\/studenterssuksess\/keynote-vi-er-studenter-og-en-sentral-del-av-laget\/","title":{"rendered":"Keynote: Vi er studenter og en sentral del av laget!"},"content":{"rendered":"<p><strong>Marte \u00d8ien<\/strong> fra Norsk Studentorganisasjoner (<a href=\"https:\/\/www.student.no\/pressemeldinger\/marte-oien-blir-den-nye-studentstemmen\/\">NSO<\/a>) skal v\u00e6re \u00abkeynote\u00bb p\u00e5 konferansen.<\/p>\n<p>Tid og sted: 10. desember kl. 10:15 \u2013 Plenumsal A5<\/p>\n<p>Marte vil snakke om:<\/p>\n<p><strong>Diverse utfordringer og l\u00f8sninger:<\/strong> Mulige l\u00f8sninger for frafall, svake resultat og \u00f8kende antall med psykiske problem, kan v\u00e6re \u00e5 ikke gj\u00f8re studenter til klienter, men til aktive bidragsytere. For eks.:<br \/>\n1. Flere studenter m\u00e5 brukes i undervisningen. Dette for \u00e5 gi studentene som blir undervist tettere oppf\u00f8lging og hyppigere tilbakemelding, men ogs\u00e5 for \u00e5 gi studentene som blir brukt i undervisning verdifull erfaring, \u00f8kt f\u00f8lelse av tilh\u00f8righet sammen med en rekke andre positive effekter.<br \/>\n2. L\u00e6restedene m\u00e5 st\u00f8tte opp om studentdemokratiet ved \u00e5 bist\u00e5 med informasjon, oppl\u00e6ring og sertifisering.<br \/>\n3. En rekke andre oppgaver innen forskning, formidling og tilrettelegging kan ofte ogs\u00e5 benytte studenter i ulike sammenhenger. Her er mange muligheter som bidrar til at studentene opplever \u00f8kt motivasjon og \u00f8kt tilh\u00f8righet.<\/p>\n<p>Marte \u00f8nsker \u00e5 belyse alle de ulike studentene som undervisere m\u00f8ter i sine auditorium\/klasserom, og snakke om \u00e5 bevege seg mer i en retning av undervisning basert p\u00e5 dialog fremfor monolog. Gjennom denne keynoten h\u00e5per hun at vi sammen kan bruke denne kunnskapen for \u00e5 motarbeide frafall i h\u00f8yere utdanning.<\/p>\n<p><strong>Marte \u00d8ien<\/strong> leder Arbeidsutvalget i NSO for 2019-2020. NSO er en nasjonal interesseorganisasjon for 30 ulike studentdemokrati ved norske universiteter og h\u00f8yskoler. Studentdemokratiene representerer om lag 240 000 studenter. NSO har til oppgave \u00e5 ivareta og fremme studentenes interesser og rettigheter, fremme engasjement for nasjonale og internasjonale utdanningssaker blant studentene samt \u00e5 representere sine medlemslag. NSO jobber for at studenter i h\u00f8yere utdanning skal f\u00e5 mest mulig ut av studiene sine og ha en best mulig studiehverdag.<\/p>\n","protected":false},"excerpt":{"rendered":"<p>Marte \u00d8ien fra Norsk Studentorganisasjoner (NSO) skal v\u00e6re \u00abkeynote\u00bb p\u00e5 konferansen. Tid og sted: 10. desember kl. 10:15 \u2013 Plenumsal A5 Marte vil snakke om: Diverse utfordringer og l\u00f8sninger: Mulige [&hellip;]<\/p>\n","protected":false},"author":75,"featured_media":0,"parent":0,"menu_order":0,"comment_status":"closed","ping_status":"closed","template":"","meta":{"footnotes":""},"coauthors":[3],"class_list":["post-921","page","type-page","status-publish","hentry"],"_links":{"self":[{"href":"https:\/\/site.nord.no\/studenterssuksess\/wp-json\/wp\/v2\/pages\/921","targetHints":{"allow":["GET"]}}],"collection":[{"href":"https:\/\/site.nord.no\/studenterssuksess\/wp-json\/wp\/v2\/pages"}],"about":[{"href":"https:\/\/site.nord.no\/studenterssuksess\/wp-json\/wp\/v2\/types\/page"}],"author":[{"embeddable":true,"href":"https:\/\/site.nord.no\/studenterssuksess\/wp-json\/wp\/v2\/users\/75"}],"replies":[{"embeddable":true,"href":"https:\/\/site.nord.no\/studenterssuksess\/wp-json\/wp\/v2\/comments?post=921"}],"version-history":[{"count":1,"href":"https:\/\/site.nord.no\/studenterssuksess\/wp-json\/wp\/v2\/pages\/921\/revisions"}],"predecessor-version":[{"id":922,"href":"https:\/\/site.nord.no\/studenterssuksess\/wp-json\/wp\/v2\/pages\/921\/revisions\/922"}],"wp:attachment":[{"href":"https:\/\/site.nord.no\/studenterssuksess\/wp-json\/wp\/v2\/media?parent=921"}],"wp:term":[{"taxonomy":"author","embeddable":true,"href":"https:\/\/site.nord.no\/studenterssuksess\/wp-json\/wp\/v2\/coauthors?post=921"}],"curies":[{"name":"wp","href":"https:\/\/api.w.org\/{rel}","templated":true}]}}