{"id":9211,"date":"2025-02-05T09:45:58","date_gmt":"2025-02-05T08:45:58","guid":{"rendered":"https:\/\/site.nord.no\/studenterssuksess\/?page_id=9211"},"modified":"2025-07-30T10:44:56","modified_gmt":"2025-07-30T08:44:56","slug":"arrangementer-2025","status":"publish","type":"page","link":"https:\/\/site.nord.no\/studenterssuksess\/arrangementer-2025\/","title":{"rendered":"Arrangementer 2025"},"content":{"rendered":"\n<p>Vi gleder oss til et inspirerende 2025 fylt med verdifull kompetansedeling i Kompetansenettverk for studenters suksess!&nbsp;<\/p>\n\n\n\n<p>V\u00e5re ressurspersoner har satt sammen et spennende \u00e5rshjul med arrangementer som alle har \u00e9n ting til felles: fokus p\u00e5 at studentene skal lykkes enda bedre i h\u00f8yere utdanning.&nbsp;<\/p>\n\n\n\n<p>\ud83d\udcc5 <strong>Se v\u00e5re arrangementer for 2025 nedenfor!<\/strong><\/p>\n\n\n\n<figure class=\"wp-block-image aligncenter size-full\"><img fetchpriority=\"high\" decoding=\"async\" width=\"993\" height=\"689\" src=\"https:\/\/site.nord.no\/studenterssuksess\/wp-content\/uploads\/sites\/36\/2025\/02\/Skjermbilde-2025-02-24-124838.png\" alt=\"\" class=\"wp-image-9338\" \/><\/figure>\n\n\n\n<p>&nbsp;<em>(trykk p\u00e5 det enkelte arrangement for \u00e5 lese mer)<\/em><\/p>\n\n\n\n<div class=\"wp-block-buttons is-layout-flex wp-block-buttons-is-layout-flex\">\n<div class=\"wp-block-button has-custom-width wp-block-button__width-100\"><a class=\"wp-block-button__link has-white-color has-text-color has-background wp-element-button\" href=\"https:\/\/site.nord.no\/studenterssuksess\/trygg-studiestart-fra-forste-ar-til-fullfort-studielop\/\" style=\"background-color:#0f5d20\">10. april: <strong>Trygg studiestart \u2013 fra f\u00f8rste \u00e5r til fullf\u00f8rt studiel\u00f8p&nbsp;<\/strong><\/a><\/div>\n\n\n\n<div class=\"wp-block-button has-custom-width wp-block-button__width-100\"><a class=\"wp-block-button__link has-white-color has-text-color has-background wp-element-button\" href=\"https:\/\/site.nord.no\/studenterssuksess\/studentengasjement-for-godt-og-inkluderende-laeringsmiljo\/\" style=\"background-color:#0f5d20\">5-6. mai: <strong>Studentengasjement for godt og inkluderende l\u00e6ringsmilj\u00f8<\/strong><\/a><\/div>\n\n\n\n<div class=\"wp-block-button has-custom-width wp-block-button__width-100\"><a class=\"wp-block-button__link has-white-color has-text-color has-background wp-element-button\" href=\"https:\/\/site.nord.no\/studenterssuksess\/kunnskapsbasert-innsikt-og-tiltak-for-frafall-og-gjennomstromning\/\" style=\"background-color:#0f5d20\">10. juni: <strong>Kunnskapsbasert innsikt og tiltak for frafall og gjennomstr\u00f8mning<\/strong><\/a><\/div>\n\n\n\n<div class=\"wp-block-button has-custom-width wp-block-button__width-100\"><a class=\"wp-block-button__link has-white-color has-text-color has-background wp-element-button\" href=\"https:\/\/site.nord.no\/studenterssuksess\/studentvelferd-og-laeringsmiljo-i-en-digital-studiehverdag\/\" style=\"background-color:#0f5d20\">11. september: <strong>Studentvelferd og l\u00e6ringsmilj\u00f8 i en digital studiehverdag<\/strong><\/a><\/div>\n\n\n\n<div class=\"wp-block-button has-custom-width wp-block-button__width-100\"><a class=\"wp-block-button__link has-white-color has-text-color has-background has-link-color wp-element-button\" href=\"https:\/\/site.nord.no\/studenterssuksess\/studentengasjement-for-godt-og-inkluderende-laeringsmiljo-del-2\/\" style=\"background-color:#0f5d20\">6. november:  <strong>Studentengasjement for godt og inkluderende l\u00e6ringsmilj\u00f8<\/strong> (del 2)<\/a><\/div>\n\n\n\n<div class=\"wp-block-button has-custom-width wp-block-button__width-100\"><a class=\"wp-block-button__link has-white-color has-text-color has-background wp-element-button\" href=\"https:\/\/site.nord.no\/studenterssuksess\/arskonferanse-2025\/\" style=\"background-color:#0f5d20\">3-4. desember:<strong> \u00c5rskonferanse 2025<\/strong><\/a><\/div>\n<\/div>\n\n\n\n<p><\/p>\n","protected":false},"excerpt":{"rendered":"<p>Vi gleder oss til et inspirerende 2025 fylt med verdifull kompetansedeling i Kompetansenettverk for studenters suksess!&nbsp; V\u00e5re ressurspersoner har satt sammen et spennende \u00e5rshjul med arrangementer som alle har \u00e9n [&hellip;]<\/p>\n","protected":false},"author":73,"featured_media":0,"parent":0,"menu_order":0,"comment_status":"closed","ping_status":"closed","template":"","meta":{"footnotes":""},"coauthors":[8],"class_list":["post-9211","page","type-page","status-publish","hentry"],"_links":{"self":[{"href":"https:\/\/site.nord.no\/studenterssuksess\/wp-json\/wp\/v2\/pages\/9211","targetHints":{"allow":["GET"]}}],"collection":[{"href":"https:\/\/site.nord.no\/studenterssuksess\/wp-json\/wp\/v2\/pages"}],"about":[{"href":"https:\/\/site.nord.no\/studenterssuksess\/wp-json\/wp\/v2\/types\/page"}],"author":[{"embeddable":true,"href":"https:\/\/site.nord.no\/studenterssuksess\/wp-json\/wp\/v2\/users\/73"}],"replies":[{"embeddable":true,"href":"https:\/\/site.nord.no\/studenterssuksess\/wp-json\/wp\/v2\/comments?post=9211"}],"version-history":[{"count":15,"href":"https:\/\/site.nord.no\/studenterssuksess\/wp-json\/wp\/v2\/pages\/9211\/revisions"}],"predecessor-version":[{"id":9454,"href":"https:\/\/site.nord.no\/studenterssuksess\/wp-json\/wp\/v2\/pages\/9211\/revisions\/9454"}],"wp:attachment":[{"href":"https:\/\/site.nord.no\/studenterssuksess\/wp-json\/wp\/v2\/media?parent=9211"}],"wp:term":[{"taxonomy":"author","embeddable":true,"href":"https:\/\/site.nord.no\/studenterssuksess\/wp-json\/wp\/v2\/coauthors?post=9211"}],"curies":[{"name":"wp","href":"https:\/\/api.w.org\/{rel}","templated":true}]}}