{"id":932,"date":"2021-12-20T14:02:11","date_gmt":"2021-12-20T13:02:11","guid":{"rendered":"https:\/\/blogg.nord.no\/studenterssuksess\/?page_id=932"},"modified":"2021-12-21T15:08:43","modified_gmt":"2021-12-21T14:08:43","slug":"oversikt-over-abstrakter","status":"publish","type":"page","link":"https:\/\/site.nord.no\/studenterssuksess\/oversikt-over-abstrakter\/","title":{"rendered":"Oversikt over abstrakter"},"content":{"rendered":"<h2><a href=\"https:\/\/site.nord.no\/studenterssuksess\/oversikt-over-alle-abstrakter\/\">1. Oversikt over alle abstrakter<\/a><\/h2>\n<h2>2. Stream<\/h2>\n<p>Vi har tre undertema p\u00e5 konferansen som vi fors\u00f8kte p\u00e5 \u00e5 legge slik at sesjoner i st\u00f8rst mulig grad ikke kolliderte. Her finner dere:<\/p>\n<p><a href=\"https:\/\/site.nord.no\/studenterssuksess\/oversikt-over-innlegg-knyttet-til-mentorordninger\/\">OVERSIKT OVER INNLEGG KNYTTET TIL MENTORORDNINGER<\/a><br \/>\n<a href=\"https:\/\/site.nord.no\/studenterssuksess\/oversikt-over-innlegg-knyttet-til-utdanningsledelse-organisasjonsendring\/\">OVERSIKT OVER INNLEGG KNYTTET TIL UTDANNINGSLEDELSE \u2013 ORGANISASJONSENDRING<\/a><br \/>\n<a href=\"https:\/\/site.nord.no\/studenterssuksess\/oversikt-over-innlegg-knyttet-til-a-inkludere-studentene\/\">OVERSIKT OVER INNLEGG KNYTTET TIL \u00c5 INKLUDERE STUDENTENE<\/a><\/p>\n<h2>3. Tidspunkt<\/h2>\n<p><a href=\"https:\/\/site.nord.no\/studenterssuksess\/parallelle-sesjoner-1-mandag-9-desember-kl-15-16\/\">PARALLELLE SESJONER 1. MANDAG 9. DESEMBER KL. 15 \u2013 16<\/a><br \/>\n<a href=\"https:\/\/site.nord.no\/studenterssuksess\/parallelle-sesjoner-2-mandag-9-desember-kl-16-15-17-15\/\">PARALLELLE SESJONER 2. MANDAG 9. DESEMBER KL. 16.15 \u2013 17.15<\/a><br \/>\n<a href=\"https:\/\/site.nord.no\/studenterssuksess\/parallelle-sesjoner-3-tirsdag-10-desember-kl-9-10\/\">PARALLELLE SESJONER 3. TIRSDAG 10. DESEMBER KL. 9 \u2013 10<\/a><br \/>\n<a href=\"https:\/\/site.nord.no\/studenterssuksess\/parallelle-sesjoner-4-tirsdag-10-desember-kl-13-14\/\">PARALLELLE SESJONER 4. TIRSDAG 10. DESEMBER KL. 13 \u2013 14<\/a><br \/>\n<a href=\"https:\/\/site.nord.no\/studenterssuksess\/parallelle-sesjoner-5-tirsdag-10-desember-kl-14-15-15-15\/\">PARALLELLE SESJONER 5. TIRSDAG 10. DESEMBER KL. 14.15 \u2013 15.15<\/a><\/p>\n<h2>4. Form<\/h2>\n<p><a href=\"https:\/\/site.nord.no\/studenterssuksess\/papers\/\">Papers (P)<\/a><br \/>\n<a href=\"https:\/\/site.nord.no\/studenterssuksess\/workshops\/\">Workshops (W)<\/a><br \/>\n<a href=\"https:\/\/site.nord.no\/studenterssuksess\/show-and-tell-og-posters\/\">Show and Tell (ST) og Posters (Po)<\/a><br \/>\n<a href=\"https:\/\/site.nord.no\/studenterssuksess\/keynote-a-involvere-studenter-er-vinn-vinn-for-alle\/\">Keynote \u2013 \u00c5 involvere studenter er vinn-vinn for alle v\/ Leif Bryngfors<\/a><br \/>\n<a href=\"https:\/\/site.nord.no\/studenterssuksess\/keynote-vi-er-studenter-og-en-sentral-del-av-laget\/\">Keynote \u2013 Vi er studenter og en sentral del av laget! v\/ Marte \u00d8ien<\/a><br \/>\n<a href=\"https:\/\/site.nord.no\/studenterssuksess\/a-tilrettelegge-for-at-studentene-skal-lykkes-en-innforing-i-stigemodellen\/\">Pre-konferanse sesjon 1: \u00c5 tilrettelegge for at studentene skal lykkes \u2013 en innf\u00f8ring i stigemodellen<\/a><br \/>\n<a href=\"https:\/\/site.nord.no\/studenterssuksess\/fullforing-og-frafall-hva-sier-statistikken\/\">Pre-konferanse sesjon 2: Fullf\u00f8ring og frafall \u2013 Hva sier statitikken?<\/a><br \/>\n<a href=\"https:\/\/site.nord.no\/studenterssuksess\/om-prosjektet-kompetansedeling-for-studenters-suksess-i-hoyere-utdanning\/\">Pre-konferanse sesjon 3: Om prosjektet kompetansedeling for studenters suksess i h\u00f8yere utdanning<\/a><\/p>\n<h2>5. N\u00f8kkelord<\/h2>\n<p><a href=\"https:\/\/site.nord.no\/studenterssuksess\/det-helhetlige-tilbudet\/\">Det helhetlige tilbudet<\/a><br \/>\n<a href=\"https:\/\/site.nord.no\/studenterssuksess\/eksterne-drivkrefter\/\">Eksterne drivkrefter<\/a><br \/>\n<a href=\"https:\/\/site.nord.no\/studenterssuksess\/evalueringer\/\">Evalueringer<\/a><br \/>\n<a href=\"https:\/\/site.nord.no\/studenterssuksess\/fagtilbud-tilrettelegging-og-informasjon\/\">Fagtilbud, tilrettelegging og informasjon<\/a><br \/>\n<a href=\"https:\/\/site.nord.no\/studenterssuksess\/forkunnskaper-erfaringer\/\">Forkunnskaper \u2013 Erfaringer<\/a><br \/>\n<a href=\"https:\/\/site.nord.no\/studenterssuksess\/infrastruktur-og-servicetilbud\/\">Infrastruktur og servicetilbud<\/a><br \/>\n<a href=\"https:\/\/site.nord.no\/studenterssuksess\/mottak-og-forstesemester\/\">Mottak og f\u00f8rstesemester<\/a><br \/>\n<a href=\"https:\/\/site.nord.no\/studenterssuksess\/statistikk-og-analyse\/\">Statistikk og analyse<\/a><br \/>\n<a href=\"https:\/\/site.nord.no\/studenterssuksess\/studentenes-egne-drivkrefter\/\">Studentenes egne drivkrefter<\/a><br \/>\n<a href=\"https:\/\/site.nord.no\/studenterssuksess\/undervisningen\/\">Undervisningen<\/a><\/p>\n","protected":false},"excerpt":{"rendered":"<p>1. Oversikt over alle abstrakter 2. Stream Vi har tre undertema p\u00e5 konferansen som vi fors\u00f8kte p\u00e5 \u00e5 legge slik at sesjoner i st\u00f8rst mulig grad ikke kolliderte. Her finner [&hellip;]<\/p>\n","protected":false},"author":75,"featured_media":0,"parent":0,"menu_order":0,"comment_status":"closed","ping_status":"closed","template":"","meta":{"footnotes":""},"coauthors":[3],"class_list":["post-932","page","type-page","status-publish","hentry"],"_links":{"self":[{"href":"https:\/\/site.nord.no\/studenterssuksess\/wp-json\/wp\/v2\/pages\/932","targetHints":{"allow":["GET"]}}],"collection":[{"href":"https:\/\/site.nord.no\/studenterssuksess\/wp-json\/wp\/v2\/pages"}],"about":[{"href":"https:\/\/site.nord.no\/studenterssuksess\/wp-json\/wp\/v2\/types\/page"}],"author":[{"embeddable":true,"href":"https:\/\/site.nord.no\/studenterssuksess\/wp-json\/wp\/v2\/users\/75"}],"replies":[{"embeddable":true,"href":"https:\/\/site.nord.no\/studenterssuksess\/wp-json\/wp\/v2\/comments?post=932"}],"version-history":[{"count":6,"href":"https:\/\/site.nord.no\/studenterssuksess\/wp-json\/wp\/v2\/pages\/932\/revisions"}],"predecessor-version":[{"id":1059,"href":"https:\/\/site.nord.no\/studenterssuksess\/wp-json\/wp\/v2\/pages\/932\/revisions\/1059"}],"wp:attachment":[{"href":"https:\/\/site.nord.no\/studenterssuksess\/wp-json\/wp\/v2\/media?parent=932"}],"wp:term":[{"taxonomy":"author","embeddable":true,"href":"https:\/\/site.nord.no\/studenterssuksess\/wp-json\/wp\/v2\/coauthors?post=932"}],"curies":[{"name":"wp","href":"https:\/\/api.w.org\/{rel}","templated":true}]}}