{"id":934,"date":"2021-12-20T14:03:35","date_gmt":"2021-12-20T13:03:35","guid":{"rendered":"https:\/\/blogg.nord.no\/studenterssuksess\/?page_id=934"},"modified":"2021-12-21T15:27:57","modified_gmt":"2021-12-21T14:27:57","slug":"parallelle-sesjoner-1-mandag-9-desember-kl-15-16","status":"publish","type":"page","link":"https:\/\/site.nord.no\/studenterssuksess\/parallelle-sesjoner-1-mandag-9-desember-kl-15-16\/","title":{"rendered":"PARALLELLE SESJONER 1. MANDAG 9. DESEMBER KL. 15 \u2013 16"},"content":{"rendered":"<p><a href=\"https:\/\/site.nord.no\/studenterssuksess\/w5-mentordning-fra-spredte-piloter-til-fullskala-satsing\/\">W5 \u2013 Mentordning \u2013 fra spredte piloter til fullskala satsing<\/a><br \/>\nSeminarrom A126<br \/>\nLinda Herfindal Lien og \u00d8ystein Sandven<br \/>\nUniversitetet i Bergen og Sammen<\/p>\n<p><a href=\"https:\/\/site.nord.no\/studenterssuksess\/w15-supplemental-instruction-veiledning-i-regi-av-studentene-selv\/\">W15 \u2013 Supplemental Instruction \u2013 veiledning i regi av studentene selv<\/a><br \/>\nSeminarrom A103<br \/>\nElisabeth Suzen og Roger Helde<br \/>\nNord universitet<\/p>\n<p><a href=\"https:\/\/site.nord.no\/studenterssuksess\/p7-betydningen-for-malbevissthet-og-sosial-tilhorighet-for-frafall-i-hoyere-utdanning\/\">P7 \u2013 Betydningen for m\u00e5lbevissthet og sosial tilh\u00f8righet for frafall i h\u00f8yere utdanning<\/a><br \/>\nAuditorium 6<br \/>\nIben Kardel<br \/>\nH\u00f8gskolen i Innlandet<\/p>\n<p><a href=\"https:\/\/site.nord.no\/studenterssuksess\/p11-studenter-med-norsk-som-andresprak-veien-til-inkludering-bruk-av-studentmentorer-sprakmakkere\/\">P11 \u2013 Studenter med norsk som andrespr\u00e5k: Veien til inkludering; bruk av studentmentorer\/spr\u00e5kmakkere?<\/a><br \/>\nAuditorium 6<br \/>\nIngunn Nilsen<br \/>\nOsloMet \u2013 Storbyuniversitetet<\/p>\n<p><a href=\"https:\/\/site.nord.no\/studenterssuksess\/p13-fra-soker-til-student-hvor-mange-mister-vi-pa-veien\/\">P13 \u2013 Fra s\u00f8ker til student \u2013 hvor mange mister vi p\u00e5 veien?<\/a><br \/>\nAuditorium 7<br \/>\nIngrid Susanne Andersen<br \/>\nUniversitetet i Agder<\/p>\n<p><a href=\"https:\/\/site.nord.no\/studenterssuksess\/p3-mentorit-en-student-til-student-mentorordning-for-informatikkstudenter\/\">P3 \u2013 MentorIT \u2013 En student-til-student-mentorordning for informatikkstudenter<\/a><br \/>\nAuditorium 7<br \/>\nAmalie Berntzen og \u00d8istein S\u00f8vik<br \/>\nFakultet for naturvitenskap og teknologi, UiT \u2013 Norges arktiske universitet<\/p>\n","protected":false},"excerpt":{"rendered":"<p>W5 \u2013 Mentordning \u2013 fra spredte piloter til fullskala satsing Seminarrom A126 Linda Herfindal Lien og \u00d8ystein Sandven Universitetet i Bergen og Sammen W15 \u2013 Supplemental Instruction \u2013 veiledning i [&hellip;]<\/p>\n","protected":false},"author":75,"featured_media":0,"parent":0,"menu_order":0,"comment_status":"closed","ping_status":"closed","template":"","meta":{"footnotes":""},"coauthors":[3],"class_list":["post-934","page","type-page","status-publish","hentry"],"_links":{"self":[{"href":"https:\/\/site.nord.no\/studenterssuksess\/wp-json\/wp\/v2\/pages\/934","targetHints":{"allow":["GET"]}}],"collection":[{"href":"https:\/\/site.nord.no\/studenterssuksess\/wp-json\/wp\/v2\/pages"}],"about":[{"href":"https:\/\/site.nord.no\/studenterssuksess\/wp-json\/wp\/v2\/types\/page"}],"author":[{"embeddable":true,"href":"https:\/\/site.nord.no\/studenterssuksess\/wp-json\/wp\/v2\/users\/75"}],"replies":[{"embeddable":true,"href":"https:\/\/site.nord.no\/studenterssuksess\/wp-json\/wp\/v2\/comments?post=934"}],"version-history":[{"count":4,"href":"https:\/\/site.nord.no\/studenterssuksess\/wp-json\/wp\/v2\/pages\/934\/revisions"}],"predecessor-version":[{"id":944,"href":"https:\/\/site.nord.no\/studenterssuksess\/wp-json\/wp\/v2\/pages\/934\/revisions\/944"}],"wp:attachment":[{"href":"https:\/\/site.nord.no\/studenterssuksess\/wp-json\/wp\/v2\/media?parent=934"}],"wp:term":[{"taxonomy":"author","embeddable":true,"href":"https:\/\/site.nord.no\/studenterssuksess\/wp-json\/wp\/v2\/coauthors?post=934"}],"curies":[{"name":"wp","href":"https:\/\/api.w.org\/{rel}","templated":true}]}}