{"id":945,"date":"2021-12-20T14:20:28","date_gmt":"2021-12-20T13:20:28","guid":{"rendered":"https:\/\/blogg.nord.no\/studenterssuksess\/?page_id=945"},"modified":"2021-12-21T15:28:19","modified_gmt":"2021-12-21T14:28:19","slug":"parallelle-sesjoner-2-mandag-9-desember-kl-16-15-17-15","status":"publish","type":"page","link":"https:\/\/site.nord.no\/studenterssuksess\/parallelle-sesjoner-2-mandag-9-desember-kl-16-15-17-15\/","title":{"rendered":"PARALLELLE SESJONER 2. MANDAG 9. DESEMBER KL. 16.15 \u2013 17.15"},"content":{"rendered":"<p><a href=\"https:\/\/site.nord.no\/studenterssuksess\/w9-rekruttering-av-studentmentorer\/\">W9 \u2013 Rekruttering av studentmentorer<\/a><br \/>\nSeminarrom A126<br \/>\nAngelina Olsen (UiB), Hannah R\u00f8kke (UiB) og Trygve Andre Hagen Str\u00f8msnes (UiT)<br \/>\nMentorer fra Universitetet i Bergen og Universitetet i Bergen og Universitetet i Troms\u00f8 \u2013 Norges arktiske universitet<\/p>\n<p><a href=\"https:\/\/site.nord.no\/studenterssuksess\/w11-vi-ma-gjore-noe-med-frafallet\/\">W11 \u2013 Vi m\u00e5 gj\u00f8re noe med frafallet<\/a><br \/>\nSeminarrom A103<br \/>\n\u00d8ystein St\u00f8rsmnes og Grete Lysfjord<br \/>\nNord universitet og Studentinord<\/p>\n<p><a href=\"https:\/\/site.nord.no\/studenterssuksess\/w4-kjaert-barn-ma-ha-god-opplaering\/\">W4 \u2013 Kj\u00e6rt barn m\u00e5 ha god oppl\u00e6ring<\/a><br \/>\nSeminarrom A263<br \/>\nGrethe Moen Johansen<br \/>\nOsloMet \u2013 Storbyuniversitetet<\/p>\n<p><a href=\"https:\/\/site.nord.no\/studenterssuksess\/w6-studentassistanse-i-grunnkurs-fordeler-og-ulemper-ved-gruppeundervisning\/\">W6 \u2013 Studentassistanse i grunnkurs \u2013 Fordeler og ulemper ved gruppeundervisning<\/a><br \/>\nAuditorium 7<br \/>\nKristine Lysnes<br \/>\nMatematisk institutt, Universitetet i Bergen<\/p>\n","protected":false},"excerpt":{"rendered":"<p>W9 \u2013 Rekruttering av studentmentorer Seminarrom A126 Angelina Olsen (UiB), Hannah R\u00f8kke (UiB) og Trygve Andre Hagen Str\u00f8msnes (UiT) Mentorer fra Universitetet i Bergen og Universitetet i Bergen og Universitetet [&hellip;]<\/p>\n","protected":false},"author":75,"featured_media":0,"parent":0,"menu_order":0,"comment_status":"closed","ping_status":"closed","template":"","meta":{"footnotes":""},"coauthors":[3],"class_list":["post-945","page","type-page","status-publish","hentry"],"_links":{"self":[{"href":"https:\/\/site.nord.no\/studenterssuksess\/wp-json\/wp\/v2\/pages\/945","targetHints":{"allow":["GET"]}}],"collection":[{"href":"https:\/\/site.nord.no\/studenterssuksess\/wp-json\/wp\/v2\/pages"}],"about":[{"href":"https:\/\/site.nord.no\/studenterssuksess\/wp-json\/wp\/v2\/types\/page"}],"author":[{"embeddable":true,"href":"https:\/\/site.nord.no\/studenterssuksess\/wp-json\/wp\/v2\/users\/75"}],"replies":[{"embeddable":true,"href":"https:\/\/site.nord.no\/studenterssuksess\/wp-json\/wp\/v2\/comments?post=945"}],"version-history":[{"count":2,"href":"https:\/\/site.nord.no\/studenterssuksess\/wp-json\/wp\/v2\/pages\/945\/revisions"}],"predecessor-version":[{"id":953,"href":"https:\/\/site.nord.no\/studenterssuksess\/wp-json\/wp\/v2\/pages\/945\/revisions\/953"}],"wp:attachment":[{"href":"https:\/\/site.nord.no\/studenterssuksess\/wp-json\/wp\/v2\/media?parent=945"}],"wp:term":[{"taxonomy":"author","embeddable":true,"href":"https:\/\/site.nord.no\/studenterssuksess\/wp-json\/wp\/v2\/coauthors?post=945"}],"curies":[{"name":"wp","href":"https:\/\/api.w.org\/{rel}","templated":true}]}}