{"id":954,"date":"2021-12-20T14:40:11","date_gmt":"2021-12-20T13:40:11","guid":{"rendered":"https:\/\/blogg.nord.no\/studenterssuksess\/?page_id=954"},"modified":"2021-12-21T15:28:26","modified_gmt":"2021-12-21T14:28:26","slug":"parallelle-sesjoner-3-tirsdag-10-desember-kl-9-10","status":"publish","type":"page","link":"https:\/\/site.nord.no\/studenterssuksess\/parallelle-sesjoner-3-tirsdag-10-desember-kl-9-10\/","title":{"rendered":"PARALLELLE SESJONER 3. TIRSDAG 10. DESEMBER KL. 9 \u2013 10"},"content":{"rendered":"<p><a href=\"https:\/\/site.nord.no\/studenterssuksess\/st1-og-po1-prosjekt-fyse-en-mentorordning-for-forstearsstudenter\/\">ST1 og Po1 \u2013 Prosjekt FYSE: En mentorordning for f\u00f8rste\u00e5rsstudenter<\/a><br \/>\nAuditorium 6<br \/>\nFranziska Vogler, Fahd Mahmoud, Leif Arne L\u00f8haugen<br \/>\nUniversitetet i Agder<\/p>\n<p><a href=\"https:\/\/site.nord.no\/studenterssuksess\/st2-og-po2-hvordan-informatikk-studenter-lykkes\/\">ST2 og Po2 \u2013 Hvordan informatikk studenter lykkes<\/a><br \/>\nAuditorium 6<br \/>\nMarie Heggebakk og Maria Lindsheim<br \/>\nUniversitetet i Bergen<\/p>\n<p><a href=\"https:\/\/site.nord.no\/studenterssuksess\/st3-mentorordning-ei-kjelde-til-korleis-studieprogram-kan-forbetre-seg\/\">ST3 \u2013 Mentorordning \u2013 ei kjelde til korleis studieprogram kan forbetre seg?<\/a><br \/>\nAuditorium 6<br \/>\nTone Stokka<br \/>\nUniversitetet i Bergen<\/p>\n<p><a href=\"https:\/\/site.nord.no\/studenterssuksess\/st4-og-po4-det-forste-studiearet-hva-er-utfordringene-som-kan-motes-av-en-mentorordning\/\">ST4 og Po4 \u2013 Det f\u00f8rste studie\u00e5ret \u2013 Hva er utfordringene som kan m\u00f8tes av en mentorordning<\/a><br \/>\nAuditorium 6<br \/>\nHarald \u00c5ge S\u00e6thre<br \/>\nDet matematisk-naturvitenskapelige fakultet, Universitetet i Bergen<\/p>\n<p><a href=\"https:\/\/site.nord.no\/studenterssuksess\/p8-studiestart-hvilke-faktorer-er-viktige-for-suksess-i-hoyere-utdanning\/\">P8 \u2013 Studiestart: Hvilke faktorer er viktige for suksess i h\u00f8yere utdanning?<\/a><br \/>\nAuditorium 7<br \/>\nP\u00e5l Bakken<br \/>\nNOKUT<\/p>\n<p><a href=\"https:\/\/site.nord.no\/studenterssuksess\/p9-en-studie-av-forhold-som-kan-ha-innvirkning-pa-studenters-gjennomforing-av-hoyere-utdanning\/\">P9 \u2013 En studie av forhold som kan ha innvirkning p\u00e5 studenters gjennomf\u00f8ring av h\u00f8yere utdanning<\/a><br \/>\nAuditorium 7<br \/>\nAndreas Hagen<br \/>\nNTNU<\/p>\n<p><a href=\"https:\/\/site.nord.no\/studenterssuksess\/w12-valle-og-stromsnes-setter-studenten-forst-og-fremst\/\">W12 \u2013 Valle og Str\u00f8msnes setter studenten f\u00f8rst og fremst<\/a><br \/>\nSeminarrom A126<br \/>\n\u00d8ystein St\u00f8rsmnes og Svein Valle<br \/>\nStudentinord<\/p>\n<p><a href=\"https:\/\/site.nord.no\/studenterssuksess\/w1-fadderukene-hvordan-fa-til-et-godt-samarbeid-for-a-sikre-gode-rusforebyggende-og-inkluderende-miljo\/\">W1 \u2013 Fadderukene \u2013 Hvordan f\u00e5 til et godt samarbeid for \u00e5 sikre gode rusforebyggende og inkluderende milj\u00f8?<\/a><br \/>\nSeminarrom A103<br \/>\nIngrid Rabbe Larsen<br \/>\nNorges Arktiske Studentsamskipnad<\/p>\n","protected":false},"excerpt":{"rendered":"<p>ST1 og Po1 \u2013 Prosjekt FYSE: En mentorordning for f\u00f8rste\u00e5rsstudenter Auditorium 6 Franziska Vogler, Fahd Mahmoud, Leif Arne L\u00f8haugen Universitetet i Agder ST2 og Po2 \u2013 Hvordan informatikk studenter lykkes [&hellip;]<\/p>\n","protected":false},"author":75,"featured_media":0,"parent":0,"menu_order":0,"comment_status":"closed","ping_status":"closed","template":"","meta":{"footnotes":""},"coauthors":[3],"class_list":["post-954","page","type-page","status-publish","hentry"],"_links":{"self":[{"href":"https:\/\/site.nord.no\/studenterssuksess\/wp-json\/wp\/v2\/pages\/954","targetHints":{"allow":["GET"]}}],"collection":[{"href":"https:\/\/site.nord.no\/studenterssuksess\/wp-json\/wp\/v2\/pages"}],"about":[{"href":"https:\/\/site.nord.no\/studenterssuksess\/wp-json\/wp\/v2\/types\/page"}],"author":[{"embeddable":true,"href":"https:\/\/site.nord.no\/studenterssuksess\/wp-json\/wp\/v2\/users\/75"}],"replies":[{"embeddable":true,"href":"https:\/\/site.nord.no\/studenterssuksess\/wp-json\/wp\/v2\/comments?post=954"}],"version-history":[{"count":2,"href":"https:\/\/site.nord.no\/studenterssuksess\/wp-json\/wp\/v2\/pages\/954\/revisions"}],"predecessor-version":[{"id":963,"href":"https:\/\/site.nord.no\/studenterssuksess\/wp-json\/wp\/v2\/pages\/954\/revisions\/963"}],"wp:attachment":[{"href":"https:\/\/site.nord.no\/studenterssuksess\/wp-json\/wp\/v2\/media?parent=954"}],"wp:term":[{"taxonomy":"author","embeddable":true,"href":"https:\/\/site.nord.no\/studenterssuksess\/wp-json\/wp\/v2\/coauthors?post=954"}],"curies":[{"name":"wp","href":"https:\/\/api.w.org\/{rel}","templated":true}]}}