{"id":965,"date":"2021-12-20T15:05:56","date_gmt":"2021-12-20T14:05:56","guid":{"rendered":"https:\/\/blogg.nord.no\/studenterssuksess\/?page_id=965"},"modified":"2021-12-21T15:28:32","modified_gmt":"2021-12-21T14:28:32","slug":"parallelle-sesjoner-4-tirsdag-10-desember-kl-13-14","status":"publish","type":"page","link":"https:\/\/site.nord.no\/studenterssuksess\/parallelle-sesjoner-4-tirsdag-10-desember-kl-13-14\/","title":{"rendered":"PARALLELLE SESJONER 4. TIRSDAG 10. DESEMBER KL. 13 \u2013 14"},"content":{"rendered":"<p><a href=\"https:\/\/site.nord.no\/studenterssuksess\/w8-hvordan-fa-pa-plass-gode-mentorordninger\/\">W8 \u2013 Hvordan f\u00e5 p\u00e5 plass gode mentorordninger?<\/a><br \/>\nSeminarrom A126<br \/>\nRagnhild Tungesvik, J\u00f8rund J\u00f8rgensen og Nataskja Lie<br \/>\nDiku \u2013 Direktoratet for internasjonalisering og kvalitetsutvikling i h\u00f8yere utdanning<\/p>\n<p><a href=\"https:\/\/site.nord.no\/studenterssuksess\/w3-shot-18-og-utviklingen-i-studenters-psykiske-helse-hvordan-kan-vi-forebygge\/\">W3 \u2013 SHoT 18 og utviklingen i studenters psykiske helse \u2013 hvordan kan vi forebygge?<\/a><br \/>\nSeminarrom A103<br \/>\nHege R\u00e5kil<br \/>\nStudentsamskipnadene p\u00e5 Vestlandet (Sammen)<\/p>\n<p><a href=\"https:\/\/site.nord.no\/studenterssuksess\/p4-kvant-kvalitet-i-utdanning-nt-fak-2019-2020\/\">P4 \u2013 KvaNT \u2013 Kvalitet i utdanning NT-fak. 2019-2020<\/a><br \/>\nAuditorium 7<br \/>\nHilja Lisa Huru<br \/>\nFakultet for naturvitenskap og teknologi ved UiT \u2013 Norges arktiske universitet<\/p>\n<p><a href=\"https:\/\/site.nord.no\/studenterssuksess\/p2-god-stemning-prosjektet-fellesskap-og-inkludering-blant-studenter-pa-gjovik\/\">P2 \u2013 \u00abGod Stemning\u00bb-prosjektet: Fellesskap og inkludering blant studenter p\u00e5 Gj\u00f8vik<\/a><br \/>\nAuditorium 7<br \/>\nIda Johnsen Ingebrigtsen og Thea Harnes Andr\u00e9<br \/>\nStudentsamskipnaden i Gj\u00f8vik, \u00c5lesund og Trondheim (Sit)<\/p>\n<p><a href=\"https:\/\/site.nord.no\/studenterssuksess\/p5-mentorering-i-grupper-pilotprosjekt-for-etablering-av-mentorordning-ved-matnat-uib\/\">P5 \u2013 Mentorering i grupper \u2013 pilotprosjekt for etablering av mentorordning ved MatNat, UiB<\/a><br \/>\nAuditorium 6<br \/>\nThomas Kalvik<br \/>\nDet matematisk-naturvitenskaplige fakultet, Universitetet i Bergen<\/p>\n<p><a href=\"https:\/\/site.nord.no\/studenterssuksess\/p6-mentorordningen-til-norges-fiskerihogskoles-tre-bachelorprogrammer-fra-a-til-a-hva-har-vi-gjort-og-hva-har-vi-laert\/\">P6 \u2013 Mentorordningen til Norges fiskerih\u00f8gskoles tre bachelorprogrammer fra A til \u00c5 \u2013 Hva har vi gjort og hva har vi l\u00e6rt?<\/a><br \/>\nAuditorium 6<br \/>\nTrine Holm Larsen<br \/>\nUiT \u2013 Norges arktiske universitet \/ Norges fiskerih\u00f8gskole (NFH)<\/p>\n","protected":false},"excerpt":{"rendered":"<p>W8 \u2013 Hvordan f\u00e5 p\u00e5 plass gode mentorordninger? Seminarrom A126 Ragnhild Tungesvik, J\u00f8rund J\u00f8rgensen og Nataskja Lie Diku \u2013 Direktoratet for internasjonalisering og kvalitetsutvikling i h\u00f8yere utdanning W3 \u2013 SHoT [&hellip;]<\/p>\n","protected":false},"author":75,"featured_media":0,"parent":0,"menu_order":0,"comment_status":"closed","ping_status":"closed","template":"","meta":{"footnotes":""},"coauthors":[3],"class_list":["post-965","page","type-page","status-publish","hentry"],"_links":{"self":[{"href":"https:\/\/site.nord.no\/studenterssuksess\/wp-json\/wp\/v2\/pages\/965","targetHints":{"allow":["GET"]}}],"collection":[{"href":"https:\/\/site.nord.no\/studenterssuksess\/wp-json\/wp\/v2\/pages"}],"about":[{"href":"https:\/\/site.nord.no\/studenterssuksess\/wp-json\/wp\/v2\/types\/page"}],"author":[{"embeddable":true,"href":"https:\/\/site.nord.no\/studenterssuksess\/wp-json\/wp\/v2\/users\/75"}],"replies":[{"embeddable":true,"href":"https:\/\/site.nord.no\/studenterssuksess\/wp-json\/wp\/v2\/comments?post=965"}],"version-history":[{"count":1,"href":"https:\/\/site.nord.no\/studenterssuksess\/wp-json\/wp\/v2\/pages\/965\/revisions"}],"predecessor-version":[{"id":973,"href":"https:\/\/site.nord.no\/studenterssuksess\/wp-json\/wp\/v2\/pages\/965\/revisions\/973"}],"wp:attachment":[{"href":"https:\/\/site.nord.no\/studenterssuksess\/wp-json\/wp\/v2\/media?parent=965"}],"wp:term":[{"taxonomy":"author","embeddable":true,"href":"https:\/\/site.nord.no\/studenterssuksess\/wp-json\/wp\/v2\/coauthors?post=965"}],"curies":[{"name":"wp","href":"https:\/\/api.w.org\/{rel}","templated":true}]}}