{"id":975,"date":"2021-12-20T15:26:10","date_gmt":"2021-12-20T14:26:10","guid":{"rendered":"https:\/\/blogg.nord.no\/studenterssuksess\/?page_id=975"},"modified":"2021-12-21T15:28:39","modified_gmt":"2021-12-21T14:28:39","slug":"parallelle-sesjoner-5-tirsdag-10-desember-kl-14-15-15-15","status":"publish","type":"page","link":"https:\/\/site.nord.no\/studenterssuksess\/parallelle-sesjoner-5-tirsdag-10-desember-kl-14-15-15-15\/","title":{"rendered":"PARALLELLE SESJONER 5. TIRSDAG 10. DESEMBER KL. 14.15 \u2013 15.15"},"content":{"rendered":"<p><a href=\"https:\/\/site.nord.no\/studenterssuksess\/w10-mentorering-i-grupper-hvordan-gjor-vi-det\/\">W10 \u2013 Mentorering i grupper \u2013 Hvordan gj\u00f8r vi det?<\/a><br \/>\nSeminarrom A126<br \/>\nThomas V. Kalvik (UiB) og Trine H. Larsen (UiT)<br \/>\nUniversitetet i Bergen og Universitetet i Troms\u00f8 \u2013 Norges arktiske universitet<\/p>\n<p><a href=\"https:\/\/site.nord.no\/studenterssuksess\/w7-utfordringer-med-a-endre-mottaket-av-nye-studenter-pa-programnivaet\/\">W7 \u2013 Utfordringer med \u00e5 endre mottaket av nye studenter p\u00e5 programniv\u00e5et<\/a><br \/>\nSeminarrom A103<br \/>\nMax Gythfeldt, Karin Berner og Per Einar S\u00e6bbe<br \/>\nUniversitetet i S\u00f8r\u00f8st-Norge og Universitetet i Stavanger<\/p>\n<p><a href=\"https:\/\/site.nord.no\/studenterssuksess\/p12-bruk-av-studenter-til-utforming-av-nye-laeringsformer\/\">P12 \u2013 Bruk av studenter til utforming av nye l\u00e6ringsformer<\/a><br \/>\nAuditorium 7<br \/>\nKristine Lysnes<br \/>\nDet Matematisk-Naturvitenskapelige Fakultet, Universitetet i Bergen<\/p>\n<p><a href=\"https:\/\/site.nord.no\/studenterssuksess\/p14-hva-er-mentorens-rolle-egentlig\/\">P14 \u2013 Hva er mentorens rolle egentlig?<\/a><br \/>\nAuditorium 7<br \/>\nHarald \u00c5ge S\u00e6thre<br \/>\nDet matematisk-naturvitenskapelige fakultet, Universitetet i Bergen<\/p>\n<p><a href=\"https:\/\/site.nord.no\/studenterssuksess\/p1-hvordan-inkluderende-praksis-kan-fremme-studenters-suksess\/\">P1 \u2013 Hvordan inkluderende praksis kan fremme studenters suksess<\/a><br \/>\nAuditorium 6<br \/>\nBj\u00f8rnar Kvernevik<br \/>\nUniversell<\/p>\n<p><a href=\"https:\/\/site.nord.no\/studenterssuksess\/p10-studentaktive-laeringsformer-og-trivsel-erfaringer-fra-et-innovasjonskurs\/\">P10 \u2013 Studentaktive l\u00e6ringsformer og trivsel \u2013 erfaringer fra et innovasjonskurs<\/a><br \/>\nAuditorium 6<br \/>\nBj\u00f8rg Riibe Ramskjell og Marianne Arntzen-Nordqvist<br \/>\nEngagesenteret, Handelsh\u00f8gskolen, Nord Universitet<\/p>\n","protected":false},"excerpt":{"rendered":"<p>W10 \u2013 Mentorering i grupper \u2013 Hvordan gj\u00f8r vi det? Seminarrom A126 Thomas V. Kalvik (UiB) og Trine H. Larsen (UiT) Universitetet i Bergen og Universitetet i Troms\u00f8 \u2013 Norges [&hellip;]<\/p>\n","protected":false},"author":75,"featured_media":0,"parent":0,"menu_order":0,"comment_status":"closed","ping_status":"closed","template":"","meta":{"footnotes":""},"coauthors":[3],"class_list":["post-975","page","type-page","status-publish","hentry"],"_links":{"self":[{"href":"https:\/\/site.nord.no\/studenterssuksess\/wp-json\/wp\/v2\/pages\/975","targetHints":{"allow":["GET"]}}],"collection":[{"href":"https:\/\/site.nord.no\/studenterssuksess\/wp-json\/wp\/v2\/pages"}],"about":[{"href":"https:\/\/site.nord.no\/studenterssuksess\/wp-json\/wp\/v2\/types\/page"}],"author":[{"embeddable":true,"href":"https:\/\/site.nord.no\/studenterssuksess\/wp-json\/wp\/v2\/users\/75"}],"replies":[{"embeddable":true,"href":"https:\/\/site.nord.no\/studenterssuksess\/wp-json\/wp\/v2\/comments?post=975"}],"version-history":[{"count":2,"href":"https:\/\/site.nord.no\/studenterssuksess\/wp-json\/wp\/v2\/pages\/975\/revisions"}],"predecessor-version":[{"id":984,"href":"https:\/\/site.nord.no\/studenterssuksess\/wp-json\/wp\/v2\/pages\/975\/revisions\/984"}],"wp:attachment":[{"href":"https:\/\/site.nord.no\/studenterssuksess\/wp-json\/wp\/v2\/media?parent=975"}],"wp:term":[{"taxonomy":"author","embeddable":true,"href":"https:\/\/site.nord.no\/studenterssuksess\/wp-json\/wp\/v2\/coauthors?post=975"}],"curies":[{"name":"wp","href":"https:\/\/api.w.org\/{rel}","templated":true}]}}