{"id":998,"date":"2021-12-20T16:06:03","date_gmt":"2021-12-20T15:06:03","guid":{"rendered":"https:\/\/blogg.nord.no\/studenterssuksess\/?page_id=998"},"modified":"2021-12-22T12:17:45","modified_gmt":"2021-12-22T11:17:45","slug":"oversikt-over-alle-abstrakter","status":"publish","type":"page","link":"https:\/\/site.nord.no\/studenterssuksess\/oversikt-over-alle-abstrakter\/","title":{"rendered":"Oversikt over alle abstrakter"},"content":{"rendered":"<p><a href=\"https:\/\/site.nord.no\/studenterssuksess\/keynote-a-involvere-studenter-er-vinn-vinn-for-alle\/\">Keynote \u2013 \u00c5 involvere studenter er vinn-vinn for alle v\/ Leif Bryngfors<\/a><br \/>\n<a href=\"https:\/\/site.nord.no\/studenterssuksess\/keynote-vi-er-studenter-og-en-sentral-del-av-laget\/\">Keynote \u2013 Vi er studenter og en sentral del av laget! v\/ Marte \u00d8ien<\/a><br \/>\n<a href=\"https:\/\/site.nord.no\/studenterssuksess\/a-tilrettelegge-for-at-studentene-skal-lykkes-en-innforing-i-stigemodellen\/\">Pre-konferanse sesjon 1: \u00c5 tilrettelegge for at studentene skal lykkes \u2013 en innf\u00f8ring i stigemodellen<\/a><br \/>\n<a href=\"https:\/\/site.nord.no\/studenterssuksess\/fullforing-og-frafall-hva-sier-statistikken\/\">Pre-konferanse sesjon 2: Fullf\u00f8ring og frafall \u2013 Hva sier statitikken?<\/a><br \/>\n<a href=\"https:\/\/site.nord.no\/studenterssuksess\/om-prosjektet-kompetansedeling-for-studenters-suksess-i-hoyere-utdanning\/\">Pre-konferanse sesjon 3: Om prosjektet kompetansedeling for studenters suksess i h\u00f8yere utdanning<\/a><br \/>\n<a href=\"https:\/\/site.nord.no\/studenterssuksess\/p1-hvordan-inkluderende-praksis-kan-fremme-studenters-suksess\/\">P1 \u2013 Hvordan inkluderende praksis kan fremme studenters suksess<\/a><br \/>\n<a href=\"https:\/\/site.nord.no\/studenterssuksess\/p2-god-stemning-prosjektet-fellesskap-og-inkludering-blant-studenter-pa-gjovik\/\">P2 \u2013 \u00abGod Stemning\u00bb-prosjektet: Fellesskap og inkludering blant studenter p\u00e5 Gj\u00f8vik<\/a><br \/>\n<a href=\"https:\/\/site.nord.no\/studenterssuksess\/p3-mentorit-en-student-til-student-mentorordning-for-informatikkstudenter\/\">P3 \u2013 MentorIT \u2013 En student-til-student-mentorordning for informatikkstudenter<\/a><br \/>\n<a href=\"https:\/\/site.nord.no\/studenterssuksess\/p4-kvant-kvalitet-i-utdanning-nt-fak-2019-2020\/\">P4 \u2013 KvaNT \u2013 Kvalitet i utdanning NT-fak. 2019-2020<\/a><br \/>\n<a href=\"https:\/\/site.nord.no\/studenterssuksess\/p5-mentorering-i-grupper-pilotprosjekt-for-etablering-av-mentorordning-ved-matnat-uib\/\">P5 \u2013 Mentorering i grupper \u2013 pilotprosjekt for etablering av mentorordning ved MatNat<\/a><br \/>\n<a href=\"https:\/\/site.nord.no\/studenterssuksess\/p6-mentorordningen-til-norges-fiskerihogskoles-tre-bachelorprogrammer-fra-a-til-a-hva-har-vi-gjort-og-hva-har-vi-laert\/\">P6 \u2013 Mentorordningen til Norges fiskerih\u00f8gskoles tre bachelorprogrammer fra A til \u00c5 \u2013 Hva har vi gjort og hva har vi l\u00e6rt?<\/a><br \/>\n<a href=\"https:\/\/site.nord.no\/studenterssuksess\/p7-betydningen-for-malbevissthet-og-sosial-tilhorighet-for-frafall-i-hoyere-utdanning\/\">P7 \u2013 Betydningen for m\u00e5lbevissthet og sosial tilh\u00f8righet for frafall i h\u00f8yere utdanning<\/a><br \/>\n<a href=\"https:\/\/site.nord.no\/studenterssuksess\/p8-studiestart-hvilke-faktorer-er-viktige-for-suksess-i-hoyere-utdanning\/\">P8 \u2013 Studiestart: Hvilke faktorer er viktige for suksess i h\u00f8yere utdanning?<\/a><br \/>\n<a href=\"https:\/\/site.nord.no\/studenterssuksess\/p9-en-studie-av-forhold-som-kan-ha-innvirkning-pa-studenters-gjennomforing-av-hoyere-utdanning\/\">P9 \u2013 En studie av forhold som kan ha innvirkning p\u00e5 studenters gjennomf\u00f8ring av h\u00f8yere utdanning<\/a><br \/>\n<a href=\"https:\/\/site.nord.no\/studenterssuksess\/p10-studentaktive-laeringsformer-og-trivsel-erfaringer-fra-et-innovasjonskurs\/\">P10 \u2013 Studentaktive l\u00e6ringsformer og trivsel \u2013 erfaringer fra et innovasjonskurs<\/a><br \/>\n<a href=\"https:\/\/site.nord.no\/studenterssuksess\/p11-studenter-med-norsk-som-andresprak-veien-til-inkludering-bruk-av-studentmentorer-sprakmakkere\/\">P11 \u2013 Studenter med norsk som andrespr\u00e5k: Veien til inkludering; bruk av studentmentorer\/spr\u00e5kmakkere?<\/a><br \/>\n<a href=\"https:\/\/site.nord.no\/studenterssuksess\/p12-bruk-av-studenter-til-utforming-av-nye-laeringsformer\/\">P12 \u2013 Bruk av studenter til utforming av nye l\u00e6ringsformer<\/a><br \/>\n<a href=\"https:\/\/site.nord.no\/studenterssuksess\/p13-fra-soker-til-student-hvor-mange-mister-vi-pa-veien\/\">P13 \u2013 Fra s\u00f8ker til student \u2013 hvor mange mister vi p\u00e5 veien?<\/a><br \/>\n<a href=\"https:\/\/site.nord.no\/studenterssuksess\/p14-hva-er-mentorens-rolle-egentlig\/\">P14 \u2013 Hva er mentorens rolle egentlig?<\/a><br \/>\n<a href=\"https:\/\/site.nord.no\/studenterssuksess\/st1-og-po1-prosjekt-fyse-en-mentorordning-for-forstearsstudenter\/\">ST1 og Po1 \u2013 Prosjekt FYSE: En mentorordning for f\u00f8rste\u00e5rsstudenter<\/a><br \/>\n<a href=\"https:\/\/site.nord.no\/studenterssuksess\/st2-og-po2-hvordan-informatikk-studenter-lykkes\/\">ST2 og Po2 \u2013 Hvordan informatikk studenter lykkes<\/a><br \/>\n<a href=\"https:\/\/site.nord.no\/studenterssuksess\/st3-mentorordning-ei-kjelde-til-korleis-studieprogram-kan-forbetre-seg\/\">ST3 og Po3 \u2013 Mentorordning \u2013 ei kjelde til korleis studieprogram kan forbetre seg?<\/a><br \/>\n<a href=\"https:\/\/site.nord.no\/studenterssuksess\/st4-og-po4-det-forste-studiearet-hva-er-utfordringene-som-kan-motes-av-en-mentorordning\/\">ST4 og Po4 \u2013 Det f\u00f8rste studie\u00e5ret \u2013 Hva er utfordringene som kan m\u00f8tes av en mentorordning<\/a><br \/>\n<a href=\"https:\/\/site.nord.no\/studenterssuksess\/w1-fadderukene-hvordan-fa-til-et-godt-samarbeid-for-a-sikre-gode-rusforebyggende-og-inkluderende-miljo\/\">W1 \u2013 Fadderukene \u2013 Hvordan f\u00e5 til et godt samarbeid for \u00e5 sikre gode rusforebyggende og inkluderende milj\u00f8?<\/a><br \/>\n<a href=\"https:\/\/site.nord.no\/studenterssuksess\/w3-shot-18-og-utviklingen-i-studenters-psykiske-helse-hvordan-kan-vi-forebygge\/\">W3 \u2013 SHoT 18 og utviklingen i studenters psykiske helse \u2013 hvordan kan vi forebygge?<\/a><br \/>\n<a href=\"https:\/\/site.nord.no\/studenterssuksess\/w4-kjaert-barn-ma-ha-god-opplaering\/\">W4 \u2013 Kj\u00e6rt barn m\u00e5 ha god oppl\u00e6ring<\/a><br \/>\n<a href=\"https:\/\/site.nord.no\/studenterssuksess\/w5-mentordning-fra-spredte-piloter-til-fullskala-satsing\/\">W5 \u2013 Mentordning \u2013 fra spredte piloter til fullskala satsing<\/a><br \/>\n<a href=\"https:\/\/site.nord.no\/studenterssuksess\/w6-studentassistanse-i-grunnkurs-fordeler-og-ulemper-ved-gruppeundervisning\/\">W6 \u2013 Studentassistanse i grunnkurs \u2013 Fordeler og ulemper ved gruppeundervisning<\/a><br \/>\n<a href=\"https:\/\/site.nord.no\/studenterssuksess\/w7-utfordringer-med-a-endre-mottaket-av-nye-studenter-pa-programnivaet\/\">W7 \u2013 Utfordringer med \u00e5 endre mottaket av nye studenter p\u00e5 programniv\u00e5et<\/a><br \/>\n<a href=\"https:\/\/site.nord.no\/studenterssuksess\/w8-hvordan-fa-pa-plass-gode-mentorordninger\/\">W8 \u2013 Hvordan f\u00e5 p\u00e5 plass gode mentorordninger?<\/a><br \/>\n<a href=\"https:\/\/site.nord.no\/studenterssuksess\/w9-rekruttering-av-studentmentorer\/\">W9 \u2013 Rekruttering av studentmentorer<\/a><br \/>\n<a href=\"https:\/\/site.nord.no\/studenterssuksess\/w10-mentorering-i-grupper-hvordan-gjor-vi-det\/\">W10 \u2013 Mentorering i grupper \u2013 Hvordan gj\u00f8r vi det?<\/a><br \/>\n<a href=\"https:\/\/site.nord.no\/studenterssuksess\/w11-vi-ma-gjore-noe-med-frafallet\/\">W11 \u2013 Vi m\u00e5 gj\u00f8re noe med frafallet<\/a><br \/>\n<a href=\"https:\/\/site.nord.no\/studenterssuksess\/w12-valle-og-stromsnes-setter-studenten-forst-og-fremst\/\">W12 \u2013 Valle og Str\u00f8msnes setter studenten f\u00f8rst og fremst<\/a><br \/>\n<a href=\"https:\/\/site.nord.no\/studenterssuksess\/w13-generasjon-perfekt\/\">W13 \u2013 Akkurat n\u00e5: Generasjon perfekt<\/a><br \/>\n<a href=\"https:\/\/site.nord.no\/studenterssuksess\/w14-ensomhet\/\">W14 \u2013 Akkurat n\u00e5: Ensomhet<\/a><br \/>\n<a href=\"https:\/\/site.nord.no\/studenterssuksess\/w15-supplemental-instruction-veiledning-i-regi-av-studentene-selv\/\">W15 \u2013 Supplemental Instruction \u2013 veiledning i regi av studentene selv<\/a><br \/>\n<a href=\"https:\/\/site.nord.no\/studenterssuksess\/w16-er-studentdemokratiet-en-nodvendig-partner\/\">W16 \u2013 Akkurat n\u00e5: Er studentdemokratiet en n\u00f8dvendig partner?<\/a><\/p>\n","protected":false},"excerpt":{"rendered":"<p>Keynote \u2013 \u00c5 involvere studenter er vinn-vinn for alle v\/ Leif Bryngfors Keynote \u2013 Vi er studenter og en sentral del av laget! v\/ Marte \u00d8ien Pre-konferanse sesjon 1: \u00c5 [&hellip;]<\/p>\n","protected":false},"author":75,"featured_media":0,"parent":0,"menu_order":0,"comment_status":"closed","ping_status":"closed","template":"","meta":{"footnotes":""},"coauthors":[3],"class_list":["post-998","page","type-page","status-publish","hentry"],"_links":{"self":[{"href":"https:\/\/site.nord.no\/studenterssuksess\/wp-json\/wp\/v2\/pages\/998","targetHints":{"allow":["GET"]}}],"collection":[{"href":"https:\/\/site.nord.no\/studenterssuksess\/wp-json\/wp\/v2\/pages"}],"about":[{"href":"https:\/\/site.nord.no\/studenterssuksess\/wp-json\/wp\/v2\/types\/page"}],"author":[{"embeddable":true,"href":"https:\/\/site.nord.no\/studenterssuksess\/wp-json\/wp\/v2\/users\/75"}],"replies":[{"embeddable":true,"href":"https:\/\/site.nord.no\/studenterssuksess\/wp-json\/wp\/v2\/comments?post=998"}],"version-history":[{"count":3,"href":"https:\/\/site.nord.no\/studenterssuksess\/wp-json\/wp\/v2\/pages\/998\/revisions"}],"predecessor-version":[{"id":1113,"href":"https:\/\/site.nord.no\/studenterssuksess\/wp-json\/wp\/v2\/pages\/998\/revisions\/1113"}],"wp:attachment":[{"href":"https:\/\/site.nord.no\/studenterssuksess\/wp-json\/wp\/v2\/media?parent=998"}],"wp:term":[{"taxonomy":"author","embeddable":true,"href":"https:\/\/site.nord.no\/studenterssuksess\/wp-json\/wp\/v2\/coauthors?post=998"}],"curies":[{"name":"wp","href":"https:\/\/api.w.org\/{rel}","templated":true}]}}