{"id":1604,"date":"2022-11-22T12:25:57","date_gmt":"2022-11-22T11:25:57","guid":{"rendered":"https:\/\/site.nord.no\/studorg\/?page_id=1604"},"modified":"2026-02-09T14:16:29","modified_gmt":"2026-02-09T13:16:29","slug":"for-engasjerte","status":"publish","type":"page","link":"https:\/\/site.nord.no\/studorg\/sob\/for-engasjerte\/","title":{"rendered":"For engasjerte"},"content":{"rendered":"\n<p>S\u00f8k om \u00f8konomisk st\u00f8tte:<\/p>\n\n\n\n<div class=\"wp-block-buttons is-layout-flex wp-block-buttons-is-layout-flex\">\n<div class=\"wp-block-button\"><a class=\"wp-block-button__link wp-element-button\" href=\"https:\/\/forms.gle\/b7j9ESPLHw2ufckz6\" target=\"_blank\" rel=\"noreferrer noopener\"><strong>Klikk her for \u00e5 s\u00f8ke om \u00f8konomisk st\u00f8tte<\/strong><\/a><\/div>\n<\/div>\n\n\n\n<p>S\u00f8k om midler fra st\u00f8tteordningen: <\/p>\n\n\n\n<div class=\"wp-block-buttons is-layout-flex wp-block-buttons-is-layout-flex\">\n<div class=\"wp-block-button\"><a class=\"wp-block-button__link wp-element-button\" href=\"https:\/\/forms.gle\/Lkowiftuk5TfEgidA\"><strong>Klikk her for \u00e5 s\u00f8ke<\/strong> <strong>midler<\/strong><\/a><\/div>\n<\/div>\n\n\n\n<p>Innlogging SOB-mail:<\/p>\n\n\n\n<div class=\"wp-block-buttons is-layout-flex wp-block-buttons-is-layout-flex\">\n<div class=\"wp-block-button\"><a class=\"wp-block-button__link wp-element-button\" href=\"https:\/\/webmail.proisp.no\/rc\/?_task=logout&amp;_token=pqbfd0fr3nFlZJklmAKTaTZ52g3LStDf\"><strong>Trykk her for \u00e5 logge inn p\u00e5 din SOB-mail<\/strong><\/a><\/div>\n<\/div>\n\n\n\n<div style=\"height:100px\" aria-hidden=\"true\" class=\"wp-block-spacer\"><\/div>\n\n\n\n<details class=\"wp-block-details is-layout-flow wp-block-details-is-layout-flow\"><summary>Usikker p\u00e5 innlogging \/ passord?  Ta kontakt med: leder.sob@so.nord.no<\/summary>\n<p><\/p>\n<\/details>\n\n\n\n<p><\/p>\n","protected":false},"excerpt":{"rendered":"<p>S\u00f8k om \u00f8konomisk st\u00f8tte: S\u00f8k om midler fra st\u00f8tteordningen: Innlogging SOB-mail:<\/p>\n","protected":false},"author":124,"featured_media":0,"parent":215,"menu_order":0,"comment_status":"closed","ping_status":"closed","template":"","meta":{"footnotes":""},"coauthors":[22],"class_list":["post-1604","page","type-page","status-publish","hentry"],"_links":{"self":[{"href":"https:\/\/site.nord.no\/studorg\/wp-json\/wp\/v2\/pages\/1604","targetHints":{"allow":["GET"]}}],"collection":[{"href":"https:\/\/site.nord.no\/studorg\/wp-json\/wp\/v2\/pages"}],"about":[{"href":"https:\/\/site.nord.no\/studorg\/wp-json\/wp\/v2\/types\/page"}],"author":[{"embeddable":true,"href":"https:\/\/site.nord.no\/studorg\/wp-json\/wp\/v2\/users\/124"}],"replies":[{"embeddable":true,"href":"https:\/\/site.nord.no\/studorg\/wp-json\/wp\/v2\/comments?post=1604"}],"version-history":[{"count":10,"href":"https:\/\/site.nord.no\/studorg\/wp-json\/wp\/v2\/pages\/1604\/revisions"}],"predecessor-version":[{"id":5082,"href":"https:\/\/site.nord.no\/studorg\/wp-json\/wp\/v2\/pages\/1604\/revisions\/5082"}],"up":[{"embeddable":true,"href":"https:\/\/site.nord.no\/studorg\/wp-json\/wp\/v2\/pages\/215"}],"wp:attachment":[{"href":"https:\/\/site.nord.no\/studorg\/wp-json\/wp\/v2\/media?parent=1604"}],"wp:term":[{"taxonomy":"author","embeddable":true,"href":"https:\/\/site.nord.no\/studorg\/wp-json\/wp\/v2\/coauthors?post=1604"}],"curies":[{"name":"wp","href":"https:\/\/api.w.org\/{rel}","templated":true}]}}