{"id":1606,"date":"2022-11-22T12:26:25","date_gmt":"2022-11-22T11:26:25","guid":{"rendered":"https:\/\/site.nord.no\/studorg\/?page_id=1606"},"modified":"2025-01-20T14:45:13","modified_gmt":"2025-01-20T13:45:13","slug":"engasjer-deg","status":"publish","type":"page","link":"https:\/\/site.nord.no\/studorg\/sob\/engasjer-deg\/","title":{"rendered":"Engasjer deg!"},"content":{"rendered":"\t\t<div data-elementor-type=\"wp-page\" data-elementor-id=\"1606\" class=\"elementor elementor-1606\" data-elementor-post-type=\"page\">\n\t\t\t\t<div class=\"elementor-element elementor-element-572cd31d e-flex e-con-boxed e-con e-parent\" data-id=\"572cd31d\" data-element_type=\"container\" data-e-type=\"container\">\n\t\t\t\t\t<div class=\"e-con-inner\">\n\t\t\t\t<div class=\"elementor-element elementor-element-72f8723 elementor-widget elementor-widget-text-editor\" data-id=\"72f8723\" data-element_type=\"widget\" data-e-type=\"widget\" data-widget_type=\"text-editor.default\">\n\t\t\t\t<div class=\"elementor-widget-container\">\n\t\t\t\t\t\t\t\t\t<p><\/p>\n<h2 class=\"wp-block-heading has-black-color has-text-color\">Fakultetsforeningene<\/h2>\n<p><\/p>\n<p class=\"has-black-color has-text-color\">Hvert fakultet har sin egen studentforening. Fakultetsforeningene arrangerer blant annet mye av det faglige og sosiale som skjer utenfor ordin\u00e6r undervisning, samtidig som de arbeider for at du som student skal trives p\u00e5 ditt fakultet. Fakultetsforeningene har stemmerett i studenttinget og \u00e5rsm\u00f8tet til Studentorganisasjonen i Bod\u00f8, og er derfor det f\u00f8rste leddet for en vanlig student for \u00e5 engasjere seg i studentdemokratiet.<\/p>\n<p><\/p>\n<p class=\"has-black-color has-text-color\">Finn din fakultetsforening i listen under:<\/p>\n<p><\/p>\n<figure class=\"wp-block-table\">\n<table class=\"has-black-color has-text-color\">\n<tbody>\n<tr>\n<td><a href=\"https:\/\/www.facebook.com\/eurekastudent\">Eureka Studentforening<\/a><\/td>\n<td>Fakultet for l\u00e6rerutdanning og kunst- og kulturfag (FLU)<\/td>\n<\/tr>\n<tr>\n<td><a href=\"https:\/\/www.facebook.com\/HHS-Handelsh%c3%b8gskolens-Studentforening-Nord-323041161067770\">HHS \u2013 Handelsh\u00f8gskolens Studentforening Nord<\/a><\/td>\n<td>Handelsh\u00f8gskolen (HHN)<\/td>\n<\/tr>\n<tr>\n<td><a href=\"https:\/\/www.facebook.com\/nugla\">Nugla<\/a><\/td>\n<td>Fakultet for biologi og akvakultur (FBA)<\/td>\n<\/tr>\n<tr>\n<td><a href=\"https:\/\/www.facebook.com\/Inter.Norduniversitet\">Studentforeningen Inter<\/a><\/td>\n<td>Fakultet for samfunnsvitenskap (FSV)<\/td>\n<\/tr>\n<tr>\n<td><a href=\"https:\/\/www.facebook.com\/studentforeningen.puls\">Studentforeningen Puls<\/a><\/td>\n<td>Fakultet for sykepleie og helsevitenskap (FSH)<\/td>\n<\/tr>\n<\/tbody>\n<\/table>\n<\/figure>\n<p><\/p>\n<hr class=\"wp-block-separator has-alpha-channel-opacity\">\n<p><\/p>\n<h2 class=\"wp-block-heading has-black-color has-text-color\">Tilknyttede organisasjoner<\/h2>\n<p><\/p>\n<p class=\"has-black-color has-text-color\">Studentorganisasjonen i Bod\u00f8 har flere tilknyttede organisasjoner. Som tilknyttet organisasjon, f\u00e5r man mulighet til \u00e5 st\u00e5 ubegrenset p\u00e5 stand, man f\u00e5r tilgang til organisasjonen sitt styrekontor, SAGA, og man f\u00e5r muligheten til \u00e5 s\u00f8ke om \u00f8konomisk st\u00f8tte. I tillegg vil man kunne motta \u00f8konomisk st\u00f8tte gjennom studentsosiale midler en gang i halv\u00e5ret hvis man har hatt nok aktivitet.<\/p>\n<p><\/p>\n<p class=\"has-black-color has-text-color\">I tabellen under ser du hvilke organisasjoner som er tilknyttet Studentorganisasjonen i Bod\u00f8. Det ligger ogs\u00e5 en kort beskrivelse p\u00e5 hva organisasjonen driver med, og hvorvidt de er aktive eller ikke.<\/p>\n<p><\/p>\n<p class=\"has-black-color has-text-color\">\u00d8nsker du \u00e5 starte opp en av de organisasjonene som er inaktive? <a href=\"https:\/\/site.nord.no\/studorg\/sob\/kontakt-oss\/\" target=\"_blank\" rel=\"noreferrer noopener\" data-type=\"URL\" data-id=\"https:\/\/site.nord.no\/studorg\/sob\/styret\/\">Ta kontakt<\/a> med oss da vel!<\/p>\n<p><\/p>\n<figure class=\"wp-block-table\">\n<table class=\"has-black-color has-text-color\">\n<tbody>\n<tr>\n<td><a href=\"https:\/\/www.facebook.com\/amnestybodo\">Amnesty student Bod\u00f8<\/a><\/td>\n<td>Amnesty sitt studentlag i Bod\u00f8<\/td>\n<td>Aktiv<\/td>\n<\/tr>\n<tr>\n<td>Biegga<\/td>\n<td>En gruppe for studenter med samisk tilknytning<\/td>\n<td>Inaktiv<\/td>\n<\/tr>\n<tr>\n<td><a href=\"https:\/\/www.facebook.com\/groups\/773210332840736\">BoardGames i Nord<\/a><\/td>\n<td>Brettspillklubb for studenter i Bod\u00f8<\/td>\n<td>Inaktiv<\/td>\n<\/tr>\n<tr>\n<td><a href=\"https:\/\/www.facebook.com\/BodoStudentbryggeri\">Bod\u00f8 studentbryggeri<\/a><\/td>\n<td>Eget bryggeri for studenter i Bod\u00f8 som holder til p\u00e5 i universitet<\/td>\n<td>Aktiv<\/td>\n<\/tr>\n<tr>\n<td>Boot<\/td>\n<td>&nbsp;<\/td>\n<td>Inaktiv<\/td>\n<\/tr>\n<tr>\n<td>Casus Belli<\/td>\n<td>Tenketank for internasjonal politikk<\/td>\n<td>Inaktiv<\/td>\n<\/tr>\n<tr>\n<td><a href=\"https:\/\/www.facebook.com\/profile.php?id=100077484643664\">Fenris Nord<\/a><\/td>\n<td>En studentgruppe som arrangerer spillturneringer og sosiale treff for gaminginteresserte<\/td>\n<td>Inaktiv<\/td>\n<\/tr>\n<tr>\n<td><a href=\"https:\/\/www.facebook.com\/profile.php?id=100071207042323\">FN-studentene i Nordland<\/a><\/td>\n<td>FN sitt studentlag i Bod\u00f8<\/td>\n<td>Aktiv<\/td>\n<\/tr>\n<tr>\n<td><a href=\"https:\/\/www.facebook.com\/FOstudenteneNordland\">FO-studentene i Nordland<\/a><\/td>\n<td>FO sitt studentlag i Bod\u00f8<\/td>\n<td>Aktiv<\/td>\n<\/tr>\n<tr>\n<td><a href=\"https:\/\/www.facebook.com\/MannskoriNord\">Mannskor i Nord<\/a><\/td>\n<td>Et mannskor for studenter i Bod\u00f8<\/td>\n<td>Inaktiv<\/td>\n<\/tr>\n<tr>\n<td><a href=\"https:\/\/www.facebook.com\/QueerWall\">Queerwall<\/a><\/td>\n<td>Studentgruppe med fokus p\u00e5 nettverk for skeive og undrende studenter i Bod\u00f8<\/td>\n<td>Inaktiv<\/td>\n<\/tr>\n<tr>\n<td><a href=\"https:\/\/www.facebook.com\/saihbodo\">SAIH Bod\u00f8<\/a><\/td>\n<td>Studentene og akademikernes sitt hjelpefonds studentlag i Bod\u00f8<\/td>\n<td>Aktiv<\/td>\n<\/tr>\n<tr>\n<td>Sing &amp; Dance<\/td>\n<td>En gruppe for sang- og danseinteresserte studenter i Bod\u00f8<\/td>\n<td>Inaktiv<\/td>\n<\/tr>\n<tr>\n<td><a href=\"https:\/\/www.facebook.com\/sparknord\">Spark Nord<\/a><\/td>\n<td>En gratis veiledningstjeneste av og for alle studenter p\u00e5 Nord Universitet med en forretningsid\u00e9.<\/td>\n<td>Aktiv<\/td>\n<\/tr>\n<tr>\n<td><a href=\"https:\/\/www.facebook.com\/StartNordU\">Start Nord<\/a><\/td>\n<td>En studentorganisasjon som jobber med innovasjon, nyskapning og entrepren\u00f8rskap ved Nord universitet.<\/td>\n<td>Inaktiv<\/td>\n<\/tr>\n<tr>\n<td><a href=\"https:\/\/www.facebook.com\/stormfriluftsforening\">Storm friluftsforening<\/a><\/td>\n<td>Tur- og friluftsforening ved Nord Universitet Bod\u00f8 som \u00f8nsker \u00e5 skape en plattform for friluftsinteresserte studenter<\/td>\n<td>Inaktiv<\/td>\n<\/tr>\n<tr>\n<td><a href=\"https:\/\/www.facebook.com\/profile.php?id=100080218527059\">YATA Bod\u00f8<\/a><\/td>\n<td>YATA er et nettverk for unge med interesse for utenriks-, forsvars- og sikkerhetspolitikk.<\/td>\n<td>Aktiv<\/td>\n<\/tr>\n<tr>\n<td>WSH<\/td>\n<td>Nettverksorganisasjon med fokus p\u00e5 \u00e5 forbedre milj\u00f8et<\/td>\n<td>Inaktiv<\/td>\n<\/tr>\n<\/tbody>\n<\/table>\n<\/figure>\n<p><\/p>\t\t\t\t\t\t\t\t<\/div>\n\t\t\t\t<\/div>\n\t\t\t\t\t<\/div>\n\t\t\t\t<\/div>\n\t\t<div class=\"elementor-element elementor-element-91a7b57 e-grid e-con-boxed e-con e-parent\" data-id=\"91a7b57\" data-element_type=\"container\" data-e-type=\"container\">\n\t\t\t\t\t<div class=\"e-con-inner\">\n\t\t\t\t\t<\/div>\n\t\t\t\t<\/div>\n\t\t\t\t<\/div>\n\t\t","protected":false},"excerpt":{"rendered":"<p>Fakultetsforeningene Hvert fakultet har sin egen studentforening. Fakultetsforeningene arrangerer blant annet mye av det faglige og sosiale som skjer utenfor ordin\u00e6r undervisning, samtidig som de arbeider for at du som student skal trives p\u00e5 ditt fakultet. Fakultetsforeningene har stemmerett i studenttinget og \u00e5rsm\u00f8tet til Studentorganisasjonen i Bod\u00f8, og er derfor det f\u00f8rste leddet for en [&hellip;]<\/p>\n","protected":false},"author":124,"featured_media":0,"parent":215,"menu_order":0,"comment_status":"closed","ping_status":"closed","template":"","meta":{"footnotes":""},"coauthors":[22],"class_list":["post-1606","page","type-page","status-publish","hentry"],"_links":{"self":[{"href":"https:\/\/site.nord.no\/studorg\/wp-json\/wp\/v2\/pages\/1606","targetHints":{"allow":["GET"]}}],"collection":[{"href":"https:\/\/site.nord.no\/studorg\/wp-json\/wp\/v2\/pages"}],"about":[{"href":"https:\/\/site.nord.no\/studorg\/wp-json\/wp\/v2\/types\/page"}],"author":[{"embeddable":true,"href":"https:\/\/site.nord.no\/studorg\/wp-json\/wp\/v2\/users\/124"}],"replies":[{"embeddable":true,"href":"https:\/\/site.nord.no\/studorg\/wp-json\/wp\/v2\/comments?post=1606"}],"version-history":[{"count":65,"href":"https:\/\/site.nord.no\/studorg\/wp-json\/wp\/v2\/pages\/1606\/revisions"}],"predecessor-version":[{"id":4475,"href":"https:\/\/site.nord.no\/studorg\/wp-json\/wp\/v2\/pages\/1606\/revisions\/4475"}],"up":[{"embeddable":true,"href":"https:\/\/site.nord.no\/studorg\/wp-json\/wp\/v2\/pages\/215"}],"wp:attachment":[{"href":"https:\/\/site.nord.no\/studorg\/wp-json\/wp\/v2\/media?parent=1606"}],"wp:term":[{"taxonomy":"author","embeddable":true,"href":"https:\/\/site.nord.no\/studorg\/wp-json\/wp\/v2\/coauthors?post=1606"}],"curies":[{"name":"wp","href":"https:\/\/api.w.org\/{rel}","templated":true}]}}